{"id":426,"date":"2010-07-04T18:31:14","date_gmt":"2010-07-04T22:31:14","guid":{"rendered":"http:\/\/seelearningcenter.pt\/"},"modified":"2010-09-17T19:18:53","modified_gmt":"2010-09-17T23:18:53","slug":"universidade-de-reading","status":"publish","type":"page","link":"https:\/\/seelearningcenter.pt\/pt-pt\/see-cursos-no-estrangeiro\/reino-unido\/universidade-de-reading\/","title":{"rendered":"UNIVERSIDADE DE READING"},"content":{"rendered":"<p><strong>A  Universidade de Reading \u00e9 uma das melhores   universidades do Sudeste  de Inglaterra e a resid\u00eancia tem 250 quartos   individuais localizados  em campos muito atractivos com muitas \u00e1rvores e relvados   extensos,  adjacentes a um lago o qual \u00e9 o habitat de uma grande variedade de    vida selvagem.<\/strong><strong><\/p>\n<p><\/strong>A cidade movimentada de Reading fica   apenas a  20-25 minutos a p\u00e9 da Universidade. Autocarros regulares passam em    frente ao col\u00e9gio.<\/p>\n<p><img loading=\"lazy\" decoding=\"async\" src=\"http:\/\/www.seelearningcenter.pt\/images\/reading1.jpg\" alt=\"\" width=\"434\" height=\"303\" \/><\/p>\n<p>A Universidade fica apenas a 45  minutos de carro de Heathrow e 1 hora de   Londres. Windsor e Oxford  ficam apenas a 30 minutos de autocarro do campus.<\/p>\n<p>A Universiade tem uma riqueza de  excelentes facilidades &#8211; quartos individuais   (todos com lavat\u00f3rios),  uso de cortes de t\u00e9nis, centro de desportos interno,   campos de jogos,  campos para todo o tipo de tempo e Caf\u00e9 Dolce Vita.<\/p>\n<p><img loading=\"lazy\" decoding=\"async\" src=\"http:\/\/www.seelearningcenter.pt\/images\/reading2.jpg\" alt=\"\" width=\"434\" height=\"304\" \/><\/p>\n<p><strong>Ficheiro da Escola: <\/strong><\/p>\n<p>\u2022\u00a0 Idade: 14-17<\/p>\n<p>\u2022\u00a0 Centro de desportos bem  equipado e moderno<\/p>\n<p>\u2022\u00a0 Campo de Astroturf para  qualquer tempo<\/p>\n<p>\u2022\u00a0 Campos de jogos<\/p>\n<p>\u2022\u00a0 Caf\u00e9 e facilidades recreativas  (sala de jogos)<\/p>\n<p><img loading=\"lazy\" decoding=\"async\" src=\"http:\/\/www.seelearningcenter.pt\/images\/reading3.jpg\" alt=\"\" width=\"434\" height=\"283\" \/><\/p>\n<p>\u2022\u00a0 Quartos individuais com  secret\u00e1ria, cadeira e lavat\u00f3rio.<\/p>\n<p><img loading=\"lazy\" decoding=\"async\" src=\"http:\/\/www.seelearningcenter.pt\/images\/reading4.jpg\" alt=\"\" width=\"434\" height=\"206\" \/><\/p>\n<p>\u2022\u00a0 Duche e wc em cada andar.<\/p>\n<p>\u2022\u00a0 N\u00famero m\u00e1ximo de camas: 250.<\/p>\n<p>\u2022\u00a0 Acomoda\u00e7\u00e3o em pens\u00e3o completa &#8211;  Pequeno-almo\u00e7o copmtinental ou ingl\u00eas,   almo\u00e7o e jantar quentes. Op\u00e7\u00e3o  vegetariana. Almo\u00e7o volante para excurss\u00f5es.<\/p>\n<p>\u2022\u00a0 Excurss\u00f5es de dia inteiro  incluem Londres e Oxford. Excurss\u00f5es de meio-dia   incluem Windsor,  Reading ou Henley.<\/p>\n","protected":false},"excerpt":{"rendered":"<p>A Universidade de Reading \u00e9 uma das melhores universidades do Sudeste de Inglaterra e a resid\u00eancia tem 250 quartos individuais localizados em campos muito atractivos com muitas \u00e1rvores e relvados extensos, adjacentes a um lago o qual \u00e9 o habitat de uma grande variedade de vida selvagem. A cidade movimentada de Reading fica apenas a [&hellip;]<\/p>\n","protected":false},"author":2,"featured_media":0,"parent":394,"menu_order":12,"comment_status":"open","ping_status":"closed","template":"","meta":{"footnotes":"","_links_to":"","_links_to_target":""},"class_list":["post-426","page","type-page","status-publish","hentry"],"_links":{"self":[{"href":"https:\/\/seelearningcenter.pt\/pt-pt\/wp-json\/wp\/v2\/pages\/426","targetHints":{"allow":["GET"]}}],"collection":[{"href":"https:\/\/seelearningcenter.pt\/pt-pt\/wp-json\/wp\/v2\/pages"}],"about":[{"href":"https:\/\/seelearningcenter.pt\/pt-pt\/wp-json\/wp\/v2\/types\/page"}],"author":[{"embeddable":true,"href":"https:\/\/seelearningcenter.pt\/pt-pt\/wp-json\/wp\/v2\/users\/2"}],"replies":[{"embeddable":true,"href":"https:\/\/seelearningcenter.pt\/pt-pt\/wp-json\/wp\/v2\/comments?post=426"}],"version-history":[{"count":2,"href":"https:\/\/seelearningcenter.pt\/pt-pt\/wp-json\/wp\/v2\/pages\/426\/revisions"}],"predecessor-version":[{"id":1907,"href":"https:\/\/seelearningcenter.pt\/pt-pt\/wp-json\/wp\/v2\/pages\/426\/revisions\/1907"}],"up":[{"embeddable":true,"href":"https:\/\/seelearningcenter.pt\/pt-pt\/wp-json\/wp\/v2\/pages\/394"}],"wp:attachment":[{"href":"https:\/\/seelearningcenter.pt\/pt-pt\/wp-json\/wp\/v2\/media?parent=426"}],"curies":[{"name":"wp","href":"https:\/\/api.w.org\/{rel}","templated":true}]}}