{"id":424,"date":"2010-07-04T18:30:13","date_gmt":"2010-07-04T22:30:13","guid":{"rendered":"http:\/\/seelearningcenter.pt\/"},"modified":"2010-09-17T21:06:13","modified_gmt":"2010-09-18T01:06:13","slug":"oxford","status":"publish","type":"page","link":"https:\/\/seelearningcenter.pt\/pt-pt\/see-cursos-no-estrangeiro\/reino-unido\/oxford\/","title":{"rendered":"OXFORD"},"content":{"rendered":"<p><strong>Um total de 39 col\u00e9gios  dominam a cidade de Oxford   e muitos dos autores ilustres do pa\u00eds e  poll\u00edticos estudaram aqui. <\/strong><\/p>\n<p><strong><img loading=\"lazy\" decoding=\"async\" src=\"http:\/\/www.seelearningcenter.pt\/images\/oxford.jpg\" alt=\"\" width=\"300\" height=\"257\" \/><\/strong><\/p>\n<p>Desfrute de col\u00e9gios medievais &#8211;  &#8220;espirais de sonho&#8221; cor-de-mel &#8211; do   horizonte de Oxford que foram  usados para filamr muitos epis\u00f3dios, incluinso o   Christ Church, cujo  refeit\u00f3rio serviu como um modelo para as cenas de Harry   Potter e a  Pedra Filosofal .<\/p>\n<p><img loading=\"lazy\" decoding=\"async\" src=\"http:\/\/www.seelearningcenter.pt\/images\/oxford2.jpg\" alt=\"\" width=\"300\" height=\"202\" \/><\/p>\n<p>Visite o Museu de Oxford, o Oxford  Story, o Museum Ashmolean ou desfrute   simplesmente de um passeio em  volta dos belos col\u00e9gios e ensope a juventude e a   atmosfera de  aprendizagem.<\/p>\n<p><img loading=\"lazy\" decoding=\"async\" src=\"http:\/\/www.seelearningcenter.pt\/images\/oxford3.jpg\" alt=\"\" width=\"300\" height=\"400\" \/><\/p>\n<p><strong>Ficheiro da Escola: <\/strong><\/p>\n<p>\u2022\u00a0 Idade:16+<\/p>\n<p>\u2022\u00a0 Centro novo situado no centro  da cidade<\/p>\n<p>\u2022\u00a0 Sala de artes laborat\u00f3rios de  ci\u00eancias<\/p>\n<p>\u2022\u00a0 Acesso a Wireless Internet e  correio electr\u00f3nico<\/p>\n<p>\u2022\u00a0 Salas de aula espec\u00edficas e  laborat\u00f3rios<\/p>\n<p>\u2022\u00a0 Sala comum para alunos (com  DVD, TV e v\u00eddeo)<\/p>\n<p>\u2022\u00a0 Biblioteca e centro de estudos<\/p>\n<p>\u2022\u00a0 Transferes para o aeroporto  opcionais<\/p>\n<p>\u2022\u00a0 Acomoda\u00e7\u00e3o em fam\u00edlias  (meia-pens\u00e3o), residencial self-catering com wc   privada (18+)<\/p>\n","protected":false},"excerpt":{"rendered":"<p>Um total de 39 col\u00e9gios dominam a cidade de Oxford e muitos dos autores ilustres do pa\u00eds e poll\u00edticos estudaram aqui. Desfrute de col\u00e9gios medievais &#8211; &#8220;espirais de sonho&#8221; cor-de-mel &#8211; do horizonte de Oxford que foram usados para filamr muitos epis\u00f3dios, incluinso o Christ Church, cujo refeit\u00f3rio serviu como um modelo para as cenas [&hellip;]<\/p>\n","protected":false},"author":2,"featured_media":0,"parent":394,"menu_order":20,"comment_status":"open","ping_status":"closed","template":"","meta":{"footnotes":"","_links_to":"","_links_to_target":""},"_links":{"self":[{"href":"https:\/\/seelearningcenter.pt\/pt-pt\/wp-json\/wp\/v2\/pages\/424"}],"collection":[{"href":"https:\/\/seelearningcenter.pt\/pt-pt\/wp-json\/wp\/v2\/pages"}],"about":[{"href":"https:\/\/seelearningcenter.pt\/pt-pt\/wp-json\/wp\/v2\/types\/page"}],"author":[{"embeddable":true,"href":"https:\/\/seelearningcenter.pt\/pt-pt\/wp-json\/wp\/v2\/users\/2"}],"replies":[{"embeddable":true,"href":"https:\/\/seelearningcenter.pt\/pt-pt\/wp-json\/wp\/v2\/comments?post=424"}],"version-history":[{"count":2,"href":"https:\/\/seelearningcenter.pt\/pt-pt\/wp-json\/wp\/v2\/pages\/424\/revisions"}],"predecessor-version":[{"id":2017,"href":"https:\/\/seelearningcenter.pt\/pt-pt\/wp-json\/wp\/v2\/pages\/424\/revisions\/2017"}],"up":[{"embeddable":true,"href":"https:\/\/seelearningcenter.pt\/pt-pt\/wp-json\/wp\/v2\/pages\/394"}],"wp:attachment":[{"href":"https:\/\/seelearningcenter.pt\/pt-pt\/wp-json\/wp\/v2\/media?parent=424"}],"curies":[{"name":"wp","href":"https:\/\/api.w.org\/{rel}","templated":true}]}}