{"id":421,"date":"2010-07-04T18:21:30","date_gmt":"2010-07-04T22:21:30","guid":{"rendered":"http:\/\/seelearningcenter.pt\/"},"modified":"2010-09-17T19:26:27","modified_gmt":"2010-09-17T23:26:27","slug":"colegio-myerscough","status":"publish","type":"page","link":"https:\/\/seelearningcenter.pt\/pt-pt\/see-cursos-no-estrangeiro\/reino-unido\/colegio-myerscough\/","title":{"rendered":"COL\u00c9GIO MYERSCOUGH"},"content":{"rendered":"<p><strong>Pr\u00f3ximo  de Preston, Blackpool, Lancaster e   Manchester, o col\u00e9gio Myerscough  fica situado na prov\u00edncia pituresca de   Lancashire.<\/strong><strong><\/p>\n<p><\/strong>O col\u00e9gio beneficiou de um elevado   investimento  recentemente, tendo sido remobilado e restaurado nos \u00faltimos anos.<\/p>\n<p>Os quartos individuais com wc  privativa t\u00eam vista para o campo de golf e para   os campos de jogos.  Aulas de equita\u00e7\u00e3o e golf est\u00e3o dispon\u00edveis com uma taxa   adicional.<\/p>\n<p><strong>Ficheiro da Escola: <\/strong><\/p>\n<p>\u2022\u00a0 Idade: 13-17<\/p>\n<p>\u2022\u00a0 Campos de futebol<\/p>\n<p>\u2022\u00a0 Extensos campos de jogos<\/p>\n<p>\u2022\u00a0 Pavilh\u00e3o de jogos<\/p>\n<p>\u2022\u00a0 Sala de computadores<\/p>\n<p>\u2022\u00a0 Sala de Artes<\/p>\n<p>\u2022\u00a0 Academia de Golf<\/p>\n<p>\u2022\u00a0 Arena interior de Equita\u00e7\u00e3o  (dispon\u00edvel com custo adicional)<\/p>\n<p>\u2022\u00a0 Quartos individuais com wc  privativa<\/p>\n<p>\u2022\u00a0 N\u00famero m\u00e1ximo de camas: 200<\/p>\n<p>\u2022\u00a0 Excurss\u00f5es de dia inteiro  incluem Liverpool e Manchester. Excurss\u00f5es de   meio-dia incluem  Blackpool e Preston.<\/p>\n","protected":false},"excerpt":{"rendered":"<p>Pr\u00f3ximo de Preston, Blackpool, Lancaster e Manchester, o col\u00e9gio Myerscough fica situado na prov\u00edncia pituresca de Lancashire. O col\u00e9gio beneficiou de um elevado investimento recentemente, tendo sido remobilado e restaurado nos \u00faltimos anos. Os quartos individuais com wc privativa t\u00eam vista para o campo de golf e para os campos de jogos. Aulas de equita\u00e7\u00e3o [&hellip;]<\/p>\n","protected":false},"author":2,"featured_media":0,"parent":394,"menu_order":34,"comment_status":"open","ping_status":"closed","template":"","meta":{"footnotes":"","_links_to":"","_links_to_target":""},"class_list":["post-421","page","type-page","status-publish","hentry"],"_links":{"self":[{"href":"https:\/\/seelearningcenter.pt\/pt-pt\/wp-json\/wp\/v2\/pages\/421","targetHints":{"allow":["GET"]}}],"collection":[{"href":"https:\/\/seelearningcenter.pt\/pt-pt\/wp-json\/wp\/v2\/pages"}],"about":[{"href":"https:\/\/seelearningcenter.pt\/pt-pt\/wp-json\/wp\/v2\/types\/page"}],"author":[{"embeddable":true,"href":"https:\/\/seelearningcenter.pt\/pt-pt\/wp-json\/wp\/v2\/users\/2"}],"replies":[{"embeddable":true,"href":"https:\/\/seelearningcenter.pt\/pt-pt\/wp-json\/wp\/v2\/comments?post=421"}],"version-history":[{"count":2,"href":"https:\/\/seelearningcenter.pt\/pt-pt\/wp-json\/wp\/v2\/pages\/421\/revisions"}],"predecessor-version":[{"id":1925,"href":"https:\/\/seelearningcenter.pt\/pt-pt\/wp-json\/wp\/v2\/pages\/421\/revisions\/1925"}],"up":[{"embeddable":true,"href":"https:\/\/seelearningcenter.pt\/pt-pt\/wp-json\/wp\/v2\/pages\/394"}],"wp:attachment":[{"href":"https:\/\/seelearningcenter.pt\/pt-pt\/wp-json\/wp\/v2\/media?parent=421"}],"curies":[{"name":"wp","href":"https:\/\/api.w.org\/{rel}","templated":true}]}}