{"id":419,"date":"2010-07-04T18:20:26","date_gmt":"2010-07-04T22:20:26","guid":{"rendered":"http:\/\/seelearningcenter.pt\/"},"modified":"2010-07-05T15:36:12","modified_gmt":"2010-07-05T19:36:12","slug":"londres","status":"publish","type":"page","link":"https:\/\/seelearningcenter.pt\/pt-pt\/see-cursos-no-estrangeiro\/reino-unido\/londres\/","title":{"rendered":"LONDRES"},"content":{"rendered":"<p><strong>Benvindo a Londres: <\/strong><\/p>\n<p>\u2022\u00a0 Uma cidade de contrastes e a  joia da croa brit\u00e2nica<\/p>\n<p>\u2022\u00a0 Uma das cidades mais din\u00e2micas,  interessantes e populares do Mundo<\/p>\n<p><img loading=\"lazy\" decoding=\"async\" src=\"http:\/\/www.seelearningcenter.pt\/images\/2_img_colegios.jpg\" alt=\"\" width=\"260\" height=\"187\" \/><\/p>\n<p>\u2022\u00a0 Uma cidade famosa pelos seus  exlibris &#8211; Pal\u00e1cio de Buckingham, Torre de   Londres, Catedral de S\u00e3o  Paulo, Tower Bridge, ed\u00edficios ic\u00f3nicos, Teatros de   West End,  autocarros vermelhos, Oxford Street.<\/p>\n<p>\u2022\u00a0 Uma enorme variedade de  galerias e museus, feiras de antiguidades,   exibi\u00e7\u00f5es de arte e todo o  tipo de festivais.<\/p>\n<p>\u2022\u00a0 Uma cidade que acolhe 28  milh\u00f5es de visitants todos os anos<\/p>\n<p>\u2022\u00a0 Uma cidade de classe do Mundo  constantemente viva.<\/p>\n<p>H\u00e1 tanta coisa para fazer e ver  que Londres tem sempre qualquer coisa que   apela a cada um de n\u00f3s.<\/p>\n<p>Samuel Johnson exclamou h\u00e1 200  anos atr\u00e1s: &#8220;Quando um homem est\u00e1 cansado de   Londres, est\u00e1 cansado da  vida.&#8221;<\/p>\n<p><img loading=\"lazy\" decoding=\"async\" src=\"http:\/\/www.seelearningcenter.pt\/images\/3_img_colegios.jpg\" alt=\"\" width=\"434\" height=\"231\" \/><\/p>\n<p><strong>Ficheiro da Escola: <\/strong><\/p>\n<p>\u2022\u00a0 Idade: 16+<\/p>\n<p>\u2022\u00a0 Centros situados perto da  Universidade de Greenwich e em West End (Centro   de Londres)<\/p>\n<p>\u2022\u00a0 Acesso a Wireless Internet e  correio electr\u00f3nico<\/p>\n<p>\u2022\u00a0 Centro de aprendizagem  multimedia<\/p>\n<p>\u2022\u00a0 Biblioteca<\/p>\n<p>\u2022\u00a0 Transferes do aeroporto  opcional<\/p>\n<p>\u2022\u00a0 Acomoda\u00e7\u00e3o:<\/p>\n<p>\u2022\u00a0 Greenwich &#8211; em fam\u00edlias ou  residencial de estudantes com op\u00e7\u00e3o de wc   privativa<\/p>\n<p>\u2022\u00a0 West End &#8211; residencial de  estudantes com op\u00e7\u00e3o de wc privativa<\/p>\n<p>\u2022\u00a0 Meia-pens\u00e3o ou &#8220;self-catering&#8221;<\/p>\n<p>\u2022\u00a0 M\u00e1ximo de 15 alunos por aula<\/p>\n","protected":false},"excerpt":{"rendered":"<p>Benvindo a Londres: \u2022\u00a0 Uma cidade de contrastes e a joia da croa brit\u00e2nica \u2022\u00a0 Uma das cidades mais din\u00e2micas, interessantes e populares do Mundo \u2022\u00a0 Uma cidade famosa pelos seus exlibris &#8211; Pal\u00e1cio de Buckingham, Torre de Londres, Catedral de S\u00e3o Paulo, Tower Bridge, ed\u00edficios ic\u00f3nicos, Teatros de West End, autocarros vermelhos, Oxford Street. [&hellip;]<\/p>\n","protected":false},"author":2,"featured_media":0,"parent":394,"menu_order":0,"comment_status":"open","ping_status":"closed","template":"","meta":{"footnotes":"","_links_to":"","_links_to_target":""},"class_list":["post-419","page","type-page","status-publish","hentry"],"_links":{"self":[{"href":"https:\/\/seelearningcenter.pt\/pt-pt\/wp-json\/wp\/v2\/pages\/419","targetHints":{"allow":["GET"]}}],"collection":[{"href":"https:\/\/seelearningcenter.pt\/pt-pt\/wp-json\/wp\/v2\/pages"}],"about":[{"href":"https:\/\/seelearningcenter.pt\/pt-pt\/wp-json\/wp\/v2\/types\/page"}],"author":[{"embeddable":true,"href":"https:\/\/seelearningcenter.pt\/pt-pt\/wp-json\/wp\/v2\/users\/2"}],"replies":[{"embeddable":true,"href":"https:\/\/seelearningcenter.pt\/pt-pt\/wp-json\/wp\/v2\/comments?post=419"}],"version-history":[{"count":4,"href":"https:\/\/seelearningcenter.pt\/pt-pt\/wp-json\/wp\/v2\/pages\/419\/revisions"}],"predecessor-version":[{"id":1060,"href":"https:\/\/seelearningcenter.pt\/pt-pt\/wp-json\/wp\/v2\/pages\/419\/revisions\/1060"}],"up":[{"embeddable":true,"href":"https:\/\/seelearningcenter.pt\/pt-pt\/wp-json\/wp\/v2\/pages\/394"}],"wp:attachment":[{"href":"https:\/\/seelearningcenter.pt\/pt-pt\/wp-json\/wp\/v2\/media?parent=419"}],"curies":[{"name":"wp","href":"https:\/\/api.w.org\/{rel}","templated":true}]}}