{"id":416,"date":"2010-07-04T18:19:32","date_gmt":"2010-07-04T22:19:32","guid":{"rendered":"http:\/\/seelearningcenter.pt\/"},"modified":"2010-09-17T21:05:45","modified_gmt":"2010-09-18T01:05:45","slug":"416-2","status":"publish","type":"page","link":"https:\/\/seelearningcenter.pt\/pt-pt\/see-cursos-no-estrangeiro\/reino-unido\/416-2\/","title":{"rendered":"HASTINGS"},"content":{"rendered":"<p><strong>Descubra  a vila de Hastings com as suas   atrac\u00e7\u00f5es e grutas de salteadores, as  ru\u00ednas de um navio e o local de William e   desfrute da paz e calma,  marisco e ar mar\u00edtimo refrescante. <\/strong><\/p>\n<p>Fotografe a cena de campo Inglesa ideal de colinas    onduladas, onde mais de mil anos de hist\u00f3ria moldaram uma na\u00e7\u00e3o. Das  ru\u00ednas de   um navio e da vista da vit\u00f3ria de William, o Conquistador,  na Batalha de   Hastings aos esfor\u00e7os de cada passo dos saltedaores.  Hastings \u00e9 o local ideal   para relaxar e divertir.<\/p>\n<p><img loading=\"lazy\" decoding=\"async\" src=\"http:\/\/www.seelearningcenter.pt\/images\/hastings1.jpg\" alt=\"\" width=\"250\" height=\"187\" \/><\/p>\n<p><strong>Ficheiro da Escola: <\/strong><\/p>\n<p>\u2022\u00a0 Centro situado numa \u00e1rea  residencial perto do mar e da baixa da cidade<\/p>\n<p>\u2022\u00a0 Acesso a Wireless Internet e  correio electr\u00f3nico<\/p>\n<p>\u2022\u00a0 Sala comum para alunos e  cafetaria<\/p>\n<p>\u2022\u00a0 Transferes para o aeroporto  opcionais<\/p>\n<p>\u2022\u00a0 Acomoda\u00e7\u00e3o em fam\u00edlias,  meia-pens\u00e3o<\/p>\n","protected":false},"excerpt":{"rendered":"<p>Descubra a vila de Hastings com as suas atrac\u00e7\u00f5es e grutas de salteadores, as ru\u00ednas de um navio e o local de William e desfrute da paz e calma, marisco e ar mar\u00edtimo refrescante. Fotografe a cena de campo Inglesa ideal de colinas onduladas, onde mais de mil anos de hist\u00f3ria moldaram uma na\u00e7\u00e3o. Das [&hellip;]<\/p>\n","protected":false},"author":2,"featured_media":0,"parent":394,"menu_order":22,"comment_status":"open","ping_status":"closed","template":"","meta":{"footnotes":"","_links_to":"","_links_to_target":""},"class_list":["post-416","page","type-page","status-publish","hentry"],"_links":{"self":[{"href":"https:\/\/seelearningcenter.pt\/pt-pt\/wp-json\/wp\/v2\/pages\/416","targetHints":{"allow":["GET"]}}],"collection":[{"href":"https:\/\/seelearningcenter.pt\/pt-pt\/wp-json\/wp\/v2\/pages"}],"about":[{"href":"https:\/\/seelearningcenter.pt\/pt-pt\/wp-json\/wp\/v2\/types\/page"}],"author":[{"embeddable":true,"href":"https:\/\/seelearningcenter.pt\/pt-pt\/wp-json\/wp\/v2\/users\/2"}],"replies":[{"embeddable":true,"href":"https:\/\/seelearningcenter.pt\/pt-pt\/wp-json\/wp\/v2\/comments?post=416"}],"version-history":[{"count":4,"href":"https:\/\/seelearningcenter.pt\/pt-pt\/wp-json\/wp\/v2\/pages\/416\/revisions"}],"predecessor-version":[{"id":2015,"href":"https:\/\/seelearningcenter.pt\/pt-pt\/wp-json\/wp\/v2\/pages\/416\/revisions\/2015"}],"up":[{"embeddable":true,"href":"https:\/\/seelearningcenter.pt\/pt-pt\/wp-json\/wp\/v2\/pages\/394"}],"wp:attachment":[{"href":"https:\/\/seelearningcenter.pt\/pt-pt\/wp-json\/wp\/v2\/media?parent=416"}],"curies":[{"name":"wp","href":"https:\/\/api.w.org\/{rel}","templated":true}]}}