{"id":414,"date":"2010-07-04T18:18:34","date_gmt":"2010-07-04T22:18:34","guid":{"rendered":"http:\/\/seelearningcenter.pt\/"},"modified":"2010-09-17T19:26:15","modified_gmt":"2010-09-17T23:26:15","slug":"esher","status":"publish","type":"page","link":"https:\/\/seelearningcenter.pt\/pt-pt\/see-cursos-no-estrangeiro\/reino-unido\/esher\/","title":{"rendered":"ESHER"},"content":{"rendered":"<p><strong>O  col\u00e9gio Esher \u00e9 um col\u00e9gio moderno e bem   equipado, pr\u00f3ximo de Hampton  Court, num dos mais movimentados sub\u00farbios de   Londres.<\/strong><\/p>\n<p>O col\u00e9gio \u00e9 idelmente localizado devido \u00e0 sua    proximidade a esta\u00e7\u00f5es de comboios da linha principal (que o liga  directamente a   Londres) assim como de Windsor e Sudeste de Inglaterra.<\/p>\n<p><img loading=\"lazy\" decoding=\"async\" src=\"http:\/\/www.seelearningcenter.pt\/images\/44_img_colegios.jpg\" alt=\"\" width=\"434\" height=\"247\" \/><\/p>\n<p>O col\u00e9gio tem campos de  basquetebol, netbol e voleibol. O pavilh\u00e3o pode   tamb\u00e9m acomodar 5  campos de futebol, redes de cricket, campos de badminton,   aer\u00f3bica e  artes marciais. O col\u00e9gio tamb\u00e9m tem campos para desportos v\u00e1rios   onde  \u00e9 poss\u00edvel jogar t\u00e9nis, futebol e netbol. Existem, ainda, 2 campos de    futebol e 1 de rugby dispon\u00edveis.<\/p>\n<p><img loading=\"lazy\" decoding=\"async\" src=\"http:\/\/www.seelearningcenter.pt\/images\/45_img_colegios.jpg\" alt=\"\" width=\"434\" height=\"306\" \/><\/p>\n<p>Os alunos devem ser maduros e  confiantes o suficiente para viajar de   transportes publicos para e do  col\u00e9gio, quando acomodados em fam\u00edlias.<\/p>\n<p><strong><img loading=\"lazy\" decoding=\"async\" src=\"http:\/\/www.seelearningcenter.pt\/images\/46_img_colegios.jpg\" alt=\"\" width=\"434\" height=\"268\" \/><\/strong><\/p>\n","protected":false},"excerpt":{"rendered":"<p>O col\u00e9gio Esher \u00e9 um col\u00e9gio moderno e bem equipado, pr\u00f3ximo de Hampton Court, num dos mais movimentados sub\u00farbios de Londres. O col\u00e9gio \u00e9 idelmente localizado devido \u00e0 sua proximidade a esta\u00e7\u00f5es de comboios da linha principal (que o liga directamente a Londres) assim como de Windsor e Sudeste de Inglaterra. O col\u00e9gio tem campos [&hellip;]<\/p>\n","protected":false},"author":2,"featured_media":0,"parent":394,"menu_order":40,"comment_status":"open","ping_status":"closed","template":"","meta":{"footnotes":"","_links_to":"","_links_to_target":""},"class_list":["post-414","page","type-page","status-publish","hentry"],"_links":{"self":[{"href":"https:\/\/seelearningcenter.pt\/pt-pt\/wp-json\/wp\/v2\/pages\/414","targetHints":{"allow":["GET"]}}],"collection":[{"href":"https:\/\/seelearningcenter.pt\/pt-pt\/wp-json\/wp\/v2\/pages"}],"about":[{"href":"https:\/\/seelearningcenter.pt\/pt-pt\/wp-json\/wp\/v2\/types\/page"}],"author":[{"embeddable":true,"href":"https:\/\/seelearningcenter.pt\/pt-pt\/wp-json\/wp\/v2\/users\/2"}],"replies":[{"embeddable":true,"href":"https:\/\/seelearningcenter.pt\/pt-pt\/wp-json\/wp\/v2\/comments?post=414"}],"version-history":[{"count":2,"href":"https:\/\/seelearningcenter.pt\/pt-pt\/wp-json\/wp\/v2\/pages\/414\/revisions"}],"predecessor-version":[{"id":1923,"href":"https:\/\/seelearningcenter.pt\/pt-pt\/wp-json\/wp\/v2\/pages\/414\/revisions\/1923"}],"up":[{"embeddable":true,"href":"https:\/\/seelearningcenter.pt\/pt-pt\/wp-json\/wp\/v2\/pages\/394"}],"wp:attachment":[{"href":"https:\/\/seelearningcenter.pt\/pt-pt\/wp-json\/wp\/v2\/media?parent=414"}],"curies":[{"name":"wp","href":"https:\/\/api.w.org\/{rel}","templated":true}]}}