{"id":411,"date":"2010-07-04T18:17:41","date_gmt":"2010-07-04T22:17:41","guid":{"rendered":"http:\/\/seelearningcenter.pt\/"},"modified":"2010-09-17T19:30:42","modified_gmt":"2010-09-17T23:30:42","slug":"ellesmere","status":"publish","type":"page","link":"https:\/\/seelearningcenter.pt\/pt-pt\/see-cursos-no-estrangeiro\/reino-unido\/ellesmere\/","title":{"rendered":"ELLESMERE"},"content":{"rendered":"<p><strong>Se est\u00e1 \u00e0 procura de um  col\u00e9gio tradicional   Ingl\u00eas &#8211; com valores tradicionais Ingleses &#8211; n\u00e3o  procure mais! Ellesmere \u00e9 de   tirar a respira\u00e7\u00e3o.<\/strong><\/p>\n<p>Situada em exensos campos e  localizada a   meio caminho entre as cidades hist\u00f3ricas de Chester e  Shrewsbury, e a,   aproximadamente, a uma hora e um quarto de Manchester  e Liverpool &#8211; Ellesmere   oferece a oportunidade perfeita para aprender  a l\u00edngua inglesa num ambiente   verdadeiramente espectacular. A escola  foi fundada em 1879 como parte de um   grupo de escolas da Ingreja  Inglesa e, hoje, abriga 250 alunos durante o ano   lectivo.<\/p>\n<p>A escola tem excelentes  facilidades incluindo campo de golf com 9 buracos,   cortes de t\u00e9nis,  campos de futebol e campos de jogos e piscina exterior.   Equita\u00e7\u00e3o e  desportos aqu\u00e1ticos est\u00e3o dispon\u00edveis como um pre\u00e7o adicional    opcional.<\/p>\n<p><strong>Ficheiro da Escola: <\/strong><\/p>\n<p>\u2022\u00a0 Idade: 8-12 e 13-17<\/p>\n<p>\u2022\u00a0 Campos de futebol extensos<\/p>\n<p>\u2022\u00a0 Campos de jogos<\/p>\n<p>\u2022\u00a0 Pavilh\u00e3o de jogos<\/p>\n<p>\u2022\u00a0 Piscina exterior aquecida<\/p>\n<p>\u2022\u00a0 7 cortes de tennis<\/p>\n<p>\u2022\u00a0 Campo de golf com 9 buracos<\/p>\n<p>\u2022\u00a0 Quartos individuais, duplos ou  triplos com alguns qu\u00e1druplos dispon\u00edveis;   duches, banheiras e wcs  dispon\u00edveis em cada casa.<\/p>\n<p>\u2022\u00a0 N\u00famero m\u00e1ximo de camas: 250<\/p>\n<p>\u2022\u00a0 Pequeno-almo\u00e7o ingl\u00eas ou  continental, almo\u00e7o e jantar quentes. Almo\u00e7o   volante para excurs\u00f5es.<\/p>\n<p>\u2022\u00a0 Excurss\u00f5es de dia inteiro  incluem Manchester e Liverpool. Excurss\u00f5es de   meio-dia incluem Chester  e Shrewsbury.<\/p>\n","protected":false},"excerpt":{"rendered":"<p>Se est\u00e1 \u00e0 procura de um col\u00e9gio tradicional Ingl\u00eas &#8211; com valores tradicionais Ingleses &#8211; n\u00e3o procure mais! Ellesmere \u00e9 de tirar a respira\u00e7\u00e3o. Situada em exensos campos e localizada a meio caminho entre as cidades hist\u00f3ricas de Chester e Shrewsbury, e a, aproximadamente, a uma hora e um quarto de Manchester e Liverpool &#8211; [&hellip;]<\/p>\n","protected":false},"author":2,"featured_media":0,"parent":394,"menu_order":28,"comment_status":"open","ping_status":"closed","template":"","meta":{"footnotes":"","_links_to":"","_links_to_target":""},"class_list":["post-411","page","type-page","status-publish","hentry"],"_links":{"self":[{"href":"https:\/\/seelearningcenter.pt\/pt-pt\/wp-json\/wp\/v2\/pages\/411","targetHints":{"allow":["GET"]}}],"collection":[{"href":"https:\/\/seelearningcenter.pt\/pt-pt\/wp-json\/wp\/v2\/pages"}],"about":[{"href":"https:\/\/seelearningcenter.pt\/pt-pt\/wp-json\/wp\/v2\/types\/page"}],"author":[{"embeddable":true,"href":"https:\/\/seelearningcenter.pt\/pt-pt\/wp-json\/wp\/v2\/users\/2"}],"replies":[{"embeddable":true,"href":"https:\/\/seelearningcenter.pt\/pt-pt\/wp-json\/wp\/v2\/comments?post=411"}],"version-history":[{"count":2,"href":"https:\/\/seelearningcenter.pt\/pt-pt\/wp-json\/wp\/v2\/pages\/411\/revisions"}],"predecessor-version":[{"id":1933,"href":"https:\/\/seelearningcenter.pt\/pt-pt\/wp-json\/wp\/v2\/pages\/411\/revisions\/1933"}],"up":[{"embeddable":true,"href":"https:\/\/seelearningcenter.pt\/pt-pt\/wp-json\/wp\/v2\/pages\/394"}],"wp:attachment":[{"href":"https:\/\/seelearningcenter.pt\/pt-pt\/wp-json\/wp\/v2\/media?parent=411"}],"curies":[{"name":"wp","href":"https:\/\/api.w.org\/{rel}","templated":true}]}}