{"id":409,"date":"2010-07-04T18:17:03","date_gmt":"2010-07-04T22:17:03","guid":{"rendered":"http:\/\/seelearningcenter.pt\/"},"modified":"2010-09-17T21:24:30","modified_gmt":"2010-09-18T01:24:30","slug":"eastbourne","status":"publish","type":"page","link":"https:\/\/seelearningcenter.pt\/pt-pt\/see-cursos-no-estrangeiro\/reino-unido\/eastbourne\/","title":{"rendered":"COL\u00c9GIO EASTBOURNE"},"content":{"rendered":"<table border=\"0\" cellspacing=\"0\" cellpadding=\"0\" width=\"100%\">\n<tbody>\n<tr>\n<td><img loading=\"lazy\" decoding=\"async\" src=\"http:\/\/www.seelearningcenter.pt\/images\/see_eastbourne1.jpg\" alt=\"\" width=\"335\" height=\"223\" \/><\/td>\n<td><img loading=\"lazy\" decoding=\"async\" src=\"http:\/\/www.seelearningcenter.pt\/images\/transp.gif\" alt=\"\" width=\"20\" height=\"1\" \/><\/td>\n<td><img loading=\"lazy\" decoding=\"async\" src=\"http:\/\/www.seelearningcenter.pt\/images\/see_eastbourne2.jpg\" alt=\"\" width=\"335\" height=\"223\" \/><\/td>\n<\/tr>\n<\/tbody>\n<\/table>\n<p><strong>Eastbourne  \u00e9 uma reserve inglesa solarenga e   segura, que oferece uma experi\u00eancia  tradicional \u00e0 beira-mar. <\/strong><\/p>\n<p>Exposi\u00e7\u00f5es coloridas de flores, fontes e um Pier    vitoriano t\u00eam um acesso f\u00e1cil ao longo do passeio pedestre \u00e0 beira-mar.<\/p>\n<p>Museus fascinantes, artes e  divertimento para todos, Eastbourne tem uma   variedade de atrac\u00e7\u00f5es,  entretenimentos e eventos que satisfazem todos os gostos   e idades.<\/p>\n<p><strong>Ficheiro da Escola:<\/strong><\/p>\n<p>\u2022\u00a0 A escola tem recebido  estudantes adultos e crian\u00e7as e adolescentes desde   1966<\/p>\n<p>\u2022\u00a0 Escola situado perto do centro  da cidade<\/p>\n<p>\u2022\u00a0 In\u00edcio a qualquer segunda-feira  do ano<\/p>\n<p>\u2022\u00a0 Idade 16+<\/p>\n<p>\u2022\u00a0 10-12 estudantes por aula (max.  14 em \u00e9pocas altas)<\/p>\n<p>\u2022\u00a0 15 ou 24 houras de aulas por  semana (cada aula tem 45 min)<\/p>\n<p>\u2022\u00a0 Exames Internacionais de  Cambridge<\/p>\n<p>\u2022\u00a0 Acomoda\u00e7\u00e3o em Fam\u00edlias, &#8220;Guest  House&#8221; ou Hotel<\/p>\n<p>\u2022\u00a0 Programas de experi\u00eancia de  trabalho<\/p>\n","protected":false},"excerpt":{"rendered":"<p>Eastbourne \u00e9 uma reserve inglesa solarenga e segura, que oferece uma experi\u00eancia tradicional \u00e0 beira-mar. Exposi\u00e7\u00f5es coloridas de flores, fontes e um Pier vitoriano t\u00eam um acesso f\u00e1cil ao longo do passeio pedestre \u00e0 beira-mar. Museus fascinantes, artes e divertimento para todos, Eastbourne tem uma variedade de atrac\u00e7\u00f5es, entretenimentos e eventos que satisfazem todos os [&hellip;]<\/p>\n","protected":false},"author":2,"featured_media":0,"parent":394,"menu_order":36,"comment_status":"open","ping_status":"closed","template":"","meta":{"footnotes":"","_links_to":"","_links_to_target":""},"class_list":["post-409","page","type-page","status-publish","hentry"],"_links":{"self":[{"href":"https:\/\/seelearningcenter.pt\/pt-pt\/wp-json\/wp\/v2\/pages\/409","targetHints":{"allow":["GET"]}}],"collection":[{"href":"https:\/\/seelearningcenter.pt\/pt-pt\/wp-json\/wp\/v2\/pages"}],"about":[{"href":"https:\/\/seelearningcenter.pt\/pt-pt\/wp-json\/wp\/v2\/types\/page"}],"author":[{"embeddable":true,"href":"https:\/\/seelearningcenter.pt\/pt-pt\/wp-json\/wp\/v2\/users\/2"}],"replies":[{"embeddable":true,"href":"https:\/\/seelearningcenter.pt\/pt-pt\/wp-json\/wp\/v2\/comments?post=409"}],"version-history":[{"count":3,"href":"https:\/\/seelearningcenter.pt\/pt-pt\/wp-json\/wp\/v2\/pages\/409\/revisions"}],"predecessor-version":[{"id":2045,"href":"https:\/\/seelearningcenter.pt\/pt-pt\/wp-json\/wp\/v2\/pages\/409\/revisions\/2045"}],"up":[{"embeddable":true,"href":"https:\/\/seelearningcenter.pt\/pt-pt\/wp-json\/wp\/v2\/pages\/394"}],"wp:attachment":[{"href":"https:\/\/seelearningcenter.pt\/pt-pt\/wp-json\/wp\/v2\/media?parent=409"}],"curies":[{"name":"wp","href":"https:\/\/api.w.org\/{rel}","templated":true}]}}