{"id":407,"date":"2010-07-04T18:16:22","date_gmt":"2010-07-04T22:16:22","guid":{"rendered":"http:\/\/seelearningcenter.pt\/"},"modified":"2010-09-17T19:45:42","modified_gmt":"2010-09-17T23:45:42","slug":"dorton","status":"publish","type":"page","link":"https:\/\/seelearningcenter.pt\/pt-pt\/see-cursos-no-estrangeiro\/reino-unido\/dorton\/","title":{"rendered":"DORTON"},"content":{"rendered":"<p><strong>Col\u00e9gio  de Dorton \u00e9 idealmente localizado a   aproximadamente 30 minutos de  comboio de Londres na vila tradicional de Seal &#8211; e   apenas a 1,5km de  Sevenoaks, uma vila de mercado com excelentes facilidades de   lazer e  compras.<\/strong><\/p>\n<p>Seal \u00e9 tipicamente inglesa cm uma   selec\u00e7\u00e3o not\u00e1vel de  gemas arquitect\u00f3nicas, uma bela igreja do s\u00e9culo XII, e o   maravilhoso  campo de Kent que a rodeia.<\/p>\n<p>A escola e col\u00e9gio ficam porta com  porta e t\u00eam \u00f3ptimas facilidades: piscina   aquecida, pavilh\u00e3o de  desportos, campo de basquetebol, campos de jogos, campo de   aventuras  para crian\u00e7as mais pequenas, quartos individuais e duplos no edifico    do col\u00e9gio (a partir da primeira semana de Julho) e quartos com wc no  edif\u00edcio   da escola (terceira semana de Julho). A escola tem acesso \u00e0  Internet durante o   Ver\u00e3o.<\/p>\n<p><strong>Ficheiro da Escola:<\/strong><\/p>\n<p>\u2022\u00a0 Idade: 8-12 e 13-17<\/p>\n<p>\u2022\u00a0 Acesso \u00e0 Internet<\/p>\n<p><img loading=\"lazy\" decoding=\"async\" src=\"http:\/\/www.seelearningcenter.pt\/images\/36_img_colegios.jpg\" alt=\"\" width=\"434\" height=\"266\" \/><\/p>\n<p>\u2022\u00a0 Cozinha e salas comuns com TV,  em cada andar<\/p>\n<p>\u2022\u00a0 Pavilh\u00e3o de atividades com  palco<\/p>\n<p>\u2022\u00a0 Campo de basquetebol<\/p>\n<p>\u2022\u00a0 Campo de Futbol para todo o  tempo<\/p>\n<p>\u2022\u00a0 Pavilh\u00e3o de jogos<\/p>\n<p><img loading=\"lazy\" decoding=\"async\" src=\"http:\/\/www.seelearningcenter.pt\/images\/35_img_colegios.jpg\" alt=\"\" width=\"434\" height=\"259\" \/><\/p>\n<p>\u2022\u00a0 Piscina aquecida<\/p>\n<p><img loading=\"lazy\" decoding=\"async\" src=\"http:\/\/www.seelearningcenter.pt\/images\/37_img_colegios.jpg\" alt=\"\" width=\"434\" height=\"211\" \/><\/p>\n<p>\u2022\u00a0 4 cortes de t\u00e9nis<\/p>\n<p>\u2022\u00a0 Pavilh\u00e3o de desportos<\/p>\n<p>\u2022\u00a0 Piscina interior<\/p>\n<p>\u2022\u00a0 Quartos individuais e duplos a  partir da primeira semana de Julho em   Col\u00e9gio e individuais, duplos,  triplos ou qu\u00e1druplos com wc a partir da terceira   semana de Julho na  Escola; Acomoda\u00e7\u00e3o em fam\u00edlias tamb\u00e9m \u00e9 poss\u00edvel<\/p>\n<p>\u2022\u00a0 N\u00famero m\u00e1ximo de camas: 120  (at\u00e9 \u00e0 terceira semana de Julho); depois 240<\/p>\n<p>\u2022\u00a0 Pequeno-almo\u00e7o ingl\u00eas ou  continental, almo\u00e7o e jantar. Almo\u00e7o volante para   excurss\u00f5es de dia  inteiro.<\/p>\n<p>\u2022\u00a0 Excurss\u00f5es de dia inteiro  incluem Londres e Canterbury. Excurss\u00f5es de   meio-dia incluem Ashford,  Chatham, Royal Tunbridge Wells.<\/p>\n","protected":false},"excerpt":{"rendered":"<p>Col\u00e9gio de Dorton \u00e9 idealmente localizado a aproximadamente 30 minutos de comboio de Londres na vila tradicional de Seal &#8211; e apenas a 1,5km de Sevenoaks, uma vila de mercado com excelentes facilidades de lazer e compras. Seal \u00e9 tipicamente inglesa cm uma selec\u00e7\u00e3o not\u00e1vel de gemas arquitect\u00f3nicas, uma bela igreja do s\u00e9culo XII, e [&hellip;]<\/p>\n","protected":false},"author":2,"featured_media":0,"parent":394,"menu_order":26,"comment_status":"open","ping_status":"closed","template":"","meta":{"footnotes":"","_links_to":"","_links_to_target":""},"class_list":["post-407","page","type-page","status-publish","hentry"],"_links":{"self":[{"href":"https:\/\/seelearningcenter.pt\/pt-pt\/wp-json\/wp\/v2\/pages\/407","targetHints":{"allow":["GET"]}}],"collection":[{"href":"https:\/\/seelearningcenter.pt\/pt-pt\/wp-json\/wp\/v2\/pages"}],"about":[{"href":"https:\/\/seelearningcenter.pt\/pt-pt\/wp-json\/wp\/v2\/types\/page"}],"author":[{"embeddable":true,"href":"https:\/\/seelearningcenter.pt\/pt-pt\/wp-json\/wp\/v2\/users\/2"}],"replies":[{"embeddable":true,"href":"https:\/\/seelearningcenter.pt\/pt-pt\/wp-json\/wp\/v2\/comments?post=407"}],"version-history":[{"count":4,"href":"https:\/\/seelearningcenter.pt\/pt-pt\/wp-json\/wp\/v2\/pages\/407\/revisions"}],"predecessor-version":[{"id":1944,"href":"https:\/\/seelearningcenter.pt\/pt-pt\/wp-json\/wp\/v2\/pages\/407\/revisions\/1944"}],"up":[{"embeddable":true,"href":"https:\/\/seelearningcenter.pt\/pt-pt\/wp-json\/wp\/v2\/pages\/394"}],"wp:attachment":[{"href":"https:\/\/seelearningcenter.pt\/pt-pt\/wp-json\/wp\/v2\/media?parent=407"}],"curies":[{"name":"wp","href":"https:\/\/api.w.org\/{rel}","templated":true}]}}