{"id":405,"date":"2010-07-04T18:15:30","date_gmt":"2010-07-04T22:15:30","guid":{"rendered":"http:\/\/seelearningcenter.pt\/"},"modified":"2010-09-17T19:21:59","modified_gmt":"2010-09-17T23:21:59","slug":"cambridge","status":"publish","type":"page","link":"https:\/\/seelearningcenter.pt\/pt-pt\/see-cursos-no-estrangeiro\/reino-unido\/cambridge\/","title":{"rendered":"CAMBRIDGE"},"content":{"rendered":"<p><strong>Uma cidade universit\u00e1ria  mundialmente   conhecida, cresceu e inclui 31 col\u00e9gios. <\/strong><\/p>\n<p><img loading=\"lazy\" decoding=\"async\" src=\"http:\/\/www.seelearningcenter.pt\/images\/cambridge.jpg\" alt=\"\" width=\"280\" height=\"271\" \/><\/p>\n<p>Alguns   deles t\u00eam a mais bela arquitectura da cidade e  t\u00eam reputa\u00e7\u00e3o pela descoberta   cient\u00edfica e brio.<\/p>\n<p>Cambridge \u00e9 uma cidade estudantil  agitada. Os estudantes s\u00e3o atra\u00eddos pela   sua maravilhosa atmosfera  hist\u00f3rica, cultura, &#8220;punting&#8221; (barcos de fundo   achatado) e vida  nocturna. \u00c9 uma escolha muito popular entre os alunos!<\/p>\n<p><strong>Ficheiro da Escola:<\/strong><\/p>\n<p>\u2022\u00a0 Idade:16+<\/p>\n<p>\u2022\u00a0 Centro ocupa um edif\u00edcio  eduardiano modernizado e aumentado, perto do   centro da Universidade e  da cidade<\/p>\n<p>\u2022\u00a0 Terra\u00e7o com jardins<\/p>\n<p>\u2022\u00a0 Centro de aprendizagem  multim\u00e9dia<\/p>\n<p>\u2022\u00a0 Acesso a Wireless Internet e  correio electr\u00f3nico<\/p>\n<p>\u2022\u00a0 Cefetaria de estudantes<\/p>\n<p>\u2022\u00a0 Biblioteca<\/p>\n<p>\u2022\u00a0 Transferes para o aeroporto  opcionais<\/p>\n<p>\u2022\u00a0 Acomoda\u00e7\u00e3o em fam\u00edlias  (meia-pens\u00e3o), residencial self-catering com wc   privada (18+)<\/p>\n","protected":false},"excerpt":{"rendered":"<p>Uma cidade universit\u00e1ria mundialmente conhecida, cresceu e inclui 31 col\u00e9gios. Alguns deles t\u00eam a mais bela arquitectura da cidade e t\u00eam reputa\u00e7\u00e3o pela descoberta cient\u00edfica e brio. Cambridge \u00e9 uma cidade estudantil agitada. Os estudantes s\u00e3o atra\u00eddos pela sua maravilhosa atmosfera hist\u00f3rica, cultura, &#8220;punting&#8221; (barcos de fundo achatado) e vida nocturna. \u00c9 uma escolha muito [&hellip;]<\/p>\n","protected":false},"author":2,"featured_media":0,"parent":394,"menu_order":18,"comment_status":"open","ping_status":"closed","template":"","meta":{"footnotes":"","_links_to":"","_links_to_target":""},"class_list":["post-405","page","type-page","status-publish","hentry"],"_links":{"self":[{"href":"https:\/\/seelearningcenter.pt\/pt-pt\/wp-json\/wp\/v2\/pages\/405","targetHints":{"allow":["GET"]}}],"collection":[{"href":"https:\/\/seelearningcenter.pt\/pt-pt\/wp-json\/wp\/v2\/pages"}],"about":[{"href":"https:\/\/seelearningcenter.pt\/pt-pt\/wp-json\/wp\/v2\/types\/page"}],"author":[{"embeddable":true,"href":"https:\/\/seelearningcenter.pt\/pt-pt\/wp-json\/wp\/v2\/users\/2"}],"replies":[{"embeddable":true,"href":"https:\/\/seelearningcenter.pt\/pt-pt\/wp-json\/wp\/v2\/comments?post=405"}],"version-history":[{"count":2,"href":"https:\/\/seelearningcenter.pt\/pt-pt\/wp-json\/wp\/v2\/pages\/405\/revisions"}],"predecessor-version":[{"id":1913,"href":"https:\/\/seelearningcenter.pt\/pt-pt\/wp-json\/wp\/v2\/pages\/405\/revisions\/1913"}],"up":[{"embeddable":true,"href":"https:\/\/seelearningcenter.pt\/pt-pt\/wp-json\/wp\/v2\/pages\/394"}],"wp:attachment":[{"href":"https:\/\/seelearningcenter.pt\/pt-pt\/wp-json\/wp\/v2\/media?parent=405"}],"curies":[{"name":"wp","href":"https:\/\/api.w.org\/{rel}","templated":true}]}}