{"id":402,"date":"2010-07-04T18:13:17","date_gmt":"2010-07-04T22:13:17","guid":{"rendered":"http:\/\/seelearningcenter.pt\/"},"modified":"2010-09-17T19:21:45","modified_gmt":"2010-09-17T23:21:45","slug":"brighton","status":"publish","type":"page","link":"https:\/\/seelearningcenter.pt\/pt-pt\/see-cursos-no-estrangeiro\/reino-unido\/brighton\/","title":{"rendered":"BRIGHTON"},"content":{"rendered":"<p><strong>Brighton  \u00e9 uma cidade \u00fanica, cosmopolita,   exc\u00eantrica e cheia de estilo, \u00e0  beira-mar, que oferece maravilhosas   oportunidades para compras.<\/strong><strong><\/p>\n<p><\/strong>O extraordin\u00e1rio Pal\u00e1cio Real   &#8211; The Royal  Pavilion &#8211; as terras hist\u00f3ricas, o Pier \u00e0 beira-mar, os fascinantes    museus, a atarefada marina, a abundante arte e cultura e os eventos  coloridos   que ocorrem ao longo do ano combinam-se para crear uma  cidade vibrante e   especial.<\/p>\n<p><img loading=\"lazy\" decoding=\"async\" src=\"http:\/\/www.seelearningcenter.pt\/images\/22_img_colegios.jpg\" alt=\"\" width=\"434\" height=\"287\" \/><\/p>\n<p>Uma mistura luminosa de mar e  cidade, Brighton \u00e9 uma cidade com uma   encantadora heran\u00e7a, local  fabuloso para lazer.<\/p>\n<p><strong>Brighton Centre (16+) <\/strong><\/p>\n<p>\u2022\u00a0 Idade: 16+<\/p>\n<p><img loading=\"lazy\" decoding=\"async\" src=\"http:\/\/www.seelearningcenter.pt\/images\/24_img_colegios.jpg\" alt=\"\" width=\"434\" height=\"281\" \/><\/p>\n<p>\u2022\u00a0 Centro situado num edif\u00edcio  Eduardiano perto do mar e do centro da cidade<\/p>\n<p>\u2022\u00a0 Acesso a Internet Wireless e  correio electr\u00f3nico<\/p>\n<p>\u2022\u00a0 Suite multimedia de  computadores<\/p>\n<p><img loading=\"lazy\" decoding=\"async\" src=\"http:\/\/www.seelearningcenter.pt\/images\/25_img_colegios.jpg\" alt=\"\" width=\"434\" height=\"271\" \/><\/p>\n<p>\u2022\u00a0 Jardim para alunos<\/p>\n<p><img loading=\"lazy\" decoding=\"async\" src=\"http:\/\/www.seelearningcenter.pt\/images\/23_img_colegios.jpg\" alt=\"\" width=\"434\" height=\"280\" \/><\/p>\n<p>\u2022\u00a0 Transferes para o aeroporto  opcionais<\/p>\n<p>\u2022\u00a0 Acomoda\u00e7\u00e3o fam\u00edlia (todo o ano)  ou residencial de estudantes (s\u00f3 no ver\u00e3o   e idade: 18+)<\/p>\n<p>\u2022\u00a0 Meia pens\u00e3o<\/p>\n<p>\u2022\u00a0 M\u00e1ximo de alunos por aula: 15<\/p>\n<p><strong>Col\u00e9gio de Brighton (8-17) <\/strong><\/p>\n<p>O col\u00e9gio de Brighton \u00e9 um campus  muito atractivo situado apenas a alguns   minutos a p\u00e9 das praias e do  centro da cidade, a qual \u00e9 famosa como sendo uma   das mais excitantes e  vibrantes cidades do Reino Unido com vista para o mar.<\/p>\n<p><img loading=\"lazy\" decoding=\"async\" src=\"http:\/\/www.seelearningcenter.pt\/images\/26_img_colegios.jpg\" alt=\"\" width=\"434\" height=\"284\" \/><\/p>\n<p>Voleibol de praia, windsurf ou  divertimento no Brightoon Pier s\u00e3o apenas   algumas das muitas coisas  que se podem fazer em Brighton. Brighton \u00e9, tamb\u00e9m,   uma cidade  hist\u00f3rica &#8211; o Royal Pavilion domina a cidade com o seu explendor &#8211;   com  muitos lugares fascinantes para visitar.<\/p>\n<p>Ou porque n\u00e3o vaguear pelas Lanes &#8211;  o famoso e exclusivo districto das   compras?<\/p>\n<p><img loading=\"lazy\" decoding=\"async\" src=\"http:\/\/www.seelearningcenter.pt\/images\/27_img_colegios.jpg\" alt=\"\" width=\"434\" height=\"276\" \/><\/p>\n<p>Sem d\u00favida, Brighton \u00e9 um dos  lugares mais atractivos para um aluno de   l\u00ednguas adolescente! A  acomoda\u00e7\u00e3o do col\u00e9gio foi renovada e remobilada   recentemente.<\/p>\n<p><strong>Ficheiro da escola: <\/strong><\/p>\n<p>\u2022\u00a0 Idade: 8-12 and 13-17<\/p>\n<p>\u2022\u00a0 Pavilh\u00e3o de desportos  totalmente equipado<\/p>\n<p>\u2022\u00a0 Campos de jogos<\/p>\n<p>\u2022\u00a0 Cortes de T\u00e9nis<\/p>\n<p>\u2022\u00a0 Salas comuns com TV e video<\/p>\n<p>\u2022\u00a0 Teatro interior<\/p>\n<p>\u2022\u00a0 Principalmente quartos  individuais e duplos com um m\u00e1ximo de quatro alunos   a partilhar.  Facilidaes de duche e banho modernas.<\/p>\n<p>\u2022\u00a0 N\u00famero de camas: 140<\/p>\n<p>\u2022\u00a0 O refeit\u00f3rio oferece uma  escolha entre pequeno-almo\u00e7o ingl\u00eas ou   continental, almo\u00e7o e jantar  self-service de dois pratos. O &#8220;Caf\u00e9 de Paris&#8221;   tamb\u00e9m est\u00e1 aberto  durante os intervalos para os alunos comprarem refrescos.<\/p>\n<p>\u2022\u00a0 Excurss\u00f5es de dia inteiro  incluem Londres e Canterbury. Excurss\u00f5es de   meio-dia incluem  Portsmouth, Hastings ou Arundel.<\/p>\n","protected":false},"excerpt":{"rendered":"<p>Brighton \u00e9 uma cidade \u00fanica, cosmopolita, exc\u00eantrica e cheia de estilo, \u00e0 beira-mar, que oferece maravilhosas oportunidades para compras. O extraordin\u00e1rio Pal\u00e1cio Real &#8211; The Royal Pavilion &#8211; as terras hist\u00f3ricas, o Pier \u00e0 beira-mar, os fascinantes museus, a atarefada marina, a abundante arte e cultura e os eventos coloridos que ocorrem ao longo do [&hellip;]<\/p>\n","protected":false},"author":2,"featured_media":0,"parent":394,"menu_order":16,"comment_status":"open","ping_status":"closed","template":"","meta":{"footnotes":"","_links_to":"","_links_to_target":""},"_links":{"self":[{"href":"https:\/\/seelearningcenter.pt\/pt-pt\/wp-json\/wp\/v2\/pages\/402"}],"collection":[{"href":"https:\/\/seelearningcenter.pt\/pt-pt\/wp-json\/wp\/v2\/pages"}],"about":[{"href":"https:\/\/seelearningcenter.pt\/pt-pt\/wp-json\/wp\/v2\/types\/page"}],"author":[{"embeddable":true,"href":"https:\/\/seelearningcenter.pt\/pt-pt\/wp-json\/wp\/v2\/users\/2"}],"replies":[{"embeddable":true,"href":"https:\/\/seelearningcenter.pt\/pt-pt\/wp-json\/wp\/v2\/comments?post=402"}],"version-history":[{"count":3,"href":"https:\/\/seelearningcenter.pt\/pt-pt\/wp-json\/wp\/v2\/pages\/402\/revisions"}],"predecessor-version":[{"id":404,"href":"https:\/\/seelearningcenter.pt\/pt-pt\/wp-json\/wp\/v2\/pages\/402\/revisions\/404"}],"up":[{"embeddable":true,"href":"https:\/\/seelearningcenter.pt\/pt-pt\/wp-json\/wp\/v2\/pages\/394"}],"wp:attachment":[{"href":"https:\/\/seelearningcenter.pt\/pt-pt\/wp-json\/wp\/v2\/media?parent=402"}],"curies":[{"name":"wp","href":"https:\/\/api.w.org\/{rel}","templated":true}]}}