{"id":400,"date":"2010-07-04T18:12:10","date_gmt":"2010-07-04T22:12:10","guid":{"rendered":"http:\/\/seelearningcenter.pt\/"},"modified":"2010-09-17T19:21:05","modified_gmt":"2010-09-17T23:21:05","slug":"berkshire","status":"publish","type":"page","link":"https:\/\/seelearningcenter.pt\/pt-pt\/see-cursos-no-estrangeiro\/reino-unido\/berkshire\/","title":{"rendered":"BERKSHIRE"},"content":{"rendered":"<p><strong>O  Col\u00e9gio Berkshire \u00e9 um dos principais   col\u00e9gios vocacionais, com  muitos edif\u00edcios hist\u00f3ricos datados do s\u00e9culo XVIII e   com acres de  terras, campos de jogos e jardins a perder de vista. <\/strong><strong><\/p>\n<p>A vila comunit\u00e1ria de Maidenhead fica a   aproximadamente  6km do col\u00e9gio. <\/strong><\/p>\n<p>Com o seu centro   de compras moderno e centro comercial e  sem tr\u00e1fico na rua principal, Maidenhead   \u00e9 uma escolha ideal para  jovens. Tem um centro de desporto e lazer moderno com   piscina, gin\u00e1sio  e cafetaria, bowling e esta\u00e7\u00e3o de comboio com comboois   frequentes  para a esta\u00e7\u00e3o de Paddington em Londres (40 minutos).<\/p>\n<p><strong>Ficheiro da Escola: <\/strong><\/p>\n<p>\u2022\u00a0 Idade: 8-12 e 13-17<\/p>\n<p>\u2022\u00a0 Corte de T\u00e9nis<\/p>\n<p>\u2022\u00a0 Pavilh\u00e3o de desportos<\/p>\n<p>\u2022\u00a0 Piscina exterior<\/p>\n<p>\u2022\u00a0 Campos de jogos<\/p>\n<p>\u2022\u00a0 Acomoda\u00e7\u00e3o em fam\u00edlias ou  col\u00e9gio. Quartos individuais, duplos, triplos ou   qu\u00e1druplos, a maioria  com lavat\u00f3rio.<\/p>\n<p>\u2022\u00a0 Pequeno-almo\u00e7o continental ou  ingles, almo\u00e7o e jantar de 2 pratos quentes,   numa cafetaria moderna  com self-service (no col\u00e9gio); pequeno-almo\u00e7o   continental, almo\u00e7o  volante e jantar (em fam\u00edlias)<\/p>\n<p>\u2022\u00a0 Excurss\u00f5es de dia inteiro  incluem Londres e Oxford. Excurss\u00f5es de meio-dia   incluem Windsor e  Eton ou Reading ou Henley on Thame.<\/p>\n","protected":false},"excerpt":{"rendered":"<p>O Col\u00e9gio Berkshire \u00e9 um dos principais col\u00e9gios vocacionais, com muitos edif\u00edcios hist\u00f3ricos datados do s\u00e9culo XVIII e com acres de terras, campos de jogos e jardins a perder de vista. A vila comunit\u00e1ria de Maidenhead fica a aproximadamente 6km do col\u00e9gio. Com o seu centro de compras moderno e centro comercial e sem tr\u00e1fico [&hellip;]<\/p>\n","protected":false},"author":2,"featured_media":0,"parent":394,"menu_order":2,"comment_status":"open","ping_status":"closed","template":"","meta":{"footnotes":"","_links_to":"","_links_to_target":""},"class_list":["post-400","page","type-page","status-publish","hentry"],"_links":{"self":[{"href":"https:\/\/seelearningcenter.pt\/pt-pt\/wp-json\/wp\/v2\/pages\/400","targetHints":{"allow":["GET"]}}],"collection":[{"href":"https:\/\/seelearningcenter.pt\/pt-pt\/wp-json\/wp\/v2\/pages"}],"about":[{"href":"https:\/\/seelearningcenter.pt\/pt-pt\/wp-json\/wp\/v2\/types\/page"}],"author":[{"embeddable":true,"href":"https:\/\/seelearningcenter.pt\/pt-pt\/wp-json\/wp\/v2\/users\/2"}],"replies":[{"embeddable":true,"href":"https:\/\/seelearningcenter.pt\/pt-pt\/wp-json\/wp\/v2\/comments?post=400"}],"version-history":[{"count":2,"href":"https:\/\/seelearningcenter.pt\/pt-pt\/wp-json\/wp\/v2\/pages\/400\/revisions"}],"predecessor-version":[{"id":1910,"href":"https:\/\/seelearningcenter.pt\/pt-pt\/wp-json\/wp\/v2\/pages\/400\/revisions\/1910"}],"up":[{"embeddable":true,"href":"https:\/\/seelearningcenter.pt\/pt-pt\/wp-json\/wp\/v2\/pages\/394"}],"wp:attachment":[{"href":"https:\/\/seelearningcenter.pt\/pt-pt\/wp-json\/wp\/v2\/media?parent=400"}],"curies":[{"name":"wp","href":"https:\/\/api.w.org\/{rel}","templated":true}]}}