{"id":398,"date":"2010-07-04T18:10:45","date_gmt":"2010-07-04T22:10:45","guid":{"rendered":"http:\/\/seelearningcenter.pt\/"},"modified":"2010-09-17T19:56:58","modified_gmt":"2010-09-17T23:56:58","slug":"escola-bedales","status":"publish","type":"page","link":"https:\/\/seelearningcenter.pt\/pt-pt\/see-cursos-no-estrangeiro\/reino-unido\/escola-bedales\/","title":{"rendered":"ESCOLA BEDALES"},"content":{"rendered":"<p><strong>A  escola Bedales est\u00e1 situada no cora\u00e7\u00e3o de   Hampshire, perto do centro  da vila de Petersfield e com f\u00e1cil acesso aos belos   arredores de New  Forest. <\/strong><\/p>\n<p>Esta escola verdadeiramente   prestigiada tem mais de 100  anos e foi uma das primeiras escolas co-educacionais   em Inglaterra.<\/p>\n<p><img loading=\"lazy\" decoding=\"async\" src=\"http:\/\/www.seelearningcenter.pt\/images\/bedales1.jpg\" alt=\"\" width=\"434\" height=\"271\" \/><\/p>\n<p>Petersfield \u00e9 uma vila antiga numa  \u00e1rea de extraordin\u00e1ria beleza. \u00c9 uma das   poucas vilas do Sudeste a  manter o seu mercado bisemanal, o qual \u00e9 realizado no   mesmo local  desde que a vila foi fundada no s\u00e9culo XII. A vila mistura antigo   com  moderno atrav\u00e9s do seu complexo de piscinas moderno com escorregas.<\/p>\n<p>Petersfield tamb\u00e9m tem boas  liga\u00e7\u00f5es a Londres &#8211; 1 hora de comboio. A vila   fica a apenas 15  minutos a p\u00e9 da vila e oferece uma grande variedade de lojas,    restaurantes e facilidades.<\/p>\n<p><strong>Ficheiro da Escola: <\/strong><\/p>\n<p>\u2022\u00a0 Idade: 8-12 e 13-17<\/p>\n<p>\u2022\u00a0 Gin\u00e1sio<\/p>\n<p><img loading=\"lazy\" decoding=\"async\" src=\"http:\/\/www.seelearningcenter.pt\/images\/bedales2.jpg\" alt=\"\" width=\"434\" height=\"325\" \/><\/p>\n<p>\u2022\u00a0 Campos de jogos<\/p>\n<p>\u2022\u00a0 Teatro interior<\/p>\n<p>\u2022\u00a0 Quartos m\u00faltiplos com entre uma  e cinco camas. Duche e wc pr\u00f3ximo. Em tr\u00eas   casas recentemente  remobiladas a 2 minutos a p\u00e9 da escola proncipal e da sala de   jantar.<\/p>\n<p><img loading=\"lazy\" decoding=\"async\" src=\"http:\/\/www.seelearningcenter.pt\/images\/bedales3.jpg\" alt=\"\" width=\"434\" height=\"293\" \/><\/p>\n<p>\u2022\u00a0 N\u00famero m\u00e1ximo de camas: 450.<\/p>\n<p>\u2022\u00a0 Pequeno-almo\u00e7o, almo\u00e7o e  jantar. Cafetaria estilo self-service. Almo\u00e7o   volante para excurss\u00f5es.<\/p>\n<p>\u2022\u00a0 Excurss\u00f5es de dia inteiro  incluem Londres e Brighton. Excurss\u00f5es de   meio-dia incluem Chichester  ou Winchester ou Portsmouth.<\/p>\n","protected":false},"excerpt":{"rendered":"<p>A escola Bedales est\u00e1 situada no cora\u00e7\u00e3o de Hampshire, perto do centro da vila de Petersfield e com f\u00e1cil acesso aos belos arredores de New Forest. Esta escola verdadeiramente prestigiada tem mais de 100 anos e foi uma das primeiras escolas co-educacionais em Inglaterra. Petersfield \u00e9 uma vila antiga numa \u00e1rea de extraordin\u00e1ria beleza. \u00c9 [&hellip;]<\/p>\n","protected":false},"author":2,"featured_media":0,"parent":394,"menu_order":10,"comment_status":"open","ping_status":"closed","template":"","meta":{"footnotes":"","_links_to":"","_links_to_target":""},"class_list":["post-398","page","type-page","status-publish","hentry"],"_links":{"self":[{"href":"https:\/\/seelearningcenter.pt\/pt-pt\/wp-json\/wp\/v2\/pages\/398","targetHints":{"allow":["GET"]}}],"collection":[{"href":"https:\/\/seelearningcenter.pt\/pt-pt\/wp-json\/wp\/v2\/pages"}],"about":[{"href":"https:\/\/seelearningcenter.pt\/pt-pt\/wp-json\/wp\/v2\/types\/page"}],"author":[{"embeddable":true,"href":"https:\/\/seelearningcenter.pt\/pt-pt\/wp-json\/wp\/v2\/users\/2"}],"replies":[{"embeddable":true,"href":"https:\/\/seelearningcenter.pt\/pt-pt\/wp-json\/wp\/v2\/comments?post=398"}],"version-history":[{"count":3,"href":"https:\/\/seelearningcenter.pt\/pt-pt\/wp-json\/wp\/v2\/pages\/398\/revisions"}],"predecessor-version":[{"id":1953,"href":"https:\/\/seelearningcenter.pt\/pt-pt\/wp-json\/wp\/v2\/pages\/398\/revisions\/1953"}],"up":[{"embeddable":true,"href":"https:\/\/seelearningcenter.pt\/pt-pt\/wp-json\/wp\/v2\/pages\/394"}],"wp:attachment":[{"href":"https:\/\/seelearningcenter.pt\/pt-pt\/wp-json\/wp\/v2\/media?parent=398"}],"curies":[{"name":"wp","href":"https:\/\/api.w.org\/{rel}","templated":true}]}}