{"id":396,"date":"2010-07-04T18:08:53","date_gmt":"2010-07-04T22:08:53","guid":{"rendered":"http:\/\/seelearningcenter.pt\/"},"modified":"2010-07-05T14:50:17","modified_gmt":"2010-07-05T18:50:17","slug":"bearwood","status":"publish","type":"page","link":"https:\/\/seelearningcenter.pt\/pt-pt\/see-cursos-no-estrangeiro\/reino-unido\/bearwood\/","title":{"rendered":"BEARWOOD (WOKINGHAM &#8211; READING)"},"content":{"rendered":"<p><strong>O  col\u00e9gio de Bearwood est\u00e1 situado em mais   de 5000 acres com um lago  provado e est\u00e1 rodeado por um bonito bosque. <\/strong><\/p>\n<p>A Mans\u00e3o \u00e9 o centro do col\u00e9gio, \u00e0 volta da qual todos os    outros edif\u00edcios est\u00e3o localizados. Est\u00e1situado perto de Reading em  Berkshire   com acesso f\u00e1cil a Londres de autocarro ou comboio.<\/p>\n<p><img loading=\"lazy\" decoding=\"async\" src=\"http:\/\/www.seelearningcenter.pt\/images\/31_img_colegios.jpg\" alt=\"\" width=\"434\" height=\"327\" \/><\/p>\n<p>Em 1827, a escola foi usada pela  primeira vez para cuidar de e educar   crian\u00e7as daqueles &#8220;perdidos no  mar&#8221;, \u00f3rf\u00e3os da Royal Merchant Navy. Em 1961,   tornou-se uma escola  independente, sob o seu novo nome de Bearwood.<\/p>\n<p><strong>Ficheiro da Escola:<\/strong><\/p>\n<p>\u2022\u00a0 Idade: 11-17<\/p>\n<p>\u2022\u00a0 4 cortes de t\u00e9nis<\/p>\n<p>\u2022\u00a0 Pavilh\u00e3o de desportos<\/p>\n<p><img loading=\"lazy\" decoding=\"async\" src=\"http:\/\/www.seelearningcenter.pt\/images\/32_img_colegios.jpg\" alt=\"\" width=\"434\" height=\"273\" \/><\/p>\n<p>\u2022\u00a0 Piscina interior<\/p>\n<p>\u2022\u00a0 Corte de Netball exterior<\/p>\n<p>\u2022\u00a0 Campos de jogos extensos<\/p>\n<p>\u2022\u00a0 Pavilh\u00e3o de actividades<\/p>\n<p>\u2022\u00a0 Sala de artes<\/p>\n<p>\u2022\u00a0 Quartos m\u00faltiplos de 1-4 camas.  Quartos maiores est\u00e3o dispon\u00edveis sob   requerimento. Duches e wc em  cada andar.<\/p>\n<p><img loading=\"lazy\" decoding=\"async\" src=\"http:\/\/www.seelearningcenter.pt\/images\/33_img_colegios.jpg\" alt=\"\" width=\"434\" height=\"265\" \/><\/p>\n<p>\u2022\u00a0 N\u00famero m\u00e1ximo de camas: 180 em 4  casas de acomoda\u00e7\u00e3o.<\/p>\n<p>\u2022\u00a0 Pequeno-almo\u00e7o ingl\u00eas ou  continental, almo\u00e7o e jantar. Almo\u00e7o volante para   excurss\u00f5es de dia  inteiro.<\/p>\n<p>\u2022\u00a0 Excurss\u00f5es de dia inteiro  incluem Londres e Oxford. Excurss\u00f5es de meio-dia   incluem Windsor ,  Reading ou Henley-on-Thames<\/p>\n","protected":false},"excerpt":{"rendered":"<p>O col\u00e9gio de Bearwood est\u00e1 situado em mais de 5000 acres com um lago provado e est\u00e1 rodeado por um bonito bosque. A Mans\u00e3o \u00e9 o centro do col\u00e9gio, \u00e0 volta da qual todos os outros edif\u00edcios est\u00e3o localizados. Est\u00e1situado perto de Reading em Berkshire com acesso f\u00e1cil a Londres de autocarro ou comboio. Em [&hellip;]<\/p>\n","protected":false},"author":2,"featured_media":0,"parent":394,"menu_order":24,"comment_status":"open","ping_status":"closed","template":"","meta":{"footnotes":"","_links_to":"","_links_to_target":""},"class_list":["post-396","page","type-page","status-publish","hentry"],"_links":{"self":[{"href":"https:\/\/seelearningcenter.pt\/pt-pt\/wp-json\/wp\/v2\/pages\/396","targetHints":{"allow":["GET"]}}],"collection":[{"href":"https:\/\/seelearningcenter.pt\/pt-pt\/wp-json\/wp\/v2\/pages"}],"about":[{"href":"https:\/\/seelearningcenter.pt\/pt-pt\/wp-json\/wp\/v2\/types\/page"}],"author":[{"embeddable":true,"href":"https:\/\/seelearningcenter.pt\/pt-pt\/wp-json\/wp\/v2\/users\/2"}],"replies":[{"embeddable":true,"href":"https:\/\/seelearningcenter.pt\/pt-pt\/wp-json\/wp\/v2\/comments?post=396"}],"version-history":[{"count":2,"href":"https:\/\/seelearningcenter.pt\/pt-pt\/wp-json\/wp\/v2\/pages\/396\/revisions"}],"predecessor-version":[{"id":668,"href":"https:\/\/seelearningcenter.pt\/pt-pt\/wp-json\/wp\/v2\/pages\/396\/revisions\/668"}],"up":[{"embeddable":true,"href":"https:\/\/seelearningcenter.pt\/pt-pt\/wp-json\/wp\/v2\/pages\/394"}],"wp:attachment":[{"href":"https:\/\/seelearningcenter.pt\/pt-pt\/wp-json\/wp\/v2\/media?parent=396"}],"curies":[{"name":"wp","href":"https:\/\/api.w.org\/{rel}","templated":true}]}}