{"id":394,"date":"2010-07-04T18:06:55","date_gmt":"2010-07-04T22:06:55","guid":{"rendered":"http:\/\/seelearningcenter.pt\/"},"modified":"2010-09-17T21:56:59","modified_gmt":"2010-09-18T01:56:59","slug":"reino-unido","status":"publish","type":"page","link":"https:\/\/seelearningcenter.pt\/pt-pt\/see-cursos-no-estrangeiro\/reino-unido\/","title":{"rendered":"Reino Unido"},"content":{"rendered":"<table id=\"uk_table\" border=\"0\" cellspacing=\"0\" cellpadding=\"1\" width=\"100%\">\n<tbody>\n<tr>\n<td width=\"33%\" height=\"24\"><strong>Col\u00e9gios no Reino Unido<\/strong><\/td>\n<td width=\"1%\"><img loading=\"lazy\" decoding=\"async\" src=\"http:\/\/www.seelearningcenter.pt\/images\/transp.gif\" alt=\"\" width=\"15\" height=\"1\" \/><\/td>\n<td rowspan=\"22\" valign=\"top\"><img loading=\"lazy\" decoding=\"async\" src=\"http:\/\/www.seelearningcenter.pt\/images\/mapa_colegios_uk.jpg\" alt=\"\" width=\"434\" height=\"364\" \/><\/td>\n<\/tr>\n<tr>\n<td height=\"24\"><a href=\"http:\/\/seelearningcenter.pt\/pt-pt\/see-cursos-no-estrangeiro\/reino-unido\/londres\/\">Londres<\/a><\/td>\n<td><\/td>\n<\/tr>\n<tr>\n<td height=\"24\"><a href=\"http:\/\/seelearningcenter.pt\/pt-pt\/see-cursos-no-estrangeiro\/reino-unido\/berkshire\/\">Berkshire   (Maidenhead)<\/a><\/td>\n<td><\/td>\n<\/tr>\n<tr>\n<td height=\"24\"><a href=\"http:\/\/seelearningcenter.pt\/pt-pt\/see-cursos-no-estrangeiro\/reino-unido\/teikyo-windsor\/\">Col\u00e9gio Windsor<\/a><\/td>\n<td><\/td>\n<\/tr>\n<tr>\n<td height=\"24\"><a href=\"http:\/\/seelearningcenter.pt\/pt-pt\/see-cursos-no-estrangeiro\/reino-unido\/stonar-bath\/\">Stonar School  (Bath)<\/a><\/td>\n<td><\/td>\n<\/tr>\n<tr>\n<td height=\"24\"><a href=\"http:\/\/seelearningcenter.pt\/pt-pt\/see-cursos-no-estrangeiro\/reino-unido\/shiplake-henley-on-thames\/\">Shiplake   (Henley-on-Thames)<\/a><\/td>\n<td><\/td>\n<\/tr>\n<tr>\n<td height=\"24\"><a href=\"http:\/\/seelearningcenter.pt\/pt-pt\/see-cursos-no-estrangeiro\/reino-unido\/escola-bedales\/\">Bedales   School (Petersfield-Portmouth)<\/a><\/td>\n<td><\/td>\n<\/tr>\n<tr>\n<td height=\"24\"><a href=\"http:\/\/seelearningcenter.pt\/pt-pt\/see-cursos-no-estrangeiro\/reino-unido\/universidade-de-reading\/\">Universidade de Reading<\/a><\/td>\n<td><\/td>\n<\/tr>\n<tr>\n<td height=\"24\"><a href=\"http:\/\/seelearningcenter.pt\/pt-pt\/see-cursos-no-estrangeiro\/reino-unido\/escola-royal-hospital-holbroock-ipswich\/\">Royal Hospital School (Holbrook-Ispwich)<\/a><\/td>\n<td><\/td>\n<\/tr>\n<tr>\n<td height=\"24\"><a href=\"http:\/\/seelearningcenter.pt\/pt-pt\/see-cursos-no-estrangeiro\/reino-unido\/brighton\/\">Brighton<\/a><\/td>\n<td><\/td>\n<\/tr>\n<tr>\n<td height=\"24\"><a href=\"http:\/\/seelearningcenter.pt\/pt-pt\/see-cursos-no-estrangeiro\/reino-unido\/cambridge\/\">Cambridge<\/a><\/td>\n<td><\/td>\n<\/tr>\n<tr>\n<td height=\"24\"><a href=\"http:\/\/seelearningcenter.pt\/pt-pt\/see-cursos-no-estrangeiro\/reino-unido\/oxford\/\">Oxford<\/a><\/td>\n<td><\/td>\n<\/tr>\n<tr>\n<td height=\"24\"><a href=\"http:\/\/seelearningcenter.pt\/pt-pt\/see-cursos-no-estrangeiro\/reino-unido\/416-2\/\">Hastings<\/a><\/td>\n<td><\/td>\n<\/tr>\n<tr>\n<td height=\"24\"><a href=\"http:\/\/seelearningcenter.pt\/pt-pt\/see-cursos-no-estrangeiro\/reino-unido\/bearwood\/\">Bearwood   (Wokingham-Reading)<\/a><\/td>\n<td><\/td>\n<\/tr>\n<tr>\n<td height=\"24\"><a href=\"http:\/\/seelearningcenter.pt\/pt-pt\/see-cursos-no-estrangeiro\/reino-unido\/dorton\/\">Dorton   (Sevenoaks)<\/a><\/td>\n<td><\/td>\n<\/tr>\n<tr>\n<td height=\"24\"><a href=\"http:\/\/seelearningcenter.pt\/pt-pt\/see-cursos-no-estrangeiro\/reino-unido\/ellesmere\/\">Ellesmere<\/a><\/td>\n<td><\/td>\n<\/tr>\n<tr>\n<td height=\"24\"><a href=\"http:\/\/seelearningcenter.pt\/pt-pt\/see-cursos-no-estrangeiro\/reino-unido\/colegio-de-musica-real-do-norte-manchester\/\">Col\u00e9gio de M\u00fasica Real Do Norte (Manchester) <\/a><\/td>\n<td><\/td>\n<\/tr>\n<tr>\n<td height=\"24\"><a href=\"http:\/\/seelearningcenter.pt\/pt-pt\/see-cursos-no-estrangeiro\/reino-unido\/colegio-rossal\/\">Col\u00e9gio Rossal<\/a><\/td>\n<td><\/td>\n<\/tr>\n<tr>\n<td height=\"24\"><a href=\"http:\/\/seelearningcenter.pt\/pt-pt\/see-cursos-no-estrangeiro\/reino-unido\/colegio-myerscough\/\">Myerscough<\/a><\/td>\n<td><\/td>\n<\/tr>\n<tr>\n<td height=\"24\"><a href=\"http:\/\/seelearningcenter.pt\/pt-pt\/see-cursos-no-estrangeiro\/reino-unido\/eastbourne\/\">Eastbourne<\/a><\/td>\n<td><\/td>\n<\/tr>\n<tr>\n<td height=\"24\"><a href=\"http:\/\/seelearningcenter.pt\/pt-pt\/see-cursos-no-estrangeiro\/reino-unido\/whitgift\/\">Whitgift School <\/a><\/td>\n<td><\/td>\n<\/tr>\n<tr>\n<td height=\"24\"><a href=\"http:\/\/seelearningcenter.pt\/pt-pt\/see-cursos-no-estrangeiro\/reino-unido\/esher\/\">Esher<\/a><\/td>\n<\/tr>\n<\/tbody>\n<\/table>\n<p><a href=\"http:\/\/seelearningcenter.pt\/pt-pt\/world-education-2\/acomodacao\/\"><strong>Veja Acomoda\u00e7\u00e3o   \u00bb<\/strong><\/a><\/p>\n","protected":false},"excerpt":{"rendered":"<p>Col\u00e9gios no Reino Unido Londres Berkshire (Maidenhead) Col\u00e9gio Windsor Stonar School (Bath) Shiplake (Henley-on-Thames) Bedales School (Petersfield-Portmouth) Universidade de Reading Royal Hospital School (Holbrook-Ispwich) Brighton Cambridge Oxford Hastings Bearwood (Wokingham-Reading) Dorton (Sevenoaks) Ellesmere Col\u00e9gio de M\u00fasica Real Do Norte (Manchester) Col\u00e9gio Rossal Myerscough Eastbourne Whitgift School Esher Veja Acomoda\u00e7\u00e3o \u00bb<\/p>\n","protected":false},"author":2,"featured_media":0,"parent":391,"menu_order":0,"comment_status":"open","ping_status":"closed","template":"","meta":{"footnotes":"","_links_to":"","_links_to_target":""},"_links":{"self":[{"href":"https:\/\/seelearningcenter.pt\/pt-pt\/wp-json\/wp\/v2\/pages\/394"}],"collection":[{"href":"https:\/\/seelearningcenter.pt\/pt-pt\/wp-json\/wp\/v2\/pages"}],"about":[{"href":"https:\/\/seelearningcenter.pt\/pt-pt\/wp-json\/wp\/v2\/types\/page"}],"author":[{"embeddable":true,"href":"https:\/\/seelearningcenter.pt\/pt-pt\/wp-json\/wp\/v2\/users\/2"}],"replies":[{"embeddable":true,"href":"https:\/\/seelearningcenter.pt\/pt-pt\/wp-json\/wp\/v2\/comments?post=394"}],"version-history":[{"count":41,"href":"https:\/\/seelearningcenter.pt\/pt-pt\/wp-json\/wp\/v2\/pages\/394\/revisions"}],"predecessor-version":[{"id":2073,"href":"https:\/\/seelearningcenter.pt\/pt-pt\/wp-json\/wp\/v2\/pages\/394\/revisions\/2073"}],"up":[{"embeddable":true,"href":"https:\/\/seelearningcenter.pt\/pt-pt\/wp-json\/wp\/v2\/pages\/391"}],"wp:attachment":[{"href":"https:\/\/seelearningcenter.pt\/pt-pt\/wp-json\/wp\/v2\/media?parent=394"}],"curies":[{"name":"wp","href":"https:\/\/api.w.org\/{rel}","templated":true}]}}