{"id":389,"date":"2010-07-04T18:03:14","date_gmt":"2010-07-04T22:03:14","guid":{"rendered":"http:\/\/seelearningcenter.pt\/"},"modified":"2010-10-03T14:21:16","modified_gmt":"2010-10-03T18:21:16","slug":"irlanda","status":"publish","type":"page","link":"https:\/\/seelearningcenter.pt\/pt-pt\/see-cursos-no-estrangeiro\/irlanda\/","title":{"rendered":"Irlanda"},"content":{"rendered":"<p><strong>Dublim, a capital da Irlanda, \u00e9 uma cidade movimentada e vibrante. H\u00e1 mitos a cada esquina.<\/strong><\/p>\n<table>\n<tbody>\n<tr>\n<td>A Irlanda \u00e9 um pa\u00eds com tradi\u00e7\u00f5es ricas e mais de 1000 anos de hist\u00f3ria, elegante arquitectura Georgiana, cultura e m\u00fasica Celtas vivas, vida nocturna animada e muitas maravilhas naturais, incluindo mar, serra e, claro, campos verdejantes. Combine tudo isto com um sentiment artistic, colorido e moderno, e encontrar-se-\u00e1 em Dublim, Irlanda.<\/td>\n<td><img loading=\"lazy\" decoding=\"async\" class=\"alignright size-medium wp-image-2803\" title=\"SEE IRELAND (22)\" src=\"http:\/\/seelearningcenter.pt\/wp-content\/uploads\/2010\/06\/SEE-IRELAND-22-300x200.jpg\" alt=\"\" width=\"300\" height=\"200\" srcset=\"https:\/\/seelearningcenter.pt\/wp-content\/uploads\/2010\/06\/SEE-IRELAND-22-300x200.jpg 300w, https:\/\/seelearningcenter.pt\/wp-content\/uploads\/2010\/06\/SEE-IRELAND-22-1024x682.jpg 1024w\" sizes=\"(max-width: 300px) 100vw, 300px\" \/><\/td>\n<\/tr>\n<tr>\n<td>Dublim \u00e9 uma cidade movimentada que tem algo que agrada a toda a gente. Definitivamente contempor\u00e2nea com um car\u00e1cter vibrante, Dublim continua a honrar a Irlanda tradicional, apesar da sua popula\u00e7\u00e3o relativamente jovem. Os alunos t\u00eam muito para fazer e ver incluindo: museus, lojas, restaurantes, parques, teatros e m\u00fasica. Venha e experiencie uma Noite Irlandesa!<\/td>\n<td><img loading=\"lazy\" decoding=\"async\" class=\"alignright size-medium wp-image-2804\" title=\"SEE IRELAND (23)\" src=\"http:\/\/seelearningcenter.pt\/wp-content\/uploads\/2010\/06\/SEE-IRELAND-23-300x225.jpg\" alt=\"\" width=\"300\" height=\"225\" srcset=\"https:\/\/seelearningcenter.pt\/wp-content\/uploads\/2010\/06\/SEE-IRELAND-23-300x225.jpg 300w, https:\/\/seelearningcenter.pt\/wp-content\/uploads\/2010\/06\/SEE-IRELAND-23-1024x768.jpg 1024w\" sizes=\"(max-width: 300px) 100vw, 300px\" \/><\/td>\n<\/tr>\n<\/tbody>\n<\/table>\n<table>\n<tbody>\n<tr>\n<td><strong><img loading=\"lazy\" decoding=\"async\" class=\"alignleft size-medium wp-image-2807\" title=\"SEE IRELAND (27)\" src=\"http:\/\/seelearningcenter.pt\/wp-content\/uploads\/2010\/06\/SEE-IRELAND-27-225x300.jpg\" alt=\"\" width=\"225\" height=\"300\" srcset=\"https:\/\/seelearningcenter.pt\/wp-content\/uploads\/2010\/06\/SEE-IRELAND-27-225x300.jpg 225w, https:\/\/seelearningcenter.pt\/wp-content\/uploads\/2010\/06\/SEE-IRELAND-27-768x1024.jpg 768w, https:\/\/seelearningcenter.pt\/wp-content\/uploads\/2010\/06\/SEE-IRELAND-27.jpg 1944w\" sizes=\"(max-width: 225px) 100vw, 225px\" \/><\/strong><\/td>\n<td><strong>Ficheiro da Escola:<\/strong><\/p>\n<ul>\n<li><strong>Idade: <\/strong>+17 anos<\/li>\n<li><strong>Localiza\u00e7\u00e3o da escola: <\/strong>no cora\u00e7\u00e3o de Dublim, perto do Trinity College e do Castelo de Dublim<\/li>\n<li><strong>Conveni\u00eancia:<\/strong> f\u00e1cil acesso a lojas, restaurantes e atrac\u00e7\u00f5es culturais<\/li>\n<li><strong>\u00cdnicio do curso:<\/strong> qualquer Segunda-feira do ano<\/li>\n<li><strong>N\u00famero de alunos por aula:<\/strong> grupos pequenos para garantir aten\u00e7\u00e3o personalizada<\/li>\n<li><strong>Facilidades:<\/strong> Sala de computadores, \u00e1rea de lazer, terra\u00e7os, centro multim\u00e9dia<\/li>\n<li><strong>Internet:<\/strong> acesso Wi-Fi gratuito<\/li>\n<li><strong>Acomoda\u00e7\u00e3o:<\/strong> Fam\u00edlias de acolhimento ou <em>self-catering<\/em><\/li>\n<li><strong>Programa de acividades: <\/strong>programa social e cultural dispon\u00edvel<\/li>\n<\/ul>\n<\/td>\n<\/tr>\n<\/tbody>\n<\/table>\n<table>\n<tbody>\n<tr>\n<td rowspan=\"2\"><strong>Aulas em Grupo:<\/strong><\/p>\n<p><span style=\"text-decoration: underline;\">Curso Geral<\/span>: 20 aulas por semana<\/p>\n<p><span style=\"text-decoration: underline;\">Curso Intensivo<\/span>: 26 aulas por semana<\/p>\n<p><strong>Aulas Combinadas: <\/strong>20 aulas por semana de Curso Geral + 5 aulas por semana de aulas individuais<\/p>\n<p><strong>Ingl\u00eas Profissional:<\/strong> Estes cursos s\u00e3o desenhados para profissionais que desejem desenvolver o seu Ingl\u00eas numa \u00e1rea-chave: Ingl\u00eas Executivo; Ingl\u00eas para Direito Internacional; Ingl\u00eas de Neg\u00f3cios, Financeiro e para Seguradoras; Ingl\u00eas para Medicina; Ingl\u00eas para Avia\u00e7\u00e3o.<\/td>\n<td><img loading=\"lazy\" decoding=\"async\" class=\"alignright size-medium wp-image-2809\" title=\"SEE IRELAND (34)\" src=\"http:\/\/seelearningcenter.pt\/wp-content\/uploads\/2010\/06\/SEE-IRELAND-34-300x118.jpg\" alt=\"\" width=\"300\" height=\"118\" srcset=\"https:\/\/seelearningcenter.pt\/wp-content\/uploads\/2010\/06\/SEE-IRELAND-34-300x118.jpg 300w, https:\/\/seelearningcenter.pt\/wp-content\/uploads\/2010\/06\/SEE-IRELAND-34-1024x403.jpg 1024w\" sizes=\"(max-width: 300px) 100vw, 300px\" \/><\/td>\n<\/tr>\n<tr>\n<td><img loading=\"lazy\" decoding=\"async\" class=\"alignright size-medium wp-image-2802\" title=\"SEE IRELAND (21)\" src=\"http:\/\/seelearningcenter.pt\/wp-content\/uploads\/2010\/06\/SEE-IRELAND-21-300x225.jpg\" alt=\"\" width=\"300\" height=\"225\" srcset=\"https:\/\/seelearningcenter.pt\/wp-content\/uploads\/2010\/06\/SEE-IRELAND-21-300x225.jpg 300w, https:\/\/seelearningcenter.pt\/wp-content\/uploads\/2010\/06\/SEE-IRELAND-21-1024x768.jpg 1024w\" sizes=\"(max-width: 300px) 100vw, 300px\" \/><\/td>\n<\/tr>\n<\/tbody>\n<\/table>\n<p><strong>Cursos de Prepara\u00e7\u00e3o para Exames:<\/strong><\/p>\n<p><span style=\"text-decoration: underline;\">Curso de Prepara\u00e7\u00e3o para Exames de Cambridge<\/span>: PET, FCE, CAE e PCE. Os cursos seguem o <em>Framework<\/em> de Cambridge. O seu n\u00edvel de Ingl\u00eas ser\u00e1 avaliado antes de ingressar num destes cursos.<\/p>\n<p><span style=\"text-decoration: underline;\">Curso de Prepara\u00e7\u00e3o para IELTS<\/span>: A maioria das universidades na Europa requerem um exame de IELTS com n\u00edvel entre 5.5 e 7.5. O n\u00edvel ideal para ingressar este curso \u00e9 Interm\u00e9dio (B1).<\/p>\n<p><strong>Curso de Forma\u00e7\u00e3o para Professores:<\/strong> Curso aprovado pelo Comenius. Apenas dispon\u00edvel no Ver\u00e3o.<\/p>\n<table width=\"100%\">\n<tbody>\n<tr>\n<td colspan=\"2\"><strong>Cursos para J\u00faniores e Teens<\/strong><\/p>\n<p><strong>Aprender Ingl\u00eas \u00e9 divertido!<\/strong> Os nossos cursos de Ver\u00e3o para J\u00faniores e Teens s\u00e3o desenhados para que aprenda Ingl\u00eas enquanto se diverte. Fa\u00e7a muitos amigos internacionais novos, participe em actividades divertidas e conhe\u00e7a a magn\u00edfica cultura Irlandesa!<\/td>\n<\/tr>\n<tr>\n<td><img loading=\"lazy\" decoding=\"async\" class=\"alignleft size-medium wp-image-2808\" title=\"SEE IRELAND (33)\" src=\"http:\/\/seelearningcenter.pt\/wp-content\/uploads\/2010\/06\/SEE-IRELAND-33-225x300.jpg\" alt=\"\" width=\"225\" height=\"300\" srcset=\"https:\/\/seelearningcenter.pt\/wp-content\/uploads\/2010\/06\/SEE-IRELAND-33-225x300.jpg 225w, https:\/\/seelearningcenter.pt\/wp-content\/uploads\/2010\/06\/SEE-IRELAND-33-768x1024.jpg 768w, https:\/\/seelearningcenter.pt\/wp-content\/uploads\/2010\/06\/SEE-IRELAND-33.jpg 1944w\" sizes=\"(max-width: 225px) 100vw, 225px\" \/><\/td>\n<td>\n<ul>\n<li><strong>Idade:<\/strong> 13-17 anos<strong> <\/strong><\/li>\n<li><strong>Centros:<\/strong> Dublin,\u00a0Navan, Wexford and Waterford<strong> <\/strong><\/li>\n<li><strong>Professores:<\/strong> nativos, qualificados e activos<strong> <\/strong><\/li>\n<li><strong>Facilidades da escola:<\/strong> facilidades acad\u00e9micas e desportivas excelentes<strong><\/strong><\/li>\n<li><strong>Actividades:<\/strong> lugares hist\u00f3ricos, artes e trabalhos manuais, dan\u00e7a e desportos, discotecas na escola ou outras actividades programadas para depois de jantar; excurs\u00f5es de dia inteiro a lugares de interesse hist\u00f3rico e cultural.<strong><\/strong><\/li>\n<li><strong>Acomoda\u00e7\u00e3o:<\/strong> fam\u00edlias de acolhimento localizadas perto da escola<strong><\/strong><\/li>\n<li><strong>Tamb\u00e9m dispon\u00edvel:<\/strong> Ingl\u00eas &amp; Rugby e Ingl\u00eas &amp; Golf<strong><\/strong><\/li>\n<li><strong>24 horas de supervis\u00e3o<\/strong><\/li>\n<\/ul>\n<\/td>\n<\/tr>\n<\/tbody>\n<\/table>\n<table width=\"100%\">\n<tbody>\n<tr>\n<td align=\"center\"><img loading=\"lazy\" decoding=\"async\" class=\"aligncenter size-medium wp-image-2806\" title=\"SEE IRELAND (25)\" src=\"http:\/\/seelearningcenter.pt\/wp-content\/uploads\/2010\/06\/SEE-IRELAND-25-300x225.jpg\" alt=\"\" width=\"180\" height=\"135\" srcset=\"https:\/\/seelearningcenter.pt\/wp-content\/uploads\/2010\/06\/SEE-IRELAND-25-300x225.jpg 300w, https:\/\/seelearningcenter.pt\/wp-content\/uploads\/2010\/06\/SEE-IRELAND-25-1024x768.jpg 1024w\" sizes=\"(max-width: 180px) 100vw, 180px\" \/><\/td>\n<td align=\"center\"><img loading=\"lazy\" decoding=\"async\" class=\"aligncenter size-medium wp-image-2800\" title=\"SEE IRELAND (16)\" src=\"http:\/\/seelearningcenter.pt\/wp-content\/uploads\/2010\/06\/SEE-IRELAND-16-300x225.jpg\" alt=\"\" width=\"180\" height=\"135\" srcset=\"https:\/\/seelearningcenter.pt\/wp-content\/uploads\/2010\/06\/SEE-IRELAND-16-300x225.jpg 300w, https:\/\/seelearningcenter.pt\/wp-content\/uploads\/2010\/06\/SEE-IRELAND-16-1024x768.jpg 1024w, https:\/\/seelearningcenter.pt\/wp-content\/uploads\/2010\/06\/SEE-IRELAND-16.jpg 2048w\" sizes=\"(max-width: 180px) 100vw, 180px\" \/><\/td>\n<td align=\"center\"><img loading=\"lazy\" decoding=\"async\" class=\"aligncenter size-medium wp-image-2801\" title=\"SEE IRELAND (20)\" src=\"http:\/\/seelearningcenter.pt\/wp-content\/uploads\/2010\/06\/SEE-IRELAND-20-300x225.jpg\" alt=\"\" width=\"180\" height=\"135\" srcset=\"https:\/\/seelearningcenter.pt\/wp-content\/uploads\/2010\/06\/SEE-IRELAND-20-300x225.jpg 300w, https:\/\/seelearningcenter.pt\/wp-content\/uploads\/2010\/06\/SEE-IRELAND-20-1024x768.jpg 1024w\" sizes=\"(max-width: 180px) 100vw, 180px\" \/><\/td>\n<td align=\"center\"><img loading=\"lazy\" decoding=\"async\" class=\"aligncenter size-medium wp-image-2805\" title=\"SEE IRELAND (24)\" src=\"http:\/\/seelearningcenter.pt\/wp-content\/uploads\/2010\/06\/SEE-IRELAND-24-300x225.jpg\" alt=\"\" width=\"180\" height=\"135\" srcset=\"https:\/\/seelearningcenter.pt\/wp-content\/uploads\/2010\/06\/SEE-IRELAND-24-300x225.jpg 300w, https:\/\/seelearningcenter.pt\/wp-content\/uploads\/2010\/06\/SEE-IRELAND-24-1024x768.jpg 1024w\" sizes=\"(max-width: 180px) 100vw, 180px\" \/><\/td>\n<\/tr>\n<\/tbody>\n<\/table>\n<p><strong>Contacte-nos para mais informa\u00e7\u00f5es sobre estes ou outros programas na Irlanda.<\/strong><\/p>\n<p><a href=\"..\/pt-pt\/world-education-2\/acomodacao\/\"><strong>Veja Acomoda\u00e7\u00e3o   \u00bb<\/strong><\/a><\/p>\n","protected":false},"excerpt":{"rendered":"<p>Dublim, a capital da Irlanda, \u00e9 uma cidade movimentada e vibrante. H\u00e1 mitos a cada esquina. A Irlanda \u00e9 um pa\u00eds com tradi\u00e7\u00f5es ricas e mais de 1000 anos de hist\u00f3ria, elegante arquitectura Georgiana, cultura e m\u00fasica Celtas vivas, vida nocturna animada e muitas maravilhas naturais, incluindo mar, serra e, claro, campos verdejantes. Combine tudo [&hellip;]<\/p>\n","protected":false},"author":2,"featured_media":0,"parent":391,"menu_order":0,"comment_status":"open","ping_status":"closed","template":"","meta":{"footnotes":"","_links_to":"","_links_to_target":""},"_links":{"self":[{"href":"https:\/\/seelearningcenter.pt\/pt-pt\/wp-json\/wp\/v2\/pages\/389"}],"collection":[{"href":"https:\/\/seelearningcenter.pt\/pt-pt\/wp-json\/wp\/v2\/pages"}],"about":[{"href":"https:\/\/seelearningcenter.pt\/pt-pt\/wp-json\/wp\/v2\/types\/page"}],"author":[{"embeddable":true,"href":"https:\/\/seelearningcenter.pt\/pt-pt\/wp-json\/wp\/v2\/users\/2"}],"replies":[{"embeddable":true,"href":"https:\/\/seelearningcenter.pt\/pt-pt\/wp-json\/wp\/v2\/comments?post=389"}],"version-history":[{"count":13,"href":"https:\/\/seelearningcenter.pt\/pt-pt\/wp-json\/wp\/v2\/pages\/389\/revisions"}],"predecessor-version":[{"id":578,"href":"https:\/\/seelearningcenter.pt\/pt-pt\/wp-json\/wp\/v2\/pages\/389\/revisions\/578"}],"up":[{"embeddable":true,"href":"https:\/\/seelearningcenter.pt\/pt-pt\/wp-json\/wp\/v2\/pages\/391"}],"wp:attachment":[{"href":"https:\/\/seelearningcenter.pt\/pt-pt\/wp-json\/wp\/v2\/media?parent=389"}],"curies":[{"name":"wp","href":"https:\/\/api.w.org\/{rel}","templated":true}]}}