{"id":3483,"date":"2011-08-10T14:44:21","date_gmt":"2011-08-10T18:44:21","guid":{"rendered":"http:\/\/seelearningcenter.pt\/"},"modified":"2011-08-10T14:44:21","modified_gmt":"2011-08-10T18:44:21","slug":"letonia","status":"publish","type":"page","link":"https:\/\/seelearningcenter.pt\/pt-pt\/see-cursos-no-estrangeiro\/letonia\/","title":{"rendered":"Let\u00f3nia"},"content":{"rendered":"<table border=\"0\" cellspacing=\"10\" cellpadding=\"10\" width=\"100%\">\n<tbody>\n<tr>\n<td><img loading=\"lazy\" decoding=\"async\" class=\"aligncenter size-medium wp-image-3466\" title=\"Jurmala beach\" src=\"http:\/\/seelearningcenter.pt\/wp-content\/uploads\/2011\/08\/Jurmala-beach-300x200.jpg\" alt=\"\" width=\"192\" height=\"128\" srcset=\"https:\/\/seelearningcenter.pt\/wp-content\/uploads\/2011\/08\/Jurmala-beach-300x200.jpg 300w, https:\/\/seelearningcenter.pt\/wp-content\/uploads\/2011\/08\/Jurmala-beach.jpg 800w\" sizes=\"(max-width: 192px) 100vw, 192px\" \/><\/td>\n<td>A Let\u00f3nia \u00e9 um pa\u00eds humilde da Uni\u00e3o Europeia, com cidades hist\u00f3ricas e  castelos, arquitectura barroca, art nouveau e contempor\u00e2nia de parar a  respira\u00e7\u00e3o e beleza natural rica e diversa, incluindo o campo colorido e as  praias protegidas de Jurmala.<\/td>\n<\/tr>\n<tr>\n<td><img loading=\"lazy\" decoding=\"async\" class=\"aligncenter size-medium wp-image-3465\" title=\"OLYMPUS DIGITAL CAMERA\" src=\"http:\/\/seelearningcenter.pt\/wp-content\/uploads\/2011\/08\/Durbe-House-of-Black-Heads-300x218.jpg\" alt=\"\" width=\"192\" height=\"139\" srcset=\"https:\/\/seelearningcenter.pt\/wp-content\/uploads\/2011\/08\/Durbe-House-of-Black-Heads-300x218.jpg 300w, https:\/\/seelearningcenter.pt\/wp-content\/uploads\/2011\/08\/Durbe-House-of-Black-Heads.jpg 900w\" sizes=\"(max-width: 192px) 100vw, 192px\" \/><\/td>\n<td>A Let\u00f3nia partilhou uma liga\u00e7\u00e3o forte com a R\u00fassia durante quase 1000  anos. Come\u00e7ou com os mercadores Russos que vinham para explorar os portos no  B\u00e1ltico. Em 1941, a Let\u00f3nia juntou-se \u00e0 Uni\u00e3o Sovi\u00e9tica e o Russo foi declarado  l\u00edngua oficial. Embora a Let\u00f3nia se tenha tornado independente em 1991 e o  Let\u00e3o tenha reinado mais uma vez, o Russo ainda tem import\u00e2ncia nas  comunica\u00e7\u00f5es do dia-a-dia.<\/td>\n<\/tr>\n<tr>\n<td><img loading=\"lazy\" decoding=\"async\" class=\"aligncenter size-medium wp-image-3467\" title=\"Monday Riga walking\" src=\"http:\/\/seelearningcenter.pt\/wp-content\/uploads\/2011\/08\/Monday-Riga-walking-300x225.jpg\" alt=\"\" width=\"192\" height=\"144\" srcset=\"https:\/\/seelearningcenter.pt\/wp-content\/uploads\/2011\/08\/Monday-Riga-walking-300x225.jpg 300w, https:\/\/seelearningcenter.pt\/wp-content\/uploads\/2011\/08\/Monday-Riga-walking.jpg 800w\" sizes=\"(max-width: 192px) 100vw, 192px\" \/><\/td>\n<td>A maioria dos 2.2 milh\u00f5es de habitantes fala Russo e mais de metade da  popula\u00e7\u00e3o considera esta a sua l\u00edngua-m\u00e3e. Isto explica que muitos dos jornais,  revistas, esta\u00e7\u00f5es de r\u00e1dio e canais de televis\u00e3o sejam em Russo.<\/td>\n<\/tr>\n<\/tbody>\n<\/table>\n<p>A Escola de Russo SEE na Let\u00f3nia \u00e9 localizada no cora\u00e7\u00e3o da capital,  Riga. Riga, que foi um dia uma cidade Hanse\u00e1tica importante e um porto de  trocas, continua a atrair aten\u00e7\u00e3o pela sua encantadora parte velha da cidade,  repleta de bares e restaurantes, pelo centro da cidade contempor\u00e2neo, pelos  parques recreacionais e pelos seus seis locais de Patrim\u00f3nio Mundial da UNESCO.<\/p>\n<p>Com uma popula\u00e7\u00e3o de 800 000, Riga \u00e9 uma das maiores cidades da Europa  N\u00f3rdica. Acolhe, tamb\u00e9m, numerosos eventos culturais, exposi\u00e7\u00f5es, confer\u00eancias  ci\u00eantificas, teatros e cinemas. Definitivamente, n\u00e3o h\u00e1 falta de divers\u00e3o e  entretenimento em Riga.<\/p>\n<p>Pode tamb\u00e9m aproveitar a proximidade da Let\u00f3nia \u00e0 R\u00fassia para melhorar o  seu Russo, dando um salto ao lado de l\u00e1 da fronteira e passar um fim-de-semana  na R\u00fassia. Aproveite a oportunidade para visitar S\u00e3o Petersburgo ou Moscovo.<\/p>\n<p><strong style=\"margin-top:20px;\">Factos da  Escola:<\/strong><\/p>\n<table class=\"alignright\" border=\"0\" cellspacing=\"10\" cellpadding=\"10\" width=\"200\">\n<tbody>\n<tr>\n<td><img loading=\"lazy\" decoding=\"async\" class=\" size-medium wp-image-3461\" title=\"OLYMPUS DIGITAL CAMERA\" src=\"http:\/\/seelearningcenter.pt\/wp-content\/uploads\/2011\/08\/Durbe-class-4-300x224.jpg\" alt=\"\" width=\"180\" height=\"134\" srcset=\"https:\/\/seelearningcenter.pt\/wp-content\/uploads\/2011\/08\/Durbe-class-4-300x224.jpg 300w, https:\/\/seelearningcenter.pt\/wp-content\/uploads\/2011\/08\/Durbe-class-4.jpg 800w\" sizes=\"(max-width: 180px) 100vw, 180px\" \/><\/td>\n<\/tr>\n<tr>\n<td><img loading=\"lazy\" decoding=\"async\" class=\"size-medium wp-image-3470\" title=\"OLYMPUS DIGITAL CAMERA\" src=\"http:\/\/seelearningcenter.pt\/wp-content\/uploads\/2011\/08\/russian-dancing-300x225.jpg\" alt=\"\" width=\"180\" height=\"135\" srcset=\"https:\/\/seelearningcenter.pt\/wp-content\/uploads\/2011\/08\/russian-dancing-300x225.jpg 300w, https:\/\/seelearningcenter.pt\/wp-content\/uploads\/2011\/08\/russian-dancing.jpg 800w\" sizes=\"(max-width: 180px) 100vw, 180px\" \/><\/td>\n<\/tr>\n<tr>\n<td><img loading=\"lazy\" decoding=\"async\" class=\"alignnone size-medium wp-image-3463\" title=\"OLYMPUS DIGITAL CAMERA\" src=\"http:\/\/seelearningcenter.pt\/wp-content\/uploads\/2011\/08\/Durbe-dancing-2-300x225.jpg\" alt=\"\" width=\"180\" height=\"135\" srcset=\"https:\/\/seelearningcenter.pt\/wp-content\/uploads\/2011\/08\/Durbe-dancing-2-300x225.jpg 300w, https:\/\/seelearningcenter.pt\/wp-content\/uploads\/2011\/08\/Durbe-dancing-2.jpg 800w\" sizes=\"(max-width: 180px) 100vw, 180px\" \/><\/td>\n<\/tr>\n<\/tbody>\n<\/table>\n<ul type=\"disc\">\n<li><span style=\"font-weight:bold;\">Idade:<\/span> +16 anos<\/li>\n<li><span style=\"font-weight:bold;\">Localiza\u00e7\u00e3o da escola:<\/span> Riga (no cora\u00e7\u00e3o do centro da cidade, perto de esta\u00e7\u00e3o de autocarro e comboio)<\/li>\n<li><span style=\"font-weight:bold;\">Sala de computadores: <\/span>Computardores e acesso a Wi-Fi<\/li>\n<li><span style=\"font-weight:bold;\">Sala comum:<\/span> m\u00e1quinas de       bebidas \u2013 caf\u00e9, ch\u00e1, chocolate<\/li>\n<li><span style=\"font-weight:bold;\">P\u00e1tio interior<\/span><\/li>\n<li><span style=\"font-weight:bold;\">Seis salas de aula modernas e equipadas<\/span><\/li>\n<li><span style=\"font-weight:bold;\">M\u00ednimo:<\/span> 1 semana<\/li>\n<li><span style=\"font-weight:bold;\">N\u00famero de alunos por aula:<\/span> M\u00e1x. 8<\/li>\n<li><span style=\"font-weight:bold;\">Datas de \u00ednicio:<\/span> Todas as segunda-feiras do ano (excepto iniciados e Russo executivo)<\/li>\n<li><span style=\"font-weight:bold;\">O curso inclui:<\/span> Teste de coloca\u00e7\u00e3o antes da chegada, aulas, materiais did\u00e1ticos, passeio a p\u00e9 por Riga,  acesso livre \u00e0 internet, certificado do curso. Para os cursos de Ver\u00e3o (Junho a Agosto): 2 actividades sociais por semana.<\/li>\n<li><span style=\"font-weight:bold;\">Acomoda\u00e7\u00e3o:<\/span> Fam\u00edlias de acolhimento, apartamento, pousada ou hotel. <\/li>\n<\/ul>\n<p>&nbsp;<\/p>\n<p><strong style=\"margin-top:20px;\">Cursos:<\/strong><\/p>\n<ul>\n<li>Russo Geral (20 aulas  \/ semana)<\/li>\n<li>Russo  Intensivo (30 aulas \/ semana)<\/li>\n<li>Russo Executivo (30  aulas \/ semana)<\/li>\n<li>Curso TRKI academico  (30 aulas \/ semana)<\/li>\n<\/ul>\n<p style=\"text-align: center;margin-top:30px;font-weight:bold;\">Para mais  informa\u00e7\u00f5es sobre estes ou quaisquer outros programas de Russo, contacte-nos!<\/p>\n","protected":false},"excerpt":{"rendered":"<p>A Let\u00f3nia \u00e9 um pa\u00eds humilde da Uni\u00e3o Europeia, com cidades hist\u00f3ricas e castelos, arquitectura barroca, art nouveau e contempor\u00e2nia de parar a respira\u00e7\u00e3o e beleza natural rica e diversa, incluindo o campo colorido e as praias protegidas de Jurmala. A Let\u00f3nia partilhou uma liga\u00e7\u00e3o forte com a R\u00fassia durante quase 1000 anos. Come\u00e7ou com [&hellip;]<\/p>\n","protected":false},"author":2,"featured_media":0,"parent":391,"menu_order":0,"comment_status":"open","ping_status":"closed","template":"","meta":{"footnotes":"","_links_to":"","_links_to_target":""},"_links":{"self":[{"href":"https:\/\/seelearningcenter.pt\/pt-pt\/wp-json\/wp\/v2\/pages\/3483"}],"collection":[{"href":"https:\/\/seelearningcenter.pt\/pt-pt\/wp-json\/wp\/v2\/pages"}],"about":[{"href":"https:\/\/seelearningcenter.pt\/pt-pt\/wp-json\/wp\/v2\/types\/page"}],"author":[{"embeddable":true,"href":"https:\/\/seelearningcenter.pt\/pt-pt\/wp-json\/wp\/v2\/users\/2"}],"replies":[{"embeddable":true,"href":"https:\/\/seelearningcenter.pt\/pt-pt\/wp-json\/wp\/v2\/comments?post=3483"}],"version-history":[{"count":4,"href":"https:\/\/seelearningcenter.pt\/pt-pt\/wp-json\/wp\/v2\/pages\/3483\/revisions"}],"predecessor-version":[{"id":3490,"href":"https:\/\/seelearningcenter.pt\/pt-pt\/wp-json\/wp\/v2\/pages\/3483\/revisions\/3490"}],"up":[{"embeddable":true,"href":"https:\/\/seelearningcenter.pt\/pt-pt\/wp-json\/wp\/v2\/pages\/391"}],"wp:attachment":[{"href":"https:\/\/seelearningcenter.pt\/pt-pt\/wp-json\/wp\/v2\/media?parent=3483"}],"curies":[{"name":"wp","href":"https:\/\/api.w.org\/{rel}","templated":true}]}}