{"id":1730,"date":"2010-09-11T08:44:24","date_gmt":"2010-09-11T12:44:24","guid":{"rendered":"http:\/\/seelearningcenter.pt\/"},"modified":"2010-09-18T14:51:18","modified_gmt":"2010-09-18T18:51:18","slug":"see-hilights","status":"publish","type":"page","link":"https:\/\/seelearningcenter.pt\/pt-pt\/learning-portuguese-ple-2\/see-hilights\/","title":{"rendered":"SEE Hilights"},"content":{"rendered":"<table border=\"0\" cellspacing=\"0\" cellpadding=\"0\" width=\"690\">\n<tbody>\n<tr>\n<td width=\"290\" valign=\"top\"><a rel=\"attachment wp-att-1197\" href=\"http:\/\/seelearningcenter.pt\/learning-portuguese-ple\/see-highlights\/attachment\/img_see_hilights\/\"><img loading=\"lazy\" decoding=\"async\" class=\"alignleft size-full wp-image-1197\" title=\"img_see_hilights\" src=\"http:\/\/seelearningcenter.pt\/wp-content\/uploads\/2010\/07\/img_see_hilights.jpg\" alt=\"\" width=\"288\" height=\"429\" srcset=\"https:\/\/seelearningcenter.pt\/wp-content\/uploads\/2010\/07\/img_see_hilights.jpg 288w, https:\/\/seelearningcenter.pt\/wp-content\/uploads\/2010\/07\/img_see_hilights-201x300.jpg 201w\" sizes=\"(max-width: 288px) 100vw, 288px\" \/><\/a><\/td>\n<td width=\"15\"><img loading=\"lazy\" decoding=\"async\" src=\"images\/transp.gif\" alt=\"\" width=\"15\" height=\"1\" \/><\/td>\n<td width=\"387\" valign=\"top\">\n<p class=\"texto_normal\"><span class=\"destaques\">1 &#8211;<\/span> M\u00e9todo de ensino acompanhado<\/p>\n<p><span class=\"destaques\">2 &#8211; <\/span>Aprendizagem num ambiente acolhedor e  multicultural<\/p>\n<p><span class=\"destaques\">3 &#8211; <\/span>Equipa de professores portugueses e  experientes<\/p>\n<p><span class=\"destaques\">4 &#8211; <\/span>Acompanhamento  permanente e personalizado<\/p>\n<p><span class=\"destaques\">5 &#8211; <\/span> Excelente localiza\u00e7\u00e3o e acessos<\/p>\n<p><span class=\"destaques\">6 &#8211;<\/span> Pre\u00e7os competitivos<\/p>\n<p><span class=\"destaques\">7 &#8211;<\/span> Actividades culturais e l\u00fadicas<\/p>\n<p><span class=\"destaques\">8 &#8211; <\/span> Perto da costa (Costa da Caparica)<\/p>\n<p><span class=\"destaques\">9  &#8211; <\/span> Fam\u00edlias de acolhimento acolhedoras e  hospitaleiras<\/p>\n<p><span class=\"destaques\">10  &#8211; <\/span>Tradi\u00e7\u00e3o e inova\u00e7\u00e3o com um toque pessoal<\/p>\n<p><span class=\"destaques_red\">Professores e  M\u00e9todo<\/span><\/p>\n<p class=\"texto_normal\">Com uma metodologia  de ensino comprovada pela experi\u00eancia de mais de vinte anos, See Learning  Center orgulha-se do elevado n\u00edvel dos seus cursos, aulas particulares e  visitas de estudo apelativas e flex\u00edveis.<\/p>\n<p class=\"texto_normal\">Os professores s\u00e3o  nativos de L\u00edngua Portuguesa e detentores de licenciaturas reconhecidas pelo  \u00f3rg\u00e3o competente, o Minist\u00e9rio da Ci\u00eancia, Tecnologia e Ensino Superior. Todos  possuem forma\u00e7\u00e3o pedag\u00f3gica que os habilita a leccionar a disciplina de  Portugu\u00eas como L\u00edngua Estrangeira.<\/p>\n<\/td>\n<\/tr>\n<\/tbody>\n<\/table>\n","protected":false},"excerpt":{"rendered":"<p>1 &#8211; M\u00e9todo de ensino acompanhado 2 &#8211; Aprendizagem num ambiente acolhedor e multicultural 3 &#8211; Equipa de professores portugueses e experientes 4 &#8211; Acompanhamento permanente e personalizado 5 &#8211; Excelente localiza\u00e7\u00e3o e acessos 6 &#8211; Pre\u00e7os competitivos 7 &#8211; Actividades culturais e l\u00fadicas 8 &#8211; Perto da costa (Costa da Caparica) 9 &#8211; Fam\u00edlias [&hellip;]<\/p>\n","protected":false},"author":2,"featured_media":2177,"parent":514,"menu_order":12,"comment_status":"open","ping_status":"closed","template":"","meta":{"footnotes":"","_links_to":"","_links_to_target":""},"_links":{"self":[{"href":"https:\/\/seelearningcenter.pt\/pt-pt\/wp-json\/wp\/v2\/pages\/1730"}],"collection":[{"href":"https:\/\/seelearningcenter.pt\/pt-pt\/wp-json\/wp\/v2\/pages"}],"about":[{"href":"https:\/\/seelearningcenter.pt\/pt-pt\/wp-json\/wp\/v2\/types\/page"}],"author":[{"embeddable":true,"href":"https:\/\/seelearningcenter.pt\/pt-pt\/wp-json\/wp\/v2\/users\/2"}],"replies":[{"embeddable":true,"href":"https:\/\/seelearningcenter.pt\/pt-pt\/wp-json\/wp\/v2\/comments?post=1730"}],"version-history":[{"count":7,"href":"https:\/\/seelearningcenter.pt\/pt-pt\/wp-json\/wp\/v2\/pages\/1730\/revisions"}],"predecessor-version":[{"id":2231,"href":"https:\/\/seelearningcenter.pt\/pt-pt\/wp-json\/wp\/v2\/pages\/1730\/revisions\/2231"}],"up":[{"embeddable":true,"href":"https:\/\/seelearningcenter.pt\/pt-pt\/wp-json\/wp\/v2\/pages\/514"}],"wp:featuredmedia":[{"embeddable":true,"href":"https:\/\/seelearningcenter.pt\/pt-pt\/wp-json\/wp\/v2\/media\/2177"}],"wp:attachment":[{"href":"https:\/\/seelearningcenter.pt\/pt-pt\/wp-json\/wp\/v2\/media?parent=1730"}],"curies":[{"name":"wp","href":"https:\/\/api.w.org\/{rel}","templated":true}]}}