{"id":1717,"date":"2010-09-11T08:00:14","date_gmt":"2010-09-11T12:00:14","guid":{"rendered":"http:\/\/seelearningcenter.pt\/"},"modified":"2010-09-17T20:08:17","modified_gmt":"2010-09-18T00:08:17","slug":"acomodacao","status":"publish","type":"page","link":"https:\/\/seelearningcenter.pt\/pt-pt\/study-abroad-2\/acomodacao\/","title":{"rendered":"Acomoda\u00e7\u00e3o"},"content":{"rendered":"<table width=\"100%\" cellspacing=\"0\" cellpadding=\"0\" border=\"0\">\n<tbody>\n<tr>\n<td width=\"54%\"><span class=\"texto_normal\"><img loading=\"lazy\" decoding=\"async\" alt=\"\" width=\"374\" height=\"159\" src=\"http:\/\/www.seelearningcenter.pt\/images\/imgacomodacao.jpg\" \/><\/span><\/td>\n<td width=\"2%\"><img loading=\"lazy\" decoding=\"async\" width=\"15\" height=\"1\" alt=\"\" src=\"http:\/\/www.seelearningcenter.pt\/images\/transp.gif\" \/><\/td>\n<td width=\"44%\"><span class=\"texto_normal\">Pode ficar num col\u00e9gio, numa resid\u00eancia de   estudantes, numa pousada de juventude, num apartamento, num hotel ou numa   fam\u00edlia cuidadosamente seleccionada. <\/span><\/td>\n<\/tr>\n<\/tbody>\n<\/table>\n<p><\/p>\n<table width=\"100%\" cellspacing=\"0\" cellpadding=\"0\" border=\"0\">\n<tbody>\n<tr>\n<td width=\"54%\"><strong><img loading=\"lazy\" decoding=\"async\" width=\"374\" alt=\"\" height=\"198\" src=\"http:\/\/www.seelearningcenter.pt\/images\/accomodation.jpg\" \/><\/strong><\/td>\n<td width=\"2%\"><img loading=\"lazy\" decoding=\"async\" width=\"15\" height=\"1\" alt=\"\" src=\"http:\/\/www.seelearningcenter.pt\/images\/transp.gif\" \/><\/td>\n<td width=\"44%\"><strong class=\"destaques\">Desfrute da sua independ\u00eancia e socialize-se com   amigos de todos os cantos do Mundo!<\/strong><\/td>\n<\/tr>\n<\/tbody>\n<\/table>\n<p><\/p>\n<table width=\"100%\" cellspacing=\"0\" cellpadding=\"0\" border=\"0\">\n<tbody>\n<tr>\n<td width=\"54%\"><strong><img loading=\"lazy\" decoding=\"async\" width=\"374\" alt=\"\" height=\"137\" src=\"http:\/\/www.seelearningcenter.pt\/images\/imgout6.jpg\" \/><\/strong><\/td>\n<td width=\"2%\"><img loading=\"lazy\" decoding=\"async\" width=\"15\" height=\"1\" alt=\"\" src=\"http:\/\/www.seelearningcenter.pt\/images\/transp.gif\" \/><\/td>\n<td width=\"44%\"><strong class=\"texto_normal\">Conviva com uma fam\u00edlia, cuidadosamente seleccionada, mergulhe na cultura do pa\u00eds eleito &#8211; um lar longe do seu lar.<\/strong><br \/>\n<span class=\"destaques\">Todas as fam\u00edlias http:\/\/www.seelearningcenter.pt\/s\u00e3o controladas e monitorizadas. Muitas t\u00eam recebido   estudantes durante muitos anos e todas t\u00eam um ambiente acolhedor, que o far\u00e1   sentir-se em casa. <\/span><\/td>\n<\/tr>\n<\/tbody>\n<\/table>\n<p><\/p>\n<table width=\"100%\" cellspacing=\"0\" cellpadding=\"0\" border=\"0\">\n<tbody>\n<tr>\n<td width=\"31%\" valign=\"top\" class=\"texto_normal\" rowspan=\"5\"><img loading=\"lazy\" decoding=\"async\" width=\"216\" height=\"311\" alt=\"\" src=\"http:\/\/www.seelearningcenter.pt\/images\/accom2.jpg\" \/><\/td>\n<td width=\"1%\" valign=\"top\" align=\"right\" class=\"texto_normal\" rowspan=\"5\"><img loading=\"lazy\" decoding=\"async\" width=\"15\" height=\"1\" alt=\"\" src=\"images\/transp.gif\" \/><\/td>\n<td width=\"68%\" valign=\"top\" height=\"140\" align=\"left\" class=\"texto_normal\"><img loading=\"lazy\" decoding=\"async\" width=\"207\" height=\"140\" alt=\"\" src=\"http:\/\/www.seelearningcenter.pt\/images\/accom3.jpg\" \/><\/td>\n<\/tr>\n<tr>\n<td align=\"left\" class=\"texto_normal\"><strong>Inglaterra -Londres<\/strong><\/td>\n<\/tr>\n<tr>\n<td class=\"texto_normal\"><img loading=\"lazy\" decoding=\"async\" width=\"1\" alt=\"\" height=\"17\" src=\"http:\/\/www.seelearningcenter.pt\/images\/dot_transp.gif\" \/><\/td>\n<\/tr>\n<tr>\n<td align=\"right\" class=\"texto_normal\"><img loading=\"lazy\" decoding=\"async\" alt=\"\" width=\"1\" height=\"2\" src=\"http:\/\/www.seelearningcenter.pt\/images\/dot_transp.gif\" \/><\/td>\n<\/tr>\n<tr>\n<td valign=\"top\" align=\"left\" class=\"texto_normal\"><img loading=\"lazy\" decoding=\"async\" width=\"207\" height=\"140\" alt=\"\" src=\"http:\/\/www.seelearningcenter.pt\/images\/accom4.jpg\" \/><\/td>\n<\/tr>\n<tr>\n<td valign=\"top\" align=\"left\" class=\"texto_normal\"><strong>Esc\u00f3cia &#8211; Edinburgo<\/strong><\/td>\n<td valign=\"top\" align=\"right\" class=\"texto_normal\">&nbsp;<\/td>\n<td valign=\"top\" align=\"left\" class=\"texto_normal\"><strong>Irlanda &#8211; Dublin<\/strong><\/td>\n<\/tr>\n<\/tbody>\n<\/table>\n<p><\/p>\n<table width=\"100%\" cellspacing=\"0\" cellpadding=\"0\" border=\"0\">\n<tbody>\n<tr>\n<td width=\"54%\"><span class=\"texto_normal\"><img loading=\"lazy\" decoding=\"async\" alt=\"\" width=\"434\" height=\"302\" src=\"http:\/\/www.seelearningcenter.pt\/images\/accom.jpg\" \/><\/span><\/td>\n<td width=\"2%\"><img loading=\"lazy\" decoding=\"async\" width=\"15\" alt=\"\" height=\"1\" src=\"http:\/\/www.seelearningcenter.pt\/images\/transp.gif\" \/><\/td>\n<td width=\"44%\" align=\"left\">\n<p class=\"destaques\">Os estudantes s\u00e3o normalmente colocados 2 a 2 ou 3 a 3.<\/p>\n<\/td>\n<\/tr>\n<\/tbody>\n<\/table>\n<p><\/p>\n<table width=\"100%\" cellspacing=\"0\" cellpadding=\"0\" border=\"0\">\n<tbody>\n<tr>\n<td width=\"54%\"><img loading=\"lazy\" decoding=\"async\" alt=\"\" width=\"434\" height=\"203\" src=\"http:\/\/www.seelearningcenter.pt\/images\/img_accomodation.gif\" \/><\/td>\n<td width=\"2%\"><img loading=\"lazy\" decoding=\"async\" width=\"15\" alt=\"\" height=\"1\" src=\"images\/transp.gif\" \/><\/td>\n<td width=\"44%\" align=\"left\">\n<p class=\"texto_normal\">As fam\u00edlias de acolhimento s\u00e3o a escolha n\u00famero 1   dos estudantes! Porqu\u00ea? &#8211; T\u00eam uma atmosfera segura que minimiza a preocupa\u00e7\u00e3o   dos pais.<\/p>\n<\/td>\n<\/tr>\n<\/tbody>\n<\/table>\n","protected":false},"excerpt":{"rendered":"<p>Pode ficar num col\u00e9gio, numa resid\u00eancia de estudantes, numa pousada de juventude, num apartamento, num hotel ou numa fam\u00edlia cuidadosamente seleccionada. Desfrute da sua independ\u00eancia e socialize-se com amigos de todos os cantos do Mundo! Conviva com uma fam\u00edlia, cuidadosamente seleccionada, mergulhe na cultura do pa\u00eds eleito &#8211; um lar longe do seu lar. Todas [&hellip;]<\/p>\n","protected":false},"author":2,"featured_media":2946,"parent":500,"menu_order":20,"comment_status":"open","ping_status":"closed","template":"","meta":{"footnotes":"","_links_to":"","_links_to_target":""},"_links":{"self":[{"href":"https:\/\/seelearningcenter.pt\/pt-pt\/wp-json\/wp\/v2\/pages\/1717"}],"collection":[{"href":"https:\/\/seelearningcenter.pt\/pt-pt\/wp-json\/wp\/v2\/pages"}],"about":[{"href":"https:\/\/seelearningcenter.pt\/pt-pt\/wp-json\/wp\/v2\/types\/page"}],"author":[{"embeddable":true,"href":"https:\/\/seelearningcenter.pt\/pt-pt\/wp-json\/wp\/v2\/users\/2"}],"replies":[{"embeddable":true,"href":"https:\/\/seelearningcenter.pt\/pt-pt\/wp-json\/wp\/v2\/comments?post=1717"}],"version-history":[{"count":15,"href":"https:\/\/seelearningcenter.pt\/pt-pt\/wp-json\/wp\/v2\/pages\/1717\/revisions"}],"predecessor-version":[{"id":1957,"href":"https:\/\/seelearningcenter.pt\/pt-pt\/wp-json\/wp\/v2\/pages\/1717\/revisions\/1957"}],"up":[{"embeddable":true,"href":"https:\/\/seelearningcenter.pt\/pt-pt\/wp-json\/wp\/v2\/pages\/500"}],"wp:featuredmedia":[{"embeddable":true,"href":"https:\/\/seelearningcenter.pt\/pt-pt\/wp-json\/wp\/v2\/media\/2946"}],"wp:attachment":[{"href":"https:\/\/seelearningcenter.pt\/pt-pt\/wp-json\/wp\/v2\/media?parent=1717"}],"curies":[{"name":"wp","href":"https:\/\/api.w.org\/{rel}","templated":true}]}}