{"id":1691,"date":"2010-09-10T23:03:03","date_gmt":"2010-09-11T03:03:03","guid":{"rendered":"http:\/\/seelearningcenter.pt\/"},"modified":"2010-09-18T14:52:36","modified_gmt":"2010-09-18T18:52:36","slug":"faqs","status":"publish","type":"page","link":"https:\/\/seelearningcenter.pt\/pt-pt\/learning-portuguese-ple-2\/faqs\/","title":{"rendered":"FAQs"},"content":{"rendered":"<div class=\"faq_question\">\n<h4>See Learning Center \u00e9 especial. Porqu\u00ea?<\/h4>\n<p>Turmas  pequenas! As turmas ter\u00e3o o m\u00e1ximo de 8 alunos, recebendo, cada  estudante, um  acompanhamento personalizado por parte do professor.<\/p>\n<\/div>\n<div class=\"faq_question\">\n<h4>Quantos  n\u00edveis existem?<\/h4>\n<p>Existem  6 n\u00edveis que v\u00e3o desde o Inicial ao Avan\u00e7ado.<\/p>\n<\/div>\n<div class=\"faq_question\">\n<h4>Qual  a localiza\u00e7\u00e3o da See Learning Center?<\/h4>\n<p>A  See Learning Center disp\u00f5e de salas de aula modernas, confort\u00e1veis e  totalmente  equipadas, estando o seu centro localizado \u00e0 sa\u00edda da  esta\u00e7\u00e3o de Metro de  Alfornelos, um bairro familiar na zona limite de  Lisboa(Grande Lisboa).<\/p>\n<\/div>\n<div class=\"faq_question\">\n<h4>Quando  \u00e9 que os cursos se iniciam?<\/h4>\n<p>Todas as segundas-feiras,  excepto dias de f\u00e9rias e feriados oficiais.<\/p>\n<\/div>\n<div class=\"faq_question\">\n<h4>Como  \u00e9 que me posso inscrever?<\/h4>\n<p>Primeiro, \u00e9 preciso preencher a Ficha  de Candidatura e proceder ao  pagamento da quantia referente \u00e0 inscri\u00e7\u00e3o.  Seguidamente, ser-lhe-\u00e1  enviada uma carta confirmando a inscri\u00e7\u00e3o e as  condi\u00e7\u00f5es de pagamento,  sendo que este dever\u00e1 ser liquidado pelo menos 4  semanas antes do  in\u00edcio do curso. N\u00e3o ser\u00e1 permitido aos alunos iniciarem o  curso sem  que esteja confirmada a totalidade do pagamento da quantia em   refer\u00eancia.<\/p>\n<\/div>\n<div class=\"faq_question\">\n<h4>Preciso  de visto?<\/h4>\n<p>Os alunos oriundos dos Estados-Membros da Uni\u00e3o  europeia n\u00e3o necessitam  de visto para entrarem em Portugal. Os alunos  provenientes de Estados  N\u00e3o-Membros da Uni\u00e3o Europeia devem informar-se, junto  da Embaixada ou  Consulado de Portugal mais pr\u00f3ximo, sobre qual a melhor forma  de obter  um visto de estudante. Cabe aos alunos a responsabilidade de   assegurarem a obten\u00e7\u00e3o do visto adequado \u00e0 perman\u00eancia em Portugal  durante o  tempo de frequ\u00eancia das aulas. A See Learning Center  assegurar\u00e1 o envio da  Carta de Confirma\u00e7\u00e3o a todos os alunos que assim o  requererem, de forma a  obterem o visto de estudante.<\/p>\n<\/div>\n<div class=\"faq_question\">\n<h4>O  que acontecer\u00e1 caso o meu pedido de visto for rejeitado?<\/h4>\n<p>Nesse  caso, dever\u00e1 enviar-nos uma c\u00f3pia autenticada da carta de  rejei\u00e7\u00e3o emitida pelo  Consulado de Portugal onde foi requerido o visto,  juntamente com o original da  Carta de Confirma\u00e7\u00e3o de forma a que  procedamos ao reembolso, na totalidade, de  todos os pagamentos  efectuados at\u00e9 ent\u00e3o. No entanto, s\u00f3 se verificar\u00e1 tal  reembolso caso o  cancelamento seja feito no limite de 14 dias antes do in\u00edcio  do curso.<\/p>\n<p>Caso o cancelamento seja feito depois do limite  acima referido, haver\u00e1 lugar a uma taxa de cancelamento.<\/p>\n<\/div>\n<div class=\"faq_question\">\n<h4>Qual  \u00e9 a regra mais importante na See Learning Center?<\/h4>\n<p>Enquanto  no interior do centro, seja antes, durante ou depois das  aulas, n\u00e3o \u00e9 permitido  aos alunos falarem outras l\u00ednguas. No primeiro  dia de aulas, todos os alunos  assinar\u00e3o um contrato em que aceitam que a  comunica\u00e7\u00e3o seja apenas feita na  l\u00edngua de estudo.<\/p>\n<\/div>\n<div class=\"faq_question\">\n<h4>Qual o  tipo de alojamento que voc\u00eas recomendam?<\/h4>\n<p>A  maior parte dos alunos escolhe viver com uma fam\u00edlia de acolhimento. A  estadia  em resid\u00eancias familiares \u00e9 a melhor op\u00e7\u00e3o pelos seguintes  motivos:<br \/>\n&#8211;  Ao praticar a l\u00edngua com a fam\u00edlia de acolhimento aprender\u00e1 mais rapidamente a  L\u00edngua Portuguesa.<br \/>\n&#8211;  Esta solu\u00e7\u00e3o \u00e9 mais barata e segura.<br \/>\n&#8211; Esta solu\u00e7\u00e3o permite-lhe  aprender muito mais sobre Portugal e a cultura portuguesa.<\/p>\n<\/div>\n<div class=\"faq_question\">\n<h4>Quanto  tempo demorarei at\u00e9 aprender a L\u00edngua Portuguesa?<\/h4>\n<p>Todos somos diferentes. Alguns alunos aprendem  muito rapidamente,  enquanto outros levam mais algum tempo. Se quiser fazer um  not\u00e1vel  avan\u00e7o nos seus n\u00edveis de conhecimento, dever\u00e1 estudar, pelo menos,   durante 3 meses. A m\u00e9dia de tempo para o estudo da L\u00edngua Portuguesa no  See  Learning Center estima-se num per\u00edodo de entre 3 a 6 meses.<\/p>\n<\/div>\n<div class=\"faq_question\">\n<h4>Receberei  um Certificado?<\/h4>\n<p>Os estudantes dever\u00e3o assistir a todas  as aulas, sendo pontuais e  ass\u00edduos. Os professores podem recusar a entrada a  estudantes que  cheguem 10 minutos depois do in\u00edcio da aula. Os estudantes devem   assistir, pelos menos, a 85% das aulas, de forma a obterem o seu  certificado.<br \/>\nSempre  que o aluno pretenda abster-se da frequ\u00eancia de  uma ou mais aulas, ou sempre que  se verifique absten\u00e7\u00e3o por motivos de  doen\u00e7a, \u00e9 dever do aluno comunicar \u00e0  escola, de imediato e por  telefone, a sua inten\u00e7\u00e3o ou motiva\u00e7\u00e3o.<\/p>\n<\/div>\n<div class=\"faq_question\">\n<h4>Preciso  de Seguro de Sa\u00fade?<\/h4>\n<p>Sim.  Os estudantes n\u00e3o est\u00e3o segurados pela See Learning Center ou  fam\u00edlia de acolhimento  contra doen\u00e7as, acidentes ou perda de bens  pessoais, sendo que a escola  descarta qualquer responsabilidade caso se  verifique a ocorr\u00eancia de situa\u00e7\u00f5es  similares. Os estudantes oriundos  dos Estados-Membros da Uni\u00e3o Europeia devem  ser portadores do seu  cart\u00e3o de sa\u00fade, sendo que os alunos n\u00e3o provenientes  desses mesmos  Estados devem proceder \u00e0 obten\u00e7\u00e3o de um seguro de sa\u00fade. Os  alunos  ser\u00e3o respons\u00e1veis por todas as despesas relativas a tratamentos m\u00e9dicos   recebidos em Portugal.<\/p>\n<\/div>\n<div class=\"faq_question\">\n<h4>Posso mudar de programa de aprendizagem?<\/h4>\n<p>Os  alunos podem ser transferidos para outra modalidade de curso PLE  desde que a  mesma se encontre provida de vagas. Os alunos que optem  pela transfer\u00eancia do  programa de aprendizagem inicialmente escolhido  para outro cujo custo se revele  maior, dever\u00e3o pagar o excedente no  acto de requisi\u00e7\u00e3o de altera\u00e7\u00e3o.<\/p>\n<\/div>\n<div class=\"faq_question\">\n<h4>\u00c9  poss\u00edvel dispor de um regime especial de alimenta\u00e7\u00e3o?<\/h4>\n<p>Alguns dos alunos da See Learning  Center t\u00eam um regime especial de  alimenta\u00e7\u00e3o. Caso seja necess\u00e1rio \u00e0 fam\u00edlia de  acolhimento a aquisi\u00e7\u00e3o  de outros bens alimentares que n\u00e3o os correntes, a See  Learning Center  proceder\u00e1 \u00e0 cobran\u00e7a dos valores em causa sempre que estes  correspondam  a especificidades alimentares.<\/p>\n<\/div>\n<div class=\"faq_question\">\n<h4>Ap\u00f3s o  programa de aprendizagem ter in\u00edcio, quais s\u00e3o as condi\u00e7\u00f5es de cancelamento?<\/h4>\n<p>Ser\u00e1 cobrada uma taxa de cancelamento  correspondente a uma semana de  aulas. O valor excedente ser\u00e1 reembolsado.  Nenhuma quantia referente a  reembolsos ser\u00e1 transferida para outro aluno. Se o  aluno desejar  suspender, por motivo de f\u00e9rias, a frequ\u00eancia das aulas por um  per\u00edodo  de 1 a  2 semanas, dever\u00e1 formalizar o pedido atrav\u00e9s de uma nota de  pr\u00e9-aviso  apresentada por escrito \u00e0 See Learning Center e com a  anteced\u00eancia de, pelo  menos, 2 semanas. No final do curso, os alunos  ter\u00e3o o direito de beneficiar do  tempo de aulas equivalente ao tempo de  suspens\u00e3o das mesmas. Por todas as  mudan\u00e7as ao inicialmente acordado, e  que ocorram no decorrer do curso, ser\u00e1  cobrada uma taxa  administrativa.<\/p>\n<\/div>\n","protected":false},"excerpt":{"rendered":"<p>See Learning Center \u00e9 especial. Porqu\u00ea? Turmas pequenas! As turmas ter\u00e3o o m\u00e1ximo de 8 alunos, recebendo, cada estudante, um acompanhamento personalizado por parte do professor. Quantos n\u00edveis existem? Existem 6 n\u00edveis que v\u00e3o desde o Inicial ao Avan\u00e7ado. Qual a localiza\u00e7\u00e3o da See Learning Center? A See Learning Center disp\u00f5e de salas de aula [&hellip;]<\/p>\n","protected":false},"author":2,"featured_media":2183,"parent":514,"menu_order":20,"comment_status":"open","ping_status":"closed","template":"page-faqs.php","meta":{"footnotes":"","_links_to":"","_links_to_target":""},"_links":{"self":[{"href":"https:\/\/seelearningcenter.pt\/pt-pt\/wp-json\/wp\/v2\/pages\/1691"}],"collection":[{"href":"https:\/\/seelearningcenter.pt\/pt-pt\/wp-json\/wp\/v2\/pages"}],"about":[{"href":"https:\/\/seelearningcenter.pt\/pt-pt\/wp-json\/wp\/v2\/types\/page"}],"author":[{"embeddable":true,"href":"https:\/\/seelearningcenter.pt\/pt-pt\/wp-json\/wp\/v2\/users\/2"}],"replies":[{"embeddable":true,"href":"https:\/\/seelearningcenter.pt\/pt-pt\/wp-json\/wp\/v2\/comments?post=1691"}],"version-history":[{"count":9,"href":"https:\/\/seelearningcenter.pt\/pt-pt\/wp-json\/wp\/v2\/pages\/1691\/revisions"}],"predecessor-version":[{"id":2235,"href":"https:\/\/seelearningcenter.pt\/pt-pt\/wp-json\/wp\/v2\/pages\/1691\/revisions\/2235"}],"up":[{"embeddable":true,"href":"https:\/\/seelearningcenter.pt\/pt-pt\/wp-json\/wp\/v2\/pages\/514"}],"wp:featuredmedia":[{"embeddable":true,"href":"https:\/\/seelearningcenter.pt\/pt-pt\/wp-json\/wp\/v2\/media\/2183"}],"wp:attachment":[{"href":"https:\/\/seelearningcenter.pt\/pt-pt\/wp-json\/wp\/v2\/media?parent=1691"}],"curies":[{"name":"wp","href":"https:\/\/api.w.org\/{rel}","templated":true}]}}