{"id":1652,"date":"2010-09-10T22:15:18","date_gmt":"2010-09-11T02:15:18","guid":{"rendered":"http:\/\/seelearningcenter.pt\/"},"modified":"2010-09-18T14:52:49","modified_gmt":"2010-09-18T18:52:49","slug":"sabia-que","status":"publish","type":"page","link":"https:\/\/seelearningcenter.pt\/pt-pt\/learning-portuguese-ple-2\/sabia-que\/","title":{"rendered":"Sabia que&#8230;"},"content":{"rendered":"<p><img loading=\"lazy\" decoding=\"async\" class=\"alignleft size-full wp-image-1646\" title=\"sabia_que\" src=\"http:\/\/seelearningcenter.pt\/wp-content\/uploads\/2010\/09\/sabia_que.jpg\" alt=\"\" width=\"350\" height=\"237\" srcset=\"https:\/\/seelearningcenter.pt\/wp-content\/uploads\/2010\/09\/sabia_que.jpg 350w, https:\/\/seelearningcenter.pt\/wp-content\/uploads\/2010\/09\/sabia_que-300x203.jpg 300w\" sizes=\"auto, (max-width: 350px) 100vw, 350px\" \/><\/p>\n<ul class=\"right_ul\" type=\"disc\">\n<li>Os Cursos See Portugu\u00eas como L\u00edngua Estrangeira s\u00e3o cursos que t\u00eam        como objectivo a promo\u00e7\u00e3o da l\u00edngua e cultura portuguesas e que  pretendem       qualificar cidad\u00e3os falantes de outros idiomas no  dom\u00ednio da l\u00edngua       portuguesa, bem como refor\u00e7ar o seu conhecimento  por parte de cidad\u00e3os       oriundos dos Pa\u00edses de L\u00edngua Oficial  Portuguesa?<\/li>\n<li>As turmas ter\u00e3o o m\u00e1ximo de 8 alunos, recebendo, cada estudante,       um acompanhamento personalizado por parte do professor?<\/li>\n<li>Existem 6 n\u00edveis que v\u00e3o do n\u00edvel de <em>Inicia\u00e7\u00e3o<\/em> ao n\u00edvel <em>Avan\u00e7ado<\/em>?<\/li>\n<li>Que os cursos se iniciam todas as segundas-feiras, excepto dias de f\u00e9rias e feriados       oficiais?<\/li>\n<li>A dura\u00e7\u00e3o m\u00ednima do curso \u00e9 de uma semana, podendo atingir tanto        tempo quanto o candidato desejar, tendo este a possibilidade de gerir as        suas horas de estudos conforme a sua disponibilidade e  objectivos?<\/li>\n<li>A See Learning Center disp\u00f5e de salas de aula modernas,        confort\u00e1veis e totalmente equipadas, estando um dos seus centros        localizados \u00e0 sa\u00edda da esta\u00e7\u00e3o de Metro de Alfornelos (Amadora Este), um        bairro familiar na zona limite de Lisboa.<\/li>\n<\/ul>\n","protected":false},"excerpt":{"rendered":"<p>Os Cursos See Portugu\u00eas como L\u00edngua Estrangeira s\u00e3o cursos que t\u00eam como objectivo a promo\u00e7\u00e3o da l\u00edngua e cultura portuguesas e que pretendem qualificar cidad\u00e3os falantes de outros idiomas no dom\u00ednio da l\u00edngua portuguesa, bem como refor\u00e7ar o seu conhecimento por parte de cidad\u00e3os oriundos dos Pa\u00edses de L\u00edngua Oficial Portuguesa? As turmas ter\u00e3o o [&hellip;]<\/p>\n","protected":false},"author":2,"featured_media":2182,"parent":514,"menu_order":22,"comment_status":"open","ping_status":"closed","template":"","meta":{"footnotes":"","_links_to":"","_links_to_target":""},"class_list":["post-1652","page","type-page","status-publish","has-post-thumbnail","hentry"],"_links":{"self":[{"href":"https:\/\/seelearningcenter.pt\/pt-pt\/wp-json\/wp\/v2\/pages\/1652","targetHints":{"allow":["GET"]}}],"collection":[{"href":"https:\/\/seelearningcenter.pt\/pt-pt\/wp-json\/wp\/v2\/pages"}],"about":[{"href":"https:\/\/seelearningcenter.pt\/pt-pt\/wp-json\/wp\/v2\/types\/page"}],"author":[{"embeddable":true,"href":"https:\/\/seelearningcenter.pt\/pt-pt\/wp-json\/wp\/v2\/users\/2"}],"replies":[{"embeddable":true,"href":"https:\/\/seelearningcenter.pt\/pt-pt\/wp-json\/wp\/v2\/comments?post=1652"}],"version-history":[{"count":8,"href":"https:\/\/seelearningcenter.pt\/pt-pt\/wp-json\/wp\/v2\/pages\/1652\/revisions"}],"predecessor-version":[{"id":2236,"href":"https:\/\/seelearningcenter.pt\/pt-pt\/wp-json\/wp\/v2\/pages\/1652\/revisions\/2236"}],"up":[{"embeddable":true,"href":"https:\/\/seelearningcenter.pt\/pt-pt\/wp-json\/wp\/v2\/pages\/514"}],"wp:featuredmedia":[{"embeddable":true,"href":"https:\/\/seelearningcenter.pt\/pt-pt\/wp-json\/wp\/v2\/media\/2182"}],"wp:attachment":[{"href":"https:\/\/seelearningcenter.pt\/pt-pt\/wp-json\/wp\/v2\/media?parent=1652"}],"curies":[{"name":"wp","href":"https:\/\/api.w.org\/{rel}","templated":true}]}}