{"id":1506,"date":"2010-09-07T15:15:57","date_gmt":"2010-09-07T19:15:57","guid":{"rendered":"http:\/\/seelearningcenter.pt\/"},"modified":"2010-09-24T06:47:02","modified_gmt":"2010-09-24T10:47:02","slug":"africa-do-sul","status":"publish","type":"page","link":"https:\/\/seelearningcenter.pt\/pt-pt\/see-cursos-no-estrangeiro\/africa-do-sul\/","title":{"rendered":"Africa do Sul"},"content":{"rendered":"<table>\n<tbody>\n<tr>\n<td width=\"20%\"><img loading=\"lazy\" decoding=\"async\" class=\"alignleft size-medium wp-image-2582\" title=\"SEE CAPETOWN (3)\" src=\"http:\/\/seelearningcenter.pt\/wp-content\/uploads\/2010\/09\/SEE-CAPETOWN-3-300x225.jpg\" alt=\"\" width=\"180\" height=\"135\" srcset=\"https:\/\/seelearningcenter.pt\/wp-content\/uploads\/2010\/09\/SEE-CAPETOWN-3-300x225.jpg 300w, https:\/\/seelearningcenter.pt\/wp-content\/uploads\/2010\/09\/SEE-CAPETOWN-3.jpg 800w\" sizes=\"(max-width: 180px) 100vw, 180px\" \/><img loading=\"lazy\" decoding=\"async\" class=\"alignleft size-medium wp-image-2580\" title=\"SEE CAPETOWN (1)\" src=\"http:\/\/seelearningcenter.pt\/wp-content\/uploads\/2010\/09\/SEE-CAPETOWN-1-300x225.jpg\" alt=\"\" width=\"180\" height=\"135\" srcset=\"https:\/\/seelearningcenter.pt\/wp-content\/uploads\/2010\/09\/SEE-CAPETOWN-1-300x225.jpg 300w, https:\/\/seelearningcenter.pt\/wp-content\/uploads\/2010\/09\/SEE-CAPETOWN-1.jpg 800w\" sizes=\"(max-width: 180px) 100vw, 180px\" \/><img loading=\"lazy\" decoding=\"async\" class=\"alignleft size-medium wp-image-2581\" title=\"SEE CAPETOWN (2)\" src=\"http:\/\/seelearningcenter.pt\/wp-content\/uploads\/2010\/09\/SEE-CAPETOWN-2-300x225.jpg\" alt=\"\" width=\"180\" height=\"135\" srcset=\"https:\/\/seelearningcenter.pt\/wp-content\/uploads\/2010\/09\/SEE-CAPETOWN-2-300x225.jpg 300w, https:\/\/seelearningcenter.pt\/wp-content\/uploads\/2010\/09\/SEE-CAPETOWN-2.jpg 800w\" sizes=\"(max-width: 180px) 100vw, 180px\" \/><\/td>\n<td width=\"80%\"><strong>\u00c1frica do Sul <\/strong><\/p>\n<p><strong>Uma Terra de diversidade<\/strong><\/p>\n<p>A \u00c1frica do Sul \u00e9 uma terra de diversidade. Devido \u00e0 sua localiza\u00e7\u00e3o estrat\u00e9gica durante os Descobrimentos europeus, a cultura da \u00c1frica do Sul \u00e9 uma mistura de hist\u00f3ria europeia, \u00a0paisagens de tirar a respira\u00e7\u00e3o e ra\u00edzes africanas.<\/p>\n<p>Combine um curso num pa\u00eds nativo da l\u00edngua inglesa com um programa social que inclui visitas \u00e0 \u201cCidade M\u00e3e\u201d, onde o mais bonito conjunto de montanhas se encontra com o oceano. Receber\u00e1, garantidamente, uma experi\u00eancia de aprendizagem da l\u00edngua inglesa \u00fanica e memor\u00e1vel.<\/p>\n<p><strong>Ficheiro da Escola:<\/strong><\/p>\n<ul>\n<li>Localiza\u00e7\u00e3o conveniente, perto de lojas, bancos, restaurantes e do centro da cidade<\/li>\n<li>A curta dist\u00e2ncia das famosas praias de Clifton e Camps Bay<\/li>\n<li>Aulas em grupos pequenos, garantindo um ensino personalizado<\/li>\n<li>Professores nativos e qualificados<\/li>\n<li>Wi-Fi, biblioteca e sala multim\u00e9dia de acesso gratuito<\/li>\n<li>Grande variedade de cursos, incluindo Geral, Intensivo e Prepara\u00e7\u00e3o para Exames<\/li>\n<li>V\u00e1rias op\u00e7\u00f5es de alojamento<\/li>\n<li>Programa social e cultural dispon\u00edvel<\/li>\n<li>Transferes de\/ para o aeroporto gratuitos<\/li>\n<li>Salas de aula espa\u00e7osas e climatizadas<\/li>\n<li>Certificado<\/li>\n<\/ul>\n<\/td>\n<\/tr>\n<\/tbody>\n<\/table>\n<p><a href=\"http:\/\/seelearningcenter.pt\/pt-pt\/world-education-2\/acomodacao\/\"><strong>Veja Acomoda\u00e7\u00e3o   \u00bb<\/strong><\/a><\/p>\n","protected":false},"excerpt":{"rendered":"<p>\u00c1frica do Sul Uma Terra de diversidade A \u00c1frica do Sul \u00e9 uma terra de diversidade. Devido \u00e0 sua localiza\u00e7\u00e3o estrat\u00e9gica durante os Descobrimentos europeus, a cultura da \u00c1frica do Sul \u00e9 uma mistura de hist\u00f3ria europeia, \u00a0paisagens de tirar a respira\u00e7\u00e3o e ra\u00edzes africanas. Combine um curso num pa\u00eds nativo da l\u00edngua inglesa com [&hellip;]<\/p>\n","protected":false},"author":2,"featured_media":0,"parent":391,"menu_order":50,"comment_status":"open","ping_status":"closed","template":"","meta":{"footnotes":"","_links_to":"","_links_to_target":""},"_links":{"self":[{"href":"https:\/\/seelearningcenter.pt\/pt-pt\/wp-json\/wp\/v2\/pages\/1506"}],"collection":[{"href":"https:\/\/seelearningcenter.pt\/pt-pt\/wp-json\/wp\/v2\/pages"}],"about":[{"href":"https:\/\/seelearningcenter.pt\/pt-pt\/wp-json\/wp\/v2\/types\/page"}],"author":[{"embeddable":true,"href":"https:\/\/seelearningcenter.pt\/pt-pt\/wp-json\/wp\/v2\/users\/2"}],"replies":[{"embeddable":true,"href":"https:\/\/seelearningcenter.pt\/pt-pt\/wp-json\/wp\/v2\/comments?post=1506"}],"version-history":[{"count":8,"href":"https:\/\/seelearningcenter.pt\/pt-pt\/wp-json\/wp\/v2\/pages\/1506\/revisions"}],"predecessor-version":[{"id":2593,"href":"https:\/\/seelearningcenter.pt\/pt-pt\/wp-json\/wp\/v2\/pages\/1506\/revisions\/2593"}],"up":[{"embeddable":true,"href":"https:\/\/seelearningcenter.pt\/pt-pt\/wp-json\/wp\/v2\/pages\/391"}],"wp:attachment":[{"href":"https:\/\/seelearningcenter.pt\/pt-pt\/wp-json\/wp\/v2\/media?parent=1506"}],"curies":[{"name":"wp","href":"https:\/\/api.w.org\/{rel}","templated":true}]}}