{"id":1463,"date":"2010-09-01T13:34:00","date_gmt":"2010-09-01T17:34:00","guid":{"rendered":"http:\/\/seelearningcenter.pt\/"},"modified":"2010-09-17T20:14:12","modified_gmt":"2010-09-18T00:14:12","slug":"quem-somos","status":"publish","type":"page","link":"https:\/\/seelearningcenter.pt\/pt-pt\/learning-center-2\/quem-somos\/","title":{"rendered":"Quem somos"},"content":{"rendered":"<p><a rel=\"attachment wp-att-1474\" href=\"http:\/\/seelearningcenter.pt\/learning-center\/about-see\/attachment\/aboutus\/\"><img loading=\"lazy\" decoding=\"async\" class=\"size-full wp-image-1474 alignleft\" title=\"aboutus\" src=\"http:\/\/seelearningcenter.pt\/wp-content\/uploads\/2010\/09\/aboutus.jpg\" alt=\"\" width=\"418\" height=\"400\" srcset=\"https:\/\/seelearningcenter.pt\/wp-content\/uploads\/2010\/09\/aboutus.jpg 418w, https:\/\/seelearningcenter.pt\/wp-content\/uploads\/2010\/09\/aboutus-300x287.jpg 300w\" sizes=\"(max-width: 418px) 100vw, 418px\" \/><\/a><\/p>\n<p>Uma equipa altamente especializada e dedicada assegura que desfrute de uma atmosfera calorosa e amig\u00e1vel.<\/p>\n<p><strong>N\u00f3s orgulhamo-nos do elevado  n\u00edvel dos nossos cursos e aulas particulares, e das nossas visitas de  estudo bem organizadas e flex\u00edveis.<\/strong><\/p>\n<p>Qualquer que  seja a raz\u00e3o para nos contactar ou estudar connosco &#8211; carreira,  interesse, viagens ou lazer &#8211; n\u00f3s comprometemo-nos a oferecer-lhe um  servi\u00e7o profissional. Estamos ansiosos por lhe dar as boas vindas na See  Learning Center!<\/p>\n","protected":false},"excerpt":{"rendered":"<p>Uma equipa altamente especializada e dedicada assegura que desfrute de uma atmosfera calorosa e amig\u00e1vel. N\u00f3s orgulhamo-nos do elevado n\u00edvel dos nossos cursos e aulas particulares, e das nossas visitas de estudo bem organizadas e flex\u00edveis. Qualquer que seja a raz\u00e3o para nos contactar ou estudar connosco &#8211; carreira, interesse, viagens ou lazer &#8211; n\u00f3s [&hellip;]<\/p>\n","protected":false},"author":2,"featured_media":0,"parent":470,"menu_order":24,"comment_status":"open","ping_status":"closed","template":"","meta":{"footnotes":"","_links_to":"","_links_to_target":""},"_links":{"self":[{"href":"https:\/\/seelearningcenter.pt\/pt-pt\/wp-json\/wp\/v2\/pages\/1463"}],"collection":[{"href":"https:\/\/seelearningcenter.pt\/pt-pt\/wp-json\/wp\/v2\/pages"}],"about":[{"href":"https:\/\/seelearningcenter.pt\/pt-pt\/wp-json\/wp\/v2\/types\/page"}],"author":[{"embeddable":true,"href":"https:\/\/seelearningcenter.pt\/pt-pt\/wp-json\/wp\/v2\/users\/2"}],"replies":[{"embeddable":true,"href":"https:\/\/seelearningcenter.pt\/pt-pt\/wp-json\/wp\/v2\/comments?post=1463"}],"version-history":[{"count":16,"href":"https:\/\/seelearningcenter.pt\/pt-pt\/wp-json\/wp\/v2\/pages\/1463\/revisions"}],"predecessor-version":[{"id":1966,"href":"https:\/\/seelearningcenter.pt\/pt-pt\/wp-json\/wp\/v2\/pages\/1463\/revisions\/1966"}],"up":[{"embeddable":true,"href":"https:\/\/seelearningcenter.pt\/pt-pt\/wp-json\/wp\/v2\/pages\/470"}],"wp:attachment":[{"href":"https:\/\/seelearningcenter.pt\/pt-pt\/wp-json\/wp\/v2\/media?parent=1463"}],"curies":[{"name":"wp","href":"https:\/\/api.w.org\/{rel}","templated":true}]}}