{"id":1449,"date":"2010-09-01T10:40:14","date_gmt":"2010-09-01T14:40:14","guid":{"rendered":"http:\/\/seelearningcenter.pt\/"},"modified":"2010-09-01T10:40:14","modified_gmt":"2010-09-01T14:40:14","slug":"politica-de-privacidade","status":"publish","type":"page","link":"https:\/\/seelearningcenter.pt\/pt-pt\/contactos\/politica-de-privacidade\/","title":{"rendered":"POL\u00cdTICA DE PRIVACIDADE"},"content":{"rendered":"<p>De  modo a garantir a presta\u00e7\u00e3o de um melhor  servi\u00e7o, a See Learning Center recolhe  e usa informa\u00e7\u00e3o pessoal. A  informa\u00e7\u00e3o recolhida permite \u00e0 See Learning Center  melhorar e redefinir  produtos ou servi\u00e7os de forma a ir ao encontro das  necessidades e  prefer\u00eancias dos clientes e refor\u00e7ar as suas ofertas. Os dados   recolhidos ser\u00e3o processados por n\u00f3s, de forma a responder \u00e0 informa\u00e7\u00e3o   solicitada, sendo que a informa\u00e7\u00e3o recolhida destina-se ao uso  exclusivo da See  Learning Center.<\/p>\n<p>A pol\u00edtica  de privacidade \u00e9  importante para n\u00f3s. Toda e qualquer informa\u00e7\u00e3o pessoal  reunida ser\u00e1  utilizada para fins estat\u00edsticos, de e-marketing, divulga\u00e7\u00e3o de   not\u00edcias, newsletters, apresenta\u00e7\u00e3o de novas ofertas, produtos e  servi\u00e7os.<\/p>\n<p>A See  Learning Center tomar\u00e1  todas as precau\u00e7\u00f5es a fim de proteger contra a perda,  mau uso e  altera\u00e7\u00e3o dos dados que tiverem sob o seu controlo. S\u00f3 os  colaboradores  autorizados ter\u00e3o acesso \u00e0 informa\u00e7\u00e3o que nos \u00e9 cedida com   consentimento pr\u00e9vio.<\/p>\n<p>As  informa\u00e7\u00f5es pessoais  publicadas online podem ser interceptadas, recolhidas ou  usadas, pelo  que n\u00e3o garantimos a total seguran\u00e7a dos dados transmitidos  atrav\u00e9s da  Internet. Neste contexto, ainda que nos esforcemos para proteger as   suas informa\u00e7\u00f5es pessoais ou as informa\u00e7\u00f5es da sua empresa, n\u00e3o  asseguramos nem  nos responsabilizamos pela seguran\u00e7a de qualquer  informa\u00e7\u00e3o que nos envie,  sendo que os riscos de tal envio ser\u00e3o  assumidos pelo cliente.<\/p>\n<p>A See  Learning Center age como  intermedi\u00e1rio entre o estudante e as ag\u00eancias  educativas, por um lado, e  a fam\u00edlia e\/ou fam\u00edlias de acolhimento, por outro.  Em nenhuma  circunst\u00e2ncia poder\u00e3o ser-lhe imputadas responsabilidades por  qualquer  atraso ou acidente ocorrido durante a estadia. Da mesma forma, a See   Learning Center n\u00e3o poder\u00e1 ser responsabilizada por qualquer acidente  que possa  ocorrer durante o tempo de perman\u00eancia do estudante com a  fam\u00edlia de  acolhimento. No entanto, a See Learning Center ir\u00e1  posicionar-se em defesa dos  interesses do aluno sempre que, da parte da  ag\u00eancia educativa ou fam\u00edlia de  acolhimento, se verifique uma quebra  no contrato.<\/p>\n<p>A See  Learning Center reserva-se  ao direito de cancelar um programa, de propor um  calend\u00e1rio ou eventos  alternativos e de proceder a altera\u00e7\u00f5es a programas pr\u00e9  definidos.<\/p>\n<p>A See  Learning Center reserva-se  ao direito de repatriar, sob os custos do estudante  ou da sua fam\u00edlia e  sem uma carta de notifica\u00e7\u00e3o, qualquer estudante que cometa  uma ofensa  s\u00e9ria, especialmente se a mesma envolver as autoridades locais ou   nacionais.<\/p>\n<p>O  L\u00edder do Grupo acompanha os  alunos em todas as sa\u00eddas. Aos estudantes menores  n\u00e3o s\u00e3o autorizadas  sa\u00eddas \u00e0 noite, exceptuando os casos em que se juntem ao  grupo em  actividades organizadas e supervisionadas, ou no caso de terem o   consentimento dos pais.<\/p>\n<p>Os  estudantes podem ser  transferidos para outro programa educativo caso existam  vagas. Os  estudantes que escolherem mudar do seu programa educativo inicial  para  um outro de maior custo devem pagar o valor restante na altura em que   formalizarem o pedido de mudan\u00e7a.<\/p>\n<p>A See  Learning Center reserva-se  no direito de usar fotografias captadas durante os  programas educativos  de forma a ilustrar o material promocional dos cursos. As  fotografias  captadas n\u00e3o t\u00eam qualquer valor comercial ou contratual.<\/p>\n","protected":false},"excerpt":{"rendered":"<p>De modo a garantir a presta\u00e7\u00e3o de um melhor servi\u00e7o, a See Learning Center recolhe e usa informa\u00e7\u00e3o pessoal. A informa\u00e7\u00e3o recolhida permite \u00e0 See Learning Center melhorar e redefinir produtos ou servi\u00e7os de forma a ir ao encontro das necessidades e prefer\u00eancias dos clientes e refor\u00e7ar as suas ofertas. Os dados recolhidos ser\u00e3o processados [&hellip;]<\/p>\n","protected":false},"author":2,"featured_media":0,"parent":386,"menu_order":50,"comment_status":"open","ping_status":"closed","template":"see-page_template.php","meta":{"footnotes":"","_links_to":"","_links_to_target":""},"class_list":["post-1449","page","type-page","status-publish","hentry"],"_links":{"self":[{"href":"https:\/\/seelearningcenter.pt\/pt-pt\/wp-json\/wp\/v2\/pages\/1449","targetHints":{"allow":["GET"]}}],"collection":[{"href":"https:\/\/seelearningcenter.pt\/pt-pt\/wp-json\/wp\/v2\/pages"}],"about":[{"href":"https:\/\/seelearningcenter.pt\/pt-pt\/wp-json\/wp\/v2\/types\/page"}],"author":[{"embeddable":true,"href":"https:\/\/seelearningcenter.pt\/pt-pt\/wp-json\/wp\/v2\/users\/2"}],"replies":[{"embeddable":true,"href":"https:\/\/seelearningcenter.pt\/pt-pt\/wp-json\/wp\/v2\/comments?post=1449"}],"version-history":[{"count":3,"href":"https:\/\/seelearningcenter.pt\/pt-pt\/wp-json\/wp\/v2\/pages\/1449\/revisions"}],"predecessor-version":[{"id":1452,"href":"https:\/\/seelearningcenter.pt\/pt-pt\/wp-json\/wp\/v2\/pages\/1449\/revisions\/1452"}],"up":[{"embeddable":true,"href":"https:\/\/seelearningcenter.pt\/pt-pt\/wp-json\/wp\/v2\/pages\/386"}],"wp:attachment":[{"href":"https:\/\/seelearningcenter.pt\/pt-pt\/wp-json\/wp\/v2\/media?parent=1449"}],"curies":[{"name":"wp","href":"https:\/\/api.w.org\/{rel}","templated":true}]}}