{"id":1345,"date":"2010-07-30T07:52:58","date_gmt":"2010-07-30T11:52:58","guid":{"rendered":"http:\/\/seelearningcenter.pt\/"},"modified":"2010-09-13T18:27:33","modified_gmt":"2010-09-13T22:27:33","slug":"club-50-2","status":"publish","type":"page","link":"https:\/\/seelearningcenter.pt\/pt-pt\/learning-portuguese-ple-2\/club-50-2\/","title":{"rendered":"Club 50+"},"content":{"rendered":"<p><strong><img loading=\"lazy\" decoding=\"async\" class=\"aligncenter size-medium wp-image-1375\" title=\"Club 50+\" src=\"http:\/\/seelearningcenter.pt\/wp-content\/uploads\/2010\/07\/SEE-PLE-12-300x200.jpg\" alt=\"\" width=\"300\" height=\"200\" srcset=\"https:\/\/seelearningcenter.pt\/wp-content\/uploads\/2010\/07\/SEE-PLE-12-300x200.jpg 300w, https:\/\/seelearningcenter.pt\/wp-content\/uploads\/2010\/07\/SEE-PLE-12-1024x682.jpg 1024w\" sizes=\"auto, (max-width: 300px) 100vw, 300px\" \/><br \/>\n<\/strong><\/p>\n<p>O programa Club 50+ \u00e9 uma experi\u00eancia excepcional especialmente desenhada para estudantes com mais de 50 anos de idade que adoram viajar, encontrar novas pessoas e que t\u00eam um sentido de descoberta e aventura. Este curso inclui acomoda\u00e7\u00e3o em fam\u00edlias de acolhimento, 20 aulas de L\u00edngua Portuguesa por semana com forte incid\u00eancia na conversa\u00e7\u00e3o. As actividades s\u00e3o criadas de acordo com a cultura portuguesa, incluindo os costumes, a hist\u00f3ria e a arte. Este curso \u00e9 perfeito para estudantes maturos que pretendem aprender Portugu\u00eas enquanto experienciam Portugal.<\/p>\n<p><strong>SEE Club de Portugu\u00eas 50+<\/strong><\/p>\n<p>\u2022 Descubra a profunda e intrigante hist\u00f3ria de Lisboa<br \/>\n\u2022 Fique imerso na cultura portuguesa vivendo numa fam\u00edlia de acolhimento<br \/>\n\u2022 Aprenda Portugu\u00eas de um modo \u00edntimo, relevante e viciante<br \/>\n\u2022 Practique Portugu\u00eas oral corrente<br \/>\n\u2022\u00a0 Combine a aprendizagem da l\u00edngua portuguesa e da cultura<br \/>\n\u2022\u00a0 Tire partido das actividades culturais e sociais<br \/>\n\u2022 Participe em aulas especializadas de hist\u00f3ria, arte, pol\u00edtica e cultura portugueses<br \/>\n\u2022 Acesso a computadores e Wi-Fi<br \/>\n\u2022 Encontre-se com pessoas com os mesmos interesses de todo o Mundo<\/p>\n","protected":false},"excerpt":{"rendered":"<p>O programa Club 50+ \u00e9 uma experi\u00eancia excepcional especialmente desenhada para estudantes com mais de 50 anos de idade que adoram viajar, encontrar novas pessoas e que t\u00eam um sentido de descoberta e aventura. Este curso inclui acomoda\u00e7\u00e3o em fam\u00edlias de acolhimento, 20 aulas de L\u00edngua Portuguesa por semana com forte incid\u00eancia na conversa\u00e7\u00e3o. As [&hellip;]<\/p>\n","protected":false},"author":6,"featured_media":1374,"parent":514,"menu_order":6,"comment_status":"open","ping_status":"closed","template":"","meta":{"footnotes":"","_links_to":"","_links_to_target":""},"class_list":["post-1345","page","type-page","status-publish","has-post-thumbnail","hentry"],"_links":{"self":[{"href":"https:\/\/seelearningcenter.pt\/pt-pt\/wp-json\/wp\/v2\/pages\/1345","targetHints":{"allow":["GET"]}}],"collection":[{"href":"https:\/\/seelearningcenter.pt\/pt-pt\/wp-json\/wp\/v2\/pages"}],"about":[{"href":"https:\/\/seelearningcenter.pt\/pt-pt\/wp-json\/wp\/v2\/types\/page"}],"author":[{"embeddable":true,"href":"https:\/\/seelearningcenter.pt\/pt-pt\/wp-json\/wp\/v2\/users\/6"}],"replies":[{"embeddable":true,"href":"https:\/\/seelearningcenter.pt\/pt-pt\/wp-json\/wp\/v2\/comments?post=1345"}],"version-history":[{"count":14,"href":"https:\/\/seelearningcenter.pt\/pt-pt\/wp-json\/wp\/v2\/pages\/1345\/revisions"}],"predecessor-version":[{"id":2707,"href":"https:\/\/seelearningcenter.pt\/pt-pt\/wp-json\/wp\/v2\/pages\/1345\/revisions\/2707"}],"up":[{"embeddable":true,"href":"https:\/\/seelearningcenter.pt\/pt-pt\/wp-json\/wp\/v2\/pages\/514"}],"wp:featuredmedia":[{"embeddable":true,"href":"https:\/\/seelearningcenter.pt\/pt-pt\/wp-json\/wp\/v2\/media\/1374"}],"wp:attachment":[{"href":"https:\/\/seelearningcenter.pt\/pt-pt\/wp-json\/wp\/v2\/media?parent=1345"}],"curies":[{"name":"wp","href":"https:\/\/api.w.org\/{rel}","templated":true}]}}