{"id":1339,"date":"2010-07-30T07:49:52","date_gmt":"2010-07-30T11:49:52","guid":{"rendered":"http:\/\/seelearningcenter.pt\/"},"modified":"2010-09-13T17:43:54","modified_gmt":"2010-09-13T21:43:54","slug":"young-learners-juniores-2","status":"publish","type":"page","link":"https:\/\/seelearningcenter.pt\/pt-pt\/learning-portuguese-ple-2\/young-learners-juniores-2\/","title":{"rendered":"Young Learners (Juniores)"},"content":{"rendered":"<table border=\"0\" cellspacing=\"0\" cellpadding=\"0\" width=\"690\">\n<tbody>\n<tr>\n<td width=\"290\"><a rel=\"attachment wp-att-1336\" href=\"http:\/\/seelearningcenter.pt\/learning-portuguese-ple\/attachment\/see-learning-center-15-quadrado\/\"><img loading=\"lazy\" decoding=\"async\" title=\"Young Learners\" src=\"http:\/\/seelearningcenter.pt\/wp-content\/uploads\/2010\/06\/SEE-LEARNING-CENTER-15-quadrado.jpg\" alt=\"\" width=\"235\" height=\"235\" \/><\/a><\/td>\n<td width=\"15\"><img loading=\"lazy\" decoding=\"async\" src=\"http:\/\/www.seelearningcenter.pt\/images\/transp.gif\" alt=\"\" width=\"15\" height=\"1\" \/><\/td>\n<td width=\"387\"><strong>SEE Curso de Ver\u00e3o<br \/>\n<\/strong><\/p>\n<p>Na See Learning Center os alunos t\u00eam a oportunidade de explorar a colorida cidade de Lisboa, fazer amigos de todo o Mundo\u00a0 e de estar completamente imerso na cultura portuguesa, ficando acomodado numa fam\u00edlia de acolhimento cuidadosamente seleccionada.<br \/>\nO programa SEE Curso de Ver\u00e3o consiste no m\u00ednimo em 1 semana com um m\u00e1ximo de quinze alunos. Este curso combina 15 aulas de L\u00edngua Portuguesa oir semana com actividades divertidas, interactivas e culturais durante as tardes. Cada aluno ser\u00e1 colocado numa fam\u00edlia de acolhinento confort\u00e1vel e hospitaleira. Independentemente do seu n\u00edvel de Portugu\u00eas, de elementar a avan\u00e7ado, este curso \u00e9 ideal para aqueles que procuram uma experi\u00eancia \u00fanica, educativa e cultural.<\/p>\n<p>O programa SEE Curso de Ver\u00e3o assegura que os alunos aprendem enquanto se divertem e vivem a L\u00edngua Portuguesa!<\/p>\n<p><strong>SEE Curso de Ver\u00e3o<br \/>\n<\/strong>\u2022 Fa\u00e7a novos amigos<br \/>\n\u2022 Aprenda e experiencie a hist\u00f3ria, a cultura e as tradi\u00e7\u00f5es portuguesas<br \/>\n\u2022 Programa de actividades supervisionado<br \/>\n\u2022 Supervis\u00e3o excepcional dos alunos<br \/>\n\u2022 N\u00edveis de ensino elevados<br \/>\n\u2022 Certificado no final do curso<br \/>\n\u2022 Pacote com tudo inclu\u00eddo<\/p>\n<p><strong>Factos:<br \/>\n<\/strong><br \/>\n\u2022 Idade: +8 anos<br \/>\n\u2022 N\u00famero de alunos: m\u00e1ximo 15 alunos por aula<br \/>\n\u2022 N\u00edveis: elementar a avan\u00e7ado<br \/>\n\u2022 N\u00famero de aulas: 18 aulas por semana<br \/>\n\u2022 Programa de actividades: actividades interactivas durante a tarde<br \/>\n\u2022 Dura\u00e7\u00e3o do curso: m\u00ednimo 1 semana<br \/>\n\u2022 Acomoda\u00e7\u00e3o: Fam\u00edlias de acolhimento com pens\u00e3o completa<\/td>\n<\/tr>\n<\/tbody>\n<\/table>\n","protected":false},"excerpt":{"rendered":"<p>SEE Curso de Ver\u00e3o Na See Learning Center os alunos t\u00eam a oportunidade de explorar a colorida cidade de Lisboa, fazer amigos de todo o Mundo\u00a0 e de estar completamente imerso na cultura portuguesa, ficando acomodado numa fam\u00edlia de acolhimento cuidadosamente seleccionada. O programa SEE Curso de Ver\u00e3o consiste no m\u00ednimo em 1 semana com [&hellip;]<\/p>\n","protected":false},"author":6,"featured_media":1342,"parent":514,"menu_order":4,"comment_status":"open","ping_status":"closed","template":"","meta":{"footnotes":"","_links_to":"","_links_to_target":""},"_links":{"self":[{"href":"https:\/\/seelearningcenter.pt\/pt-pt\/wp-json\/wp\/v2\/pages\/1339"}],"collection":[{"href":"https:\/\/seelearningcenter.pt\/pt-pt\/wp-json\/wp\/v2\/pages"}],"about":[{"href":"https:\/\/seelearningcenter.pt\/pt-pt\/wp-json\/wp\/v2\/types\/page"}],"author":[{"embeddable":true,"href":"https:\/\/seelearningcenter.pt\/pt-pt\/wp-json\/wp\/v2\/users\/6"}],"replies":[{"embeddable":true,"href":"https:\/\/seelearningcenter.pt\/pt-pt\/wp-json\/wp\/v2\/comments?post=1339"}],"version-history":[{"count":13,"href":"https:\/\/seelearningcenter.pt\/pt-pt\/wp-json\/wp\/v2\/pages\/1339\/revisions"}],"predecessor-version":[{"id":1777,"href":"https:\/\/seelearningcenter.pt\/pt-pt\/wp-json\/wp\/v2\/pages\/1339\/revisions\/1777"}],"up":[{"embeddable":true,"href":"https:\/\/seelearningcenter.pt\/pt-pt\/wp-json\/wp\/v2\/pages\/514"}],"wp:featuredmedia":[{"embeddable":true,"href":"https:\/\/seelearningcenter.pt\/pt-pt\/wp-json\/wp\/v2\/media\/1342"}],"wp:attachment":[{"href":"https:\/\/seelearningcenter.pt\/pt-pt\/wp-json\/wp\/v2\/media?parent=1339"}],"curies":[{"name":"wp","href":"https:\/\/api.w.org\/{rel}","templated":true}]}}