{"id":1333,"date":"2010-07-30T07:39:09","date_gmt":"2010-07-30T11:39:09","guid":{"rendered":"http:\/\/seelearningcenter.pt\/"},"modified":"2010-09-18T14:51:39","modified_gmt":"2010-09-18T18:51:39","slug":"acomodacao-2","status":"publish","type":"page","link":"https:\/\/seelearningcenter.pt\/pt-pt\/learning-portuguese-ple-2\/acomodacao-2\/","title":{"rendered":"Acomoda\u00e7\u00e3o"},"content":{"rendered":"<p>Partilhe o seu dia-a-dia com uma fam\u00edlia seleccionada e mergulhe completamente na cultura Portuguesa \u2013 uma casa longe de casa. Todas as fam\u00edlias s\u00e3o controladas e monitorizadas, provideciando um lar acolhedor, dando ao aluno a oportunidade de melhorar a sua L\u00edngua Portuguesa num ambiente tradicional. Os alunos podem optar entre quarto single ou duplo e ser\u00e3o os \u00fanicos nativos da sua l\u00edngua(s) em casa, excepto se solicitado de outro modo.<\/p>\n<table border=\"0\" cellspacing=\"0\" cellpadding=\"0\" width=\"100%\">\n<tbody>\n<tr>\n<td width=\"28%\"><img loading=\"lazy\" decoding=\"async\" src=\"http:\/\/www.seelearningcenter.pt\/images\/cursos_portugues13.jpg\" alt=\"\" width=\"191\" height=\"288\" \/><\/td>\n<td width=\"2%\"><img loading=\"lazy\" decoding=\"async\" src=\"http:\/\/www.seelearningcenter.pt\/images\/transp.gif\" alt=\"\" width=\"15\" height=\"1\" \/><\/td>\n<td width=\"35%\"><img loading=\"lazy\" decoding=\"async\" src=\"http:\/\/www.seelearningcenter.pt\/images\/cursos_portugues14.jpg\" alt=\"\" width=\"191\" height=\"288\" \/><\/td>\n<td width=\"2%\"><img loading=\"lazy\" decoding=\"async\" src=\"http:\/\/www.seelearningcenter.pt\/images\/transp.gif\" alt=\"\" width=\"15\" height=\"1\" \/><\/td>\n<td width=\"70%\">A fam\u00edlia de acolhimento nunca ser\u00e1 a mais de 20 minutos do See Learning Center, sendo de f\u00e1cil acesso a p\u00e9 ou de transportes p\u00fablicos.<\/p>\n<p>As fam\u00edlias s\u00e3o maioritariamente localizadas em Alfornelos. Esta \u00e1rea residencial apareceu h\u00e1 um s\u00e9culo, substituindo as quintas a\u00ed existentes por ed\u00edficios.<\/p>\n<p>Foi esta origem rural que deu o nome \u00e0 Freguesia : Al-Forner significa padeiro em \u00c1rabe. No \u00ednicio pertencia ao conselho de Lisboa, integrado na Freguesia de Benfica. Hoje em dia pertence ao conselho da Amadora.<\/p>\n<p>Embora seja a segunda freguesia mais pequena da Amadora, vivem 14305 pessoas em Alfornelos e \u00e9 uma das popula\u00e7\u00f5es mais jovens da \u00e1rea.<\/p>\n<p>As fam\u00edlias de acolhimento podem tamb\u00e9m ser localizadas em \u00e1reas pr\u00f3ximas, com Benfica ou Pontinha.<\/p>\n<p>Se preferir o See Learning Center poder\u00e1 encontrar-lhe um alojamento em hotel.<\/td>\n<\/tr>\n<\/tbody>\n<\/table>\n","protected":false},"excerpt":{"rendered":"<p>Partilhe o seu dia-a-dia com uma fam\u00edlia seleccionada e mergulhe completamente na cultura Portuguesa \u2013 uma casa longe de casa. Todas as fam\u00edlias s\u00e3o controladas e monitorizadas, provideciando um lar acolhedor, dando ao aluno a oportunidade de melhorar a sua L\u00edngua Portuguesa num ambiente tradicional. Os alunos podem optar entre quarto single ou duplo e [&hellip;]<\/p>\n","protected":false},"author":6,"featured_media":1265,"parent":514,"menu_order":18,"comment_status":"open","ping_status":"closed","template":"","meta":{"footnotes":"","_links_to":"","_links_to_target":""},"_links":{"self":[{"href":"https:\/\/seelearningcenter.pt\/pt-pt\/wp-json\/wp\/v2\/pages\/1333"}],"collection":[{"href":"https:\/\/seelearningcenter.pt\/pt-pt\/wp-json\/wp\/v2\/pages"}],"about":[{"href":"https:\/\/seelearningcenter.pt\/pt-pt\/wp-json\/wp\/v2\/types\/page"}],"author":[{"embeddable":true,"href":"https:\/\/seelearningcenter.pt\/pt-pt\/wp-json\/wp\/v2\/users\/6"}],"replies":[{"embeddable":true,"href":"https:\/\/seelearningcenter.pt\/pt-pt\/wp-json\/wp\/v2\/comments?post=1333"}],"version-history":[{"count":5,"href":"https:\/\/seelearningcenter.pt\/pt-pt\/wp-json\/wp\/v2\/pages\/1333\/revisions"}],"predecessor-version":[{"id":2842,"href":"https:\/\/seelearningcenter.pt\/pt-pt\/wp-json\/wp\/v2\/pages\/1333\/revisions\/2842"}],"up":[{"embeddable":true,"href":"https:\/\/seelearningcenter.pt\/pt-pt\/wp-json\/wp\/v2\/pages\/514"}],"wp:featuredmedia":[{"embeddable":true,"href":"https:\/\/seelearningcenter.pt\/pt-pt\/wp-json\/wp\/v2\/media\/1265"}],"wp:attachment":[{"href":"https:\/\/seelearningcenter.pt\/pt-pt\/wp-json\/wp\/v2\/media?parent=1333"}],"curies":[{"name":"wp","href":"https:\/\/api.w.org\/{rel}","templated":true}]}}