{"id":1328,"date":"2010-07-30T07:35:34","date_gmt":"2010-07-30T11:35:34","guid":{"rendered":"http:\/\/seelearningcenter.pt\/"},"modified":"2010-10-04T18:40:34","modified_gmt":"2010-10-04T22:40:34","slug":"estagios-2","status":"publish","type":"page","link":"https:\/\/seelearningcenter.pt\/pt-pt\/learning-portuguese-ple-2\/estagios-2\/","title":{"rendered":"Est\u00e1gios"},"content":{"rendered":"<p><a rel=\"attachment wp-att-1349\" href=\"http:\/\/seelearningcenter.pt\/learning-portuguese-ple\/internships\/attachment\/site-see-lc\/\"><img loading=\"lazy\" decoding=\"async\" class=\"alignleft size-medium wp-image-1349\" title=\"SITE SEE LC\" src=\"http:\/\/seelearningcenter.pt\/wp-content\/uploads\/2010\/07\/SITE-SEE-LC-186x300.jpg\" alt=\"\" width=\"186\" height=\"300\" srcset=\"https:\/\/seelearningcenter.pt\/wp-content\/uploads\/2010\/07\/SITE-SEE-LC-186x300.jpg 186w, https:\/\/seelearningcenter.pt\/wp-content\/uploads\/2010\/07\/SITE-SEE-LC-638x1024.jpg 638w\" sizes=\"auto, (max-width: 186px) 100vw, 186px\" \/><\/a><em><strong>Est\u00e1gios*<\/strong><\/em><\/p>\n<p>O programa SEE Work Experience \u00e9 uma excelente forma de aumentar a sua profici\u00eancia em Portugu\u00eas, ao mesmo tempo que desenvolve aptid\u00f5es profissionais. Oferecemos um conjunto de op\u00e7\u00f5es em v\u00e1rias \u00e1reas, como administra\u00e7\u00e3o, turismo e hotelaria, recursos humanos, design e servi\u00e7os sociais. A SEE LEARNING CENTER\u00a0 garante que a coloca\u00e7\u00e3o \u00e9 adaptada\u00a0 aos objectivos de carreira de cada aluno.<\/p>\n<p>O programa SEE Work Experiences est\u00e1 dispon\u00edvel apenas em combina\u00e7\u00e3o com\u00a0o curso SEE Geral de portugu\u00eas, que o aluno dever\u00e1 frequenter at\u00e9 atingir um n\u00edvel interm\u00e9dio de portugu\u00eas (m\u00ednimo quatro semanas).<\/p>\n<p>*Os est\u00e1gios s\u00e3o n\u00e3o-remunerados<\/p>\n","protected":false},"excerpt":{"rendered":"<p>Est\u00e1gios* O programa SEE Work Experience \u00e9 uma excelente forma de aumentar a sua profici\u00eancia em Portugu\u00eas, ao mesmo tempo que desenvolve aptid\u00f5es profissionais. Oferecemos um conjunto de op\u00e7\u00f5es em v\u00e1rias \u00e1reas, como administra\u00e7\u00e3o, turismo e hotelaria, recursos humanos, design e servi\u00e7os sociais. A SEE LEARNING CENTER\u00a0 garante que a coloca\u00e7\u00e3o \u00e9 adaptada\u00a0 aos objectivos [&hellip;]<\/p>\n","protected":false},"author":6,"featured_media":1351,"parent":514,"menu_order":16,"comment_status":"open","ping_status":"closed","template":"","meta":{"footnotes":"","_links_to":"","_links_to_target":""},"class_list":["post-1328","page","type-page","status-publish","has-post-thumbnail","hentry"],"_links":{"self":[{"href":"https:\/\/seelearningcenter.pt\/pt-pt\/wp-json\/wp\/v2\/pages\/1328","targetHints":{"allow":["GET"]}}],"collection":[{"href":"https:\/\/seelearningcenter.pt\/pt-pt\/wp-json\/wp\/v2\/pages"}],"about":[{"href":"https:\/\/seelearningcenter.pt\/pt-pt\/wp-json\/wp\/v2\/types\/page"}],"author":[{"embeddable":true,"href":"https:\/\/seelearningcenter.pt\/pt-pt\/wp-json\/wp\/v2\/users\/6"}],"replies":[{"embeddable":true,"href":"https:\/\/seelearningcenter.pt\/pt-pt\/wp-json\/wp\/v2\/comments?post=1328"}],"version-history":[{"count":13,"href":"https:\/\/seelearningcenter.pt\/pt-pt\/wp-json\/wp\/v2\/pages\/1328\/revisions"}],"predecessor-version":[{"id":2844,"href":"https:\/\/seelearningcenter.pt\/pt-pt\/wp-json\/wp\/v2\/pages\/1328\/revisions\/2844"}],"up":[{"embeddable":true,"href":"https:\/\/seelearningcenter.pt\/pt-pt\/wp-json\/wp\/v2\/pages\/514"}],"wp:featuredmedia":[{"embeddable":true,"href":"https:\/\/seelearningcenter.pt\/pt-pt\/wp-json\/wp\/v2\/media\/1351"}],"wp:attachment":[{"href":"https:\/\/seelearningcenter.pt\/pt-pt\/wp-json\/wp\/v2\/media?parent=1328"}],"curies":[{"name":"wp","href":"https:\/\/api.w.org\/{rel}","templated":true}]}}