{"id":928,"date":"2010-07-07T02:27:07","date_gmt":"2010-07-07T06:27:07","guid":{"rendered":"http:\/\/seelearningcenter.pt\/"},"modified":"2010-10-17T08:55:26","modified_gmt":"2010-10-17T12:55:26","slug":"kursy-jezyka-portugalskiego-dla-obcokrajowcow-w-see-learning-center","status":"publish","type":"page","link":"https:\/\/seelearningcenter.pt\/pl\/portugalski-dla-obcokrajowcw\/kursy-jezyka-portugalskiego-dla-obcokrajowcow-w-see-learning-center\/","title":{"rendered":"Kursy j\u0119zyka portugalskiego dla obcokrajowc\u00f3w w SEE Learning Center"},"content":{"rendered":"<p>Portugalski to jeden z j\u0119zyk\u00f3w roma\u0144skich, wywodz\u0105cych si\u0119 od \u0142aciny, w  kt\u00f3rym mo\u017cna odnale\u017a\u0107 wiele wp\u0142yw\u00f3w z innych kultur. Panowanie Maur\u00f3w na  P\u00f3\u0142wyspie Iberyjskim w \u015bredniowieczu oraz udzia\u0142 Portugalii w  odkryciach geograficznych wzbogaci\u0142y j\u0119zyk portugalski o wiele nowych  s\u0142\u00f3w obcego pochodzenia, dzi\u0119ki czemu sta\u0142 si\u0119 on j\u0119zykiem wyj\u0105tkowym.  Zajmuje sz\u00f3ste miejsce na \u015bwiecie pod wzgl\u0119dem liczby rodzimych  u\u017cytkownik\u00f3w j\u0119zyka, jest j\u0119zykiem urz\u0119dowym dziesi\u0119ciu kraj\u00f3w, a  ponadto w wielu krajach jest u\u017cywany przez spo\u0142eczno\u015b\u0107 portugalsk\u0105 lub  po prostu znacznie wp\u0142yn\u0105\u0142 na j\u0119zyk lokalny. Kursy j\u0119zyka portugalskiego  w See Learning Center s\u0105 doskona\u0142\u0105 okazj\u0105 nauczenia si\u0119 jednego z  najbardziej fascynuj\u0105cych j\u0119zyk\u00f3w na \u015bwiecie, a przy tym poznania  kultury Portugalii!<\/p>\n<p>Kursy dla doros\u0142ych:<\/p>\n<p><strong>Informacje:<\/strong><\/p>\n<ul>\n<li><strong>Wiek:<\/strong> +18 lat<strong> <\/strong><\/li>\n<li><strong>Sala komputerowa:<\/strong> bezp\u0142atny dost\u0119p do Internetu<strong> <\/strong><\/li>\n<li><strong>Liczba os\u00f3b w grupie:<\/strong> maksymalnie 8<strong> <\/strong><\/li>\n<li><strong>Poziomy:<\/strong> od podstawowego do zaawansowanego<strong> <\/strong><\/li>\n<li><strong>Zakwaterowanie:<\/strong> u rodzin lub w hotelu<\/li>\n<li><strong>Kursy:<\/strong>\n<ul>\n<li>Kursy j\u0119zyka portugalskiego og\u00f3lnego See<\/li>\n<li>Kursy intensywne j\u0119zyka portugalskiego See<\/li>\n<li>Zaj\u0119cia indywidualne z j\u0119zyka portugalskiego See<\/li>\n<li>Kursy j\u0119zyka portugalskiego specjalistycznego See<\/li>\n<li>Kursy j\u0119zyka portugalskiego 50+ See (dla os\u00f3b powy\u017cej pi\u0119\u0107dziesi\u0105tego roku \u017cycia)<\/li>\n<\/ul>\n<\/li>\n<\/ul>\n<h3>Kursy j\u0119zyka portugalskiego og\u00f3lnego See<\/h3>\n<table border=\"0\" cellspacing=\"0\" cellpadding=\"0\" width=\"100%\">\n<tbody>\n<tr>\n<td width=\"28%\"><img loading=\"lazy\" decoding=\"async\" src=\"http:\/\/www.seelearningcenter.pt\/images\/cursos_portugues4.jpg\" alt=\"\" width=\"288\" height=\"191\" \/><\/td>\n<td width=\"2%\"><img loading=\"lazy\" decoding=\"async\" src=\"http:\/\/www.seelearningcenter.pt\/images\/transp.gif\" alt=\"\" width=\"15\" height=\"1\" \/><\/td>\n<td width=\"70%\">Kurs j\u0119zyka portugalskiego og\u00f3lnego to trzy godziny zaj\u0119\u0107 dziennie. Dzi\u0119ki temu s\u0142uchacze maj\u0105 czas na poznanie Lizbony i okolic. Ka\u017cdy kurs, niezale\u017cnie od poziomu zaawansowania, trwa cztery tygodnie, a liczba os\u00f3b w grupie nie przekracza o\u015bmiu, co pozwala nauczycielom po\u015bwi\u0119ci\u0107 odpowiednio du\u017co uwagi ka\u017cdemu s\u0142uchaczowi. Po\u0142\u0105czenie kursu portugalskiego ze zwiedzaniem Portugalii to najlepszy spos\u00f3b na pe\u0142ne wykorzystanie pobytu w naszym kraju!<\/td>\n<\/tr>\n<\/tbody>\n<\/table>\n<h3>Kursy intensywne j\u0119zyka portugalskiego See<\/h3>\n<p>Kurs intensywny proponowany przez See Learning Center to idealne rozwi\u0105zanie dla os\u00f3b, kt\u00f3re chc\u0105 si\u0119 nauczy\u0107 jak najwi\u0119cej podczas pobytu w Portugalii. Kurs ten \u0142\u0105czy nauk\u0119 j\u0119zyka og\u00f3lnego z dodatkowymi dwiema godzinami dziennie, co daje \u0142\u0105cznie 25 godzin w tygodniu i pozwala nauczy\u0107 si\u0119 wi\u0119cej, a jednocze\u015bnie pozostawia czas wolny na zwiedzanie kraju. Aby zapewni\u0107 naszym s\u0142uchaczom jak najlepsz\u0105 opiek\u0119 lektor\u00f3w, grupy licz\u0105 maksymalnie osiem os\u00f3b. <em> <\/em><\/p>\n<h3>Zaj\u0119cia indywidualne z j\u0119zyka portugalskiego See<\/h3>\n<table border=\"0\" cellspacing=\"0\" cellpadding=\"0\" width=\"100%\">\n<tbody>\n<tr>\n<td width=\"28%\"><img loading=\"lazy\" decoding=\"async\" src=\"http:\/\/www.seelearningcenter.pt\/images\/cursos_portugues5.jpg\" alt=\"\" width=\"191\" height=\"288\" \/><\/td>\n<td width=\"2%\"><img loading=\"lazy\" decoding=\"async\" src=\"http:\/\/www.seelearningcenter.pt\/images\/transp.gif\" alt=\"\" width=\"15\" height=\"1\" \/><\/td>\n<td width=\"70%\">Zaj\u0119cia indywidualne pozwalaj\u0105 s\u0142uchaczom nauczy\u0107 si\u0119 portugalskiego szybko i skutecznie, zgodnie z ich indywidualnymi potrzebami, tempem i rytmem pracy. Poniewa\u017c potrzeby s\u0142uchaczy s\u0105 dla nas bardzo wa\u017cne, zaj\u0119cia indywidualne w See Learning Center to synonim elastyczno\u015bci. Nasi lektorzy w pe\u0142ni dostosowuj\u0105 si\u0119 do godzin pracy, zaj\u0119\u0107 w szkole czy na uczelni lub jakichkolwiek innych zaj\u0119\u0107 s\u0142uchacza. Lekcje mog\u0105 opiera\u0107 si\u0119 na materia\u0142ach wybranych przez s\u0142uchaczy, a ponadto to s\u0142uchacz decyduje, ile chce mie\u0107 godzin zaj\u0119\u0107 i kiedy chce je zacz\u0105\u0107!<\/p>\n<p>Aby doprowadzi\u0107 sw\u00f3j portugalski do perfekcji, s\u0142uchacze maj\u0105 mo\u017cliwo\u015b\u0107 po\u0142\u0105czenia zaj\u0119\u0107 indywidualnych z kursem j\u0119zyka og\u00f3lnego! <em> <\/em><\/td>\n<\/tr>\n<\/tbody>\n<\/table>\n<h3>Kursy j\u0119zyka portugalskiego specjalistycznego See<\/h3>\n<p>Kursy j\u0119zyka specjalistycznego to idealne rozwi\u0105zanie dla os\u00f3b, kt\u00f3re chc\u0105 poszerza\u0107 sw\u00f3j zas\u00f3b s\u0142ownictwa w konkretnej dziedzinie. Podczas zaj\u0119\u0107 s\u0142uchacze poznaj\u0105 specjalistyczne s\u0142ownictwo, ucz\u0105c si\u0119 jego zastosowania w praktyce, zar\u00f3wno w mowie, jak i w pi\u015bmie. See Learning Center proponuje kursy intensywne maj\u0105ce na celu nauk\u0119 s\u0142ownictwa z r\u00f3\u017cnych dziedzin, np.: medycyny, zarz\u0105dzania, turystyki, in\u017cynierii, piel\u0119gniarstwa, prawa, ubezpiecze\u0144, informatyki, t\u0142umacze\u0144 ustnych i pisemnych. Zaj\u0119cia mog\u0105 by\u0107 przeprowadzone w trybie indywidualnym oraz w grupach, w zale\u017cno\u015bci od potrzeb s\u0142uchaczy.<\/p>\n<h3>Szkolenia dla nauczycieli j\u0119zyka portugalskiego jako obcego See<\/h3>\n<table border=\"0\" cellspacing=\"0\" cellpadding=\"0\" width=\"100%\">\n<tbody>\n<tr>\n<td width=\"28%\" valign=\"middle\"><img loading=\"lazy\" decoding=\"async\" src=\"http:\/\/www.seelearningcenter.pt\/images\/cursos_portugues6.jpg\" alt=\"\" width=\"288\" height=\"191\" \/><\/td>\n<td width=\"2%\" valign=\"middle\"><img loading=\"lazy\" decoding=\"async\" src=\"http:\/\/www.seelearningcenter.pt\/images\/transp.gif\" alt=\"\" width=\"15\" height=\"1\" \/><\/td>\n<td width=\"70%\" valign=\"middle\">See Learning Center oferuje specjalne szkolenia dla nauczycieli, zar\u00f3wno rodzimych u\u017cytkownik\u00f3w j\u0119zyka, jak i obcokrajowc\u00f3w, kt\u00f3rzy chcieliby uczy\u0107 j\u0119zyka portugalskiego jako obcego w Portugalii lub za granic\u0105. W programie szkole\u0144 przewidujemy zaj\u0119cia praktyczne, konwersacje, prezentacje, opinie oraz dyskusje. Uczymy technik nauczania i ich zastosowania w praktyce, tak, aby ka\u017cdy uczestnik m\u00f3g\u0142 oceni\u0107 nabyte umiej\u0119tno\u015bci i zastosowa\u0107 je w swojej pracy.<\/p>\n<p>Aby uczestnicy w pe\u0142ni skorzystali z pobytu w naszym centrum, proponujemy r\u00f3\u017cne zaj\u0119cia popo\u0142udniowe oraz p\u00f3\u0142- lub ca\u0142odniowe wycieczki w weekendy.<\/p>\n<p>Szkolenie trwa dwa tygodnie i zak\u0142ada udzia\u0142 w sze\u015b\u0107dziesi\u0119ciu godzinach zaj\u0119\u0107, w grupach licz\u0105cych minimum cztery osoby. <em> <\/em><\/td>\n<\/tr>\n<\/tbody>\n<\/table>\n<h3>Kursy j\u0119zyka portugalskiego See w wersji Light<\/h3>\n<p>Kursy Light adresowane s\u0105 do os\u00f3b pracuj\u0105cych lub ucz\u0105cych si\u0119, kt\u00f3rym zale\u017cy na regularnych lekcjach portugalskiego. Uczestnicy mog\u0105 wybra\u0107 najlepszy dla siebie termin i poszerza\u0107 znajomo\u015b\u0107 j\u0119zyka zgodnie ze swoimi potrzebami z zakresu umiej\u0119tno\u015bci komunikacyjnych, czytania, gramatyki, pisania, s\u0142uchania, m\u00f3wienia oraz s\u0142ownictwa.<\/p>\n<table border=\"0\" cellspacing=\"0\" cellpadding=\"0\" width=\"100%\">\n<tbody>\n<tr>\n<td width=\"28%\" valign=\"middle\"><img loading=\"lazy\" decoding=\"async\" src=\"http:\/\/www.seelearningcenter.pt\/images\/cursos_portugues7.jpg\" alt=\"\" width=\"288\" height=\"191\" \/><\/td>\n<td width=\"2%\" valign=\"middle\"><img loading=\"lazy\" decoding=\"async\" src=\"http:\/\/www.seelearningcenter.pt\/images\/transp.gif\" alt=\"\" width=\"15\" height=\"1\" \/><\/td>\n<td width=\"70%\" valign=\"middle\"><strong><em><span style=\"text-decoration: underline;\">Kursy j\u0119zyka portugalskiego See w wersji Flex<\/span><\/em><\/strong><strong><em> <\/em><\/strong><strong><em>NOWO\u015a\u0106!<\/em><\/strong><\/p>\n<p>Zaj\u0119cia Flex to mo\u017cliwo\u015b\u0107 dopasowania godzin lekcji do rozk\u0142adu innych zaj\u0119\u0107 s\u0142uchacza i zmieniania ich, gdy tylko zajdzie taka potrzeba, dzi\u0119ki czemu s\u0142uchaczom nie przepadaj\u0105 zaj\u0119cia. Ponadto zaj\u0119cia Flex mo\u017cna czasowo zawiesi\u0107, a nast\u0119pnie wznowi\u0107 bez \u017cadnego problemu. Ka\u017cda grupa ma sw\u00f3j w\u0142asny kurs Flex, w pe\u0142ni dostosowany do swoich potrzeb!<\/p>\n<p><strong><em>SEE LEARNING CENTER czeka na wszystkie osoby, kt\u00f3re ju\u017c pierwszego dnia chc\u0105 m\u00f3wi\u0107 po portugalsku!<\/em><\/strong><strong><em> <\/em><\/strong><\/td>\n<\/tr>\n<\/tbody>\n<\/table>\n<p><strong><span style=\"text-decoration: underline;\">Portugalski+ See<\/span><\/strong><\/p>\n<p>Powadzimy zaj\u0119cia indywidualne w naszym centrum, a tak\u017ce u klienta w domu, w pracy czy w dowolnie wybranym miejscu. Liczba zaj\u0119\u0107 oraz ich terminy mog\u0105 zosta\u0107 zmienione tak, aby jeszcze lepiej dostosowa\u0107 je do potrzeb s\u0142uchaczy.<\/p>\n<table border=\"0\" cellspacing=\"0\" cellpadding=\"0\" width=\"100%\">\n<tbody>\n<tr>\n<td width=\"28%\" valign=\"middle\"><img loading=\"lazy\" decoding=\"async\" src=\"http:\/\/www.seelearningcenter.pt\/images\/cursos_portugues8.jpg\" alt=\"\" width=\"288\" height=\"191\" \/><\/td>\n<td width=\"2%\" valign=\"middle\"><img loading=\"lazy\" decoding=\"async\" src=\"http:\/\/www.seelearningcenter.pt\/images\/transp.gif\" alt=\"\" width=\"15\" height=\"1\" \/><\/td>\n<td width=\"70%\" valign=\"middle\"><strong><em><span style=\"text-decoration: underline;\">Portugalski alfabetem Braille\u2019a See<\/span><\/em><\/strong><span style=\"text-decoration: underline;\"> <\/span><\/p>\n<p>Osoby niewidome oraz s\u0142abowidz\u0105ce wymagaj\u0105 specjalnej opieki oraz integracji w spo\u0142ecze\u0144stwie. See Learning Center proponuje kursy, podczas kt\u00f3rych s\u0142uchacze b\u0119d\u0105 mogli nie tylko nauczy\u0107 si\u0119 portugalskiego, co zwi\u0119kszy ich szanse na znalezienie dobrej pracy, ale r\u00f3wnie\u017c rozwin\u0105\u0107 swoje umiej\u0119tno\u015bci spo\u0142eczne, a przy okazji nawi\u0105za\u0107 nowe przyja\u017anie. To jedna z nielicznych okazji, by osoby niewidome i s\u0142abowidz\u0105ce mia\u0142y szanse zdobycia kolejnych umiej\u0119tno\u015bci w warunkach dostosowanych do ich specyficznych potrzeb. Odpowiednio dobrane materia\u0142y dydaktyczne i do\u015bwiadczeni lektorzy s\u0105 gwarancj\u0105 nauki w mi\u0142ej atmosferze.<\/td>\n<\/tr>\n<\/tbody>\n<\/table>\n<p><strong>Opinie uczestnik\u00f3w<\/strong><\/p>\n<table border=\"0\" cellspacing=\"0\" cellpadding=\"0\" width=\"100%\">\n<tbody>\n<tr>\n<td width=\"28%\" valign=\"middle\"><img loading=\"lazy\" decoding=\"async\" src=\"http:\/\/www.seelearningcenter.pt\/images\/cursos_portugues11.jpg\" alt=\"\" width=\"288\" height=\"191\" \/><\/td>\n<td width=\"2%\" valign=\"middle\"><img loading=\"lazy\" decoding=\"async\" src=\"http:\/\/www.seelearningcenter.pt\/images\/transp.gif\" alt=\"\" width=\"15\" height=\"1\" \/><\/td>\n<td width=\"70%\" valign=\"middle\"><em>Umiej\u0119tno\u015b\u0107 m\u00f3wienia po portugalsku odmieni\u0142a moje \u017cycie \u2013 wp\u0142yn\u0119\u0142a na moj\u0105 samoocen\u0119, podej\u015bcie do kariery, sukces, rozw\u00f3j osobisty, spo\u0142eczny i profesjonalny oraz da\u0142a mi nowe mo\u017cliwo\u015bci. Wszyscy marzymy o lepszym \u017cyciu!<\/em><\/td>\n<\/tr>\n<\/tbody>\n<\/table>\n<table border=\"0\" cellspacing=\"0\" cellpadding=\"0\" width=\"100%\">\n<tbody>\n<tr>\n<td width=\"28%\" valign=\"top\"><img loading=\"lazy\" decoding=\"async\" src=\"http:\/\/www.seelearningcenter.pt\/images\/cursos_portugues12.jpg\" alt=\"\" width=\"288\" height=\"191\" \/><\/td>\n<td width=\"2%\" valign=\"middle\"><img loading=\"lazy\" decoding=\"async\" src=\"http:\/\/www.seelearningcenter.pt\/images\/transp.gif\" alt=\"\" width=\"15\" height=\"1\" \/><\/td>\n<td width=\"70%\" valign=\"middle\">Witajcie! Jeste\u015bmy Stefano i Elisabetta, pochodzimy z W\u0142och. Chcieli\u015bmy wyjecha\u0107 do Angoli, aby tam pracowa\u0107 jako piel\u0119gniarze, ale nie znali\u015bmy portugalskiego, wi\u0119c zacz\u0119li\u015bmy zastanawia\u0107 si\u0119, co mo\u017cemy zrobi\u0107. W ko\u0144cu podj\u0119li\u015bmy decyzj\u0119: \u201ePojed\u017amy do Lizbony, do miasta \u015bwiat\u0142a, przez kt\u00f3re przep\u0142ywa srebrna rzeka.\u201d Mamy w Lizbonie przyjaciela, kt\u00f3ry mieszka w Alfornelos, popularnej, ale spokojnej cz\u0119\u015bci miasta, dobrze wyposa\u017conej zar\u00f3wno pod k\u0105tem transportu, jak i us\u0142ug: jest blisko do metra, autobusu, banku, na poczta, do supermarketu&#8230; To w\u0142a\u015bnie nasz przyjaciel znalaz\u0142 dla nas szko\u0142\u0119 j\u0119zykow\u0105 See Learning Center! Mieli\u015bmy bardzo dobr\u0105 lektork\u0119, kt\u00f3ra nauczy\u0142a nas portugalskiego na lekcjach b\u0119d\u0105cych mieszank\u0105 gramatyki i kultury. To ona zarazi\u0142a nas mi\u0142o\u015bci\u0105 do fado i innych rodzaj\u00f3w muzyki, poleca\u0142a nam filmy i ksi\u0105\u017cki, wskazywa\u0142a, gdzie w Lizbonie warto pospacerowa\u0107, a gdzie nale\u017cy spr\u00f3bowa\u0107 tutejszej kuchni. Codzienne odkrywali\u015bmy Lizbon\u0119 \u2013 miasto, kt\u00f3re nas przyj\u0119\u0142o i ugo\u015bci\u0142o swoimi zak\u0105tkami i zapachami. Gdy pili\u015bmy bic\u0119 lub gal\u00e3o (dwa z wielu typ\u00f3w portugalskiej kawy) czy imperiala (powszechne lizbo\u0144skie okre\u015blenie piwa), mogli\u015bmy podziwia\u0107 Tag.<\/td>\n<\/tr>\n<\/tbody>\n<\/table>\n<p><strong>Program zaj\u0119\u0107 dodatkowych i wycieczek<\/strong><\/p>\n<table border=\"0\" cellspacing=\"0\" cellpadding=\"0\" width=\"100%\">\n<tbody>\n<tr>\n<td width=\"28%\"><img loading=\"lazy\" decoding=\"async\" src=\"http:\/\/www.seelearningcenter.pt\/images\/cursos_portugues15.jpg\" alt=\"\" width=\"191\" height=\"288\" \/><\/td>\n<td width=\"2%\"><img loading=\"lazy\" decoding=\"async\" src=\"http:\/\/www.seelearningcenter.pt\/images\/transp.gif\" alt=\"\" width=\"15\" height=\"1\" \/><\/td>\n<td width=\"70%\">See Learning Center proponuje uczestnikom swoich kurs\u00f3w szeroki wachlarz zaj\u0119\u0107 dodatkowych i wycieczek, kt\u00f3ry umo\u017cliwia pe\u0142ne wykorzystanie czasu wolnego. Spacery po kolorowym centrum Lizbony, zakupy w sklepach przy ulicy Augusta, zwiedzanie zabytk\u00f3w upami\u0119tniaj\u0105cych czasy odkry\u0107 geograficznych, wypoczynek w Parku Narod\u00f3w czy poznawanie historii Portugalii w licznych muzeach to tylko niekt\u00f3re z wielu mo\u017cliwo\u015bci.<\/td>\n<\/tr>\n<\/tbody>\n<\/table>\n<table border=\"0\" cellspacing=\"0\" cellpadding=\"0\" width=\"100%\">\n<tbody>\n<tr>\n<td width=\"28%\"><img loading=\"lazy\" decoding=\"async\" src=\"http:\/\/www.seelearningcenter.pt\/images\/cursos_portugues16.jpg\" alt=\"\" width=\"288\" height=\"191\" \/><\/td>\n<td width=\"2%\"><img loading=\"lazy\" decoding=\"async\" src=\"http:\/\/www.seelearningcenter.pt\/images\/transp.gif\" alt=\"\" width=\"15\" height=\"1\" \/><\/td>\n<td width=\"70%\"><img loading=\"lazy\" decoding=\"async\" src=\"http:\/\/www.seelearningcenter.pt\/images\/cursos_portugues17.jpg\" alt=\"\" width=\"288\" height=\"191\" \/><\/td>\n<\/tr>\n<\/tbody>\n<\/table>\n","protected":false},"excerpt":{"rendered":"<p>Portugalski to jeden z j\u0119zyk\u00f3w roma\u0144skich, wywodz\u0105cych si\u0119 od \u0142aciny, w kt\u00f3rym mo\u017cna odnale\u017a\u0107 wiele wp\u0142yw\u00f3w z innych kultur. Panowanie Maur\u00f3w na P\u00f3\u0142wyspie Iberyjskim w \u015bredniowieczu oraz udzia\u0142 Portugalii w odkryciach geograficznych wzbogaci\u0142y j\u0119zyk portugalski o wiele nowych s\u0142\u00f3w obcego pochodzenia, dzi\u0119ki czemu sta\u0142 si\u0119 on j\u0119zykiem wyj\u0105tkowym. Zajmuje sz\u00f3ste miejsce na \u015bwiecie pod wzgl\u0119dem [&hellip;]<\/p>\n","protected":false},"author":2,"featured_media":232,"parent":843,"menu_order":2,"comment_status":"open","ping_status":"closed","template":"page-portuguese_courses.php","meta":{"footnotes":"","_links_to":"","_links_to_target":""},"_links":{"self":[{"href":"https:\/\/seelearningcenter.pt\/pl\/wp-json\/wp\/v2\/pages\/928"}],"collection":[{"href":"https:\/\/seelearningcenter.pt\/pl\/wp-json\/wp\/v2\/pages"}],"about":[{"href":"https:\/\/seelearningcenter.pt\/pl\/wp-json\/wp\/v2\/types\/page"}],"author":[{"embeddable":true,"href":"https:\/\/seelearningcenter.pt\/pl\/wp-json\/wp\/v2\/users\/2"}],"replies":[{"embeddable":true,"href":"https:\/\/seelearningcenter.pt\/pl\/wp-json\/wp\/v2\/comments?post=928"}],"version-history":[{"count":10,"href":"https:\/\/seelearningcenter.pt\/pl\/wp-json\/wp\/v2\/pages\/928\/revisions"}],"predecessor-version":[{"id":2645,"href":"https:\/\/seelearningcenter.pt\/pl\/wp-json\/wp\/v2\/pages\/928\/revisions\/2645"}],"up":[{"embeddable":true,"href":"https:\/\/seelearningcenter.pt\/pl\/wp-json\/wp\/v2\/pages\/843"}],"wp:featuredmedia":[{"embeddable":true,"href":"https:\/\/seelearningcenter.pt\/pl\/wp-json\/wp\/v2\/media\/232"}],"wp:attachment":[{"href":"https:\/\/seelearningcenter.pt\/pl\/wp-json\/wp\/v2\/media?parent=928"}],"curies":[{"name":"wp","href":"https:\/\/api.w.org\/{rel}","templated":true}]}}