{"id":800,"date":"2010-07-05T17:46:07","date_gmt":"2010-07-05T21:46:07","guid":{"rendered":"http:\/\/seelearningcenter.pt\/"},"modified":"2010-10-17T15:46:05","modified_gmt":"2010-10-17T19:46:05","slug":"dlaczego-warto-uczyc-sie-jezyka-portugalskiego-w-see-learning-center","status":"publish","type":"page","link":"https:\/\/seelearningcenter.pt\/pl\/portugalski-dla-obcokrajowcw\/dlaczego-warto-uczyc-sie-jezyka-portugalskiego-w-see-learning-center\/","title":{"rendered":"Dlaczego warto uczy\u0107 si\u0119 j\u0119zyka portugalskiego w See Learning Center?"},"content":{"rendered":"<table border=\"0\" cellspacing=\"0\" cellpadding=\"0\" width=\"100%\">\n<tbody>\n<tr>\n<td width=\"28%\" valign=\"top\"><img loading=\"lazy\" decoding=\"async\" src=\"http:\/\/www.seelearningcenter.pt\/images\/cursos_port_see.jpg\" alt=\"\" width=\"191\" height=\"288\" \/><\/td>\n<td width=\"2%\"><img loading=\"lazy\" decoding=\"async\" src=\"http:\/\/www.seelearningcenter.pt\/images\/transp.gif\" alt=\"\" width=\"15\" height=\"1\" \/><\/td>\n<td width=\"70%\" valign=\"top\">\n<ul>\n<li>See Learning Center znajduje si\u0119 tu\u017c przy      wyj\u015bciu z metra Alfornelos, na obrze\u017cach Lizbony, blisko dzielnic Pontinha      i Benfica. Okolica ta obfituje w punkty us\u0142ugowe, takie jak kawiarnie,      restauracje, banki, centrum handlowe oraz dysponuje doskona\u0142\u0105 sieci\u0105      \u015brodk\u00f3w transportu (metro i autobusy).<\/li>\n<\/ul>\n<ul>\n<li>Z      Alfornelos istniej\u0105 bardzo dobre po\u0142\u0105czenia autobusowe i kolejowe (blisko      stacja poci\u0105gu) do innych dzielnic (Benfica i Amadora), dzi\u0119ki czemu jest      to okolica spokojna, ale jednocze\u015bnie dynamicznie si\u0119 rozwijaj\u0105ca.<\/li>\n<\/ul>\n<ul>\n<li>Dzi\u0119ki      linii metra wystarczy 5 minut, aby dojecha\u0107 z See Learning Center do      Centrum Handlowego Colombo, a 20, \u017ceby znale\u017a\u0107 si\u0119 w centrum Lizbony.<\/li>\n<\/ul>\n<ul>\n<li><a href=\"http:\/\/seelearningcenter.pt\/pl\/portugalski-dla-obcokrajowcw\/witamy-w-lizbonie\/\">Lokalizacja      naszego centrum u\u0142atwia s\u0142uchaczom odkrywanie miasta, uczestnictwo w      wydarzeniach kulturalnych i sportowych, wyj\u015bcia do restauracji czy zakupy      w przer\u00f3\u017cnych sklepach.<\/a><\/li>\n<\/ul>\n<ul>\n<li>See      Learning Center dba o zapewnienie swoim s\u0142uchaczom wycieczek oraz r\u00f3\u017cnych      zaj\u0119\u0107 poza kursem.<\/li>\n<\/ul>\n<ul>\n<li>Zesp\u00f3\u0142      See Learning Center pomaga s\u0142uchaczom w przystosowaniu si\u0119 do kultury,      rytmu \u017cycia i nauki w Portugalii.<\/li>\n<\/ul>\n<ul>\n<li>Zaj\u0119cia      w See Learning Center odbywaj\u0105 si\u0119 w dynamicznej, profesjonalnej      atmosferze.<\/li>\n<\/ul>\n<ul>\n<li>Ka\u017cdy      znajdzie u nas co\u015b dla siebie: kursy dla dzieci i m\u0142odzie\u017cy, dla      student\u00f3w, dla os\u00f3b pracuj\u0105cych, dla os\u00f3b powy\u017cej pi\u0119\u0107dziesi\u0105tego roku      \u017cycia.<\/li>\n<\/ul>\n<ul>\n<li>S\u0142uchacze      maj\u0105 do wyboru szeroki wachlarz kurs\u00f3w, tak, aby wybra\u0107 t\u0119 opcj\u0119, kt\u00f3ra      najbardziej odpowiada ich potrzebom.<\/li>\n<\/ul>\n<ul>\n<li>Nasi      lektorzy, b\u0119d\u0105cy rodzimymi u\u017cytkownikami j\u0119zyka portugalskiego, to      wykwalifikowani nauczyciele tego j\u0119zyka jako obcego.<\/li>\n<\/ul>\n<ul>\n<li>See      Learning Center proponuje kursy na sze\u015bciu poziomach zaawansowania.<\/li>\n<\/ul>\n<ul>\n<li>Nasze      metody nauczania opieraj\u0105 si\u0119 na przyj\u0119tej przez Rad\u0119 Europy klasyfikacji      poziom\u00f3w bieg\u0142o\u015bci j\u0119zykowej.<\/li>\n<\/ul>\n<ul>\n<li>Aby      ka\u017cdy s\u0142uchacz m\u00f3g\u0142 liczy\u0107 na maksimum uwagi ze strony lektora, grupy      licz\u0105 nie wi\u0119cej ni\u017c osiem os\u00f3b.<\/li>\n<\/ul>\n<ul>\n<li>Minimalny      czas trwania kursu to tydzie\u0144.<\/li>\n<\/ul>\n<ul>\n<li>Kursy w      See Learning Center mog\u0105 trwa\u0107 d\u0142u\u017cej ni\u017c rok.<\/li>\n<\/ul>\n<ul>\n<li>W See      Learning Center ka\u017cdy s\u0142uchacz ma bezp\u0142atny dost\u0119p do komputera z      Internetem, a tak\u017ce mo\u017ce korzysta\u0107 z bezprzewodowego \u0142\u0105cza LAN poprzez      w\u0142asnego laptopa.<\/li>\n<\/ul>\n<ul>\n<li>See      Learning Center gwarantuje, \u017ce w danej rodzinie nie zostan\u0105 zakwaterowane      osoby pos\u0142uguj\u0105ce si\u0119 tym samym j\u0119zykiem ojczystym.<\/li>\n<\/ul>\n<ul>\n<li>Kontakt      uczestnik\u00f3w kurs\u00f3w z rodzinami przyjmuj\u0105cymi jest dla nas wa\u017cny!!!<\/li>\n<\/ul>\n<\/td>\n<\/tr>\n<\/tbody>\n<\/table>\n","protected":false},"excerpt":{"rendered":"<p>See Learning Center znajduje si\u0119 tu\u017c przy wyj\u015bciu z metra Alfornelos, na obrze\u017cach Lizbony, blisko dzielnic Pontinha i Benfica. Okolica ta obfituje w punkty us\u0142ugowe, takie jak kawiarnie, restauracje, banki, centrum handlowe oraz dysponuje doskona\u0142\u0105 sieci\u0105 \u015brodk\u00f3w transportu (metro i autobusy). Z Alfornelos istniej\u0105 bardzo dobre po\u0142\u0105czenia autobusowe i kolejowe (blisko stacja poci\u0105gu) do innych [&hellip;]<\/p>\n","protected":false},"author":2,"featured_media":235,"parent":843,"menu_order":10,"comment_status":"closed","ping_status":"closed","template":"","meta":{"footnotes":"","_links_to":"","_links_to_target":""},"class_list":["post-800","page","type-page","status-publish","has-post-thumbnail","hentry"],"_links":{"self":[{"href":"https:\/\/seelearningcenter.pt\/pl\/wp-json\/wp\/v2\/pages\/800","targetHints":{"allow":["GET"]}}],"collection":[{"href":"https:\/\/seelearningcenter.pt\/pl\/wp-json\/wp\/v2\/pages"}],"about":[{"href":"https:\/\/seelearningcenter.pt\/pl\/wp-json\/wp\/v2\/types\/page"}],"author":[{"embeddable":true,"href":"https:\/\/seelearningcenter.pt\/pl\/wp-json\/wp\/v2\/users\/2"}],"replies":[{"embeddable":true,"href":"https:\/\/seelearningcenter.pt\/pl\/wp-json\/wp\/v2\/comments?post=800"}],"version-history":[{"count":7,"href":"https:\/\/seelearningcenter.pt\/pl\/wp-json\/wp\/v2\/pages\/800\/revisions"}],"predecessor-version":[{"id":804,"href":"https:\/\/seelearningcenter.pt\/pl\/wp-json\/wp\/v2\/pages\/800\/revisions\/804"}],"up":[{"embeddable":true,"href":"https:\/\/seelearningcenter.pt\/pl\/wp-json\/wp\/v2\/pages\/843"}],"wp:featuredmedia":[{"embeddable":true,"href":"https:\/\/seelearningcenter.pt\/pl\/wp-json\/wp\/v2\/media\/235"}],"wp:attachment":[{"href":"https:\/\/seelearningcenter.pt\/pl\/wp-json\/wp\/v2\/media?parent=800"}],"curies":[{"name":"wp","href":"https:\/\/api.w.org\/{rel}","templated":true}]}}