{"id":796,"date":"2010-07-05T17:42:10","date_gmt":"2010-07-05T21:42:10","guid":{"rendered":"http:\/\/seelearningcenter.pt\/"},"modified":"2010-07-07T02:32:27","modified_gmt":"2010-07-07T06:32:27","slug":"dlaczego-warto-uczyc-sie-jezyka-portugalskiego","status":"publish","type":"page","link":"https:\/\/seelearningcenter.pt\/pl\/portugalski-dla-obcokrajowcw\/dlaczego-warto-uczyc-sie-jezyka-portugalskiego\/","title":{"rendered":"Dlaczego warto uczy\u0107 si\u0119 j\u0119zyka portugalskiego?"},"content":{"rendered":"<table border=\"0\" cellspacing=\"0\" cellpadding=\"0\" width=\"100%\">\n<tbody>\n<tr>\n<td width=\"28%\" valign=\"top\"><img loading=\"lazy\" decoding=\"async\" src=\"http:\/\/www.seelearningcenter.pt\/images\/cursos_portugues1.jpg\" alt=\"\" width=\"191\" height=\"288\" \/><\/td>\n<td width=\"2%\"><img loading=\"lazy\" decoding=\"async\" src=\"http:\/\/www.seelearningcenter.pt\/images\/transp.gif\" alt=\"\" width=\"15\" height=\"1\" \/><\/td>\n<td width=\"70%\" valign=\"top\"><strong><em><span style=\"text-decoration: underline;\">Dlaczego warto uczy\u0107 si\u0119 j\u0119zyka portugalskiego?<\/span><\/em><\/strong><\/p>\n<ul>\n<li>J\u0119zykiem portugalskim pos\u0142uguje si\u0119 ponad 210      milion\u00f3w os\u00f3b na ca\u0142ym \u015bwiecie.<\/li>\n<\/ul>\n<ul>\n<li>J\u0119zyk      portugalski jest sz\u00f3stym j\u0119zykiem na \u015bwiecie pod wzgl\u0119dem liczby rodzimych      u\u017cytkownik\u00f3w j\u0119zyka.<\/li>\n<\/ul>\n<ul>\n<li>Poniewa\u017c      j\u0119zykiem portugalskim pos\u0142uguj\u0105 si\u0119 praktycznie wszyscy Brazylijczycy, jest      to j\u0119zyk wi\u0119kszo\u015bci mieszka\u0144c\u00f3w Ameryki Po\u0142udniowej.<\/li>\n<\/ul>\n<ul>\n<li>J\u0119zyk      portugalski to lingua franca by\u0142ych portugalskich kolonii.<\/li>\n<\/ul>\n<ul>\n<li>J\u0119zyk      portugalski to j\u0119zyk urz\u0119dowy dziesi\u0119ciu kraj\u00f3w.<\/li>\n<\/ul>\n<ul>\n<li>J\u0119zyk      portugalski to j\u0119zyk du\u017cej grupy emigrant\u00f3w w Ameryce P\u00f3\u0142nocnej, zar\u00f3wno w      Kanadzie (Ontario), jak i w Stanach Zjednoczonych Ameryki P\u00f3\u0142nocnej (New      Jersey, Nowa Anglia, Po\u0142udniowa Floryda)<\/li>\n<\/ul>\n<ul>\n<li>J\u0119zyk      portugalski to jeden z j\u0119zyk\u00f3w urz\u0119dowych w Gwinei R\u00f3wnikowej (obok      hiszpa\u0144skiego i francuskiego), w Makau (obok kanto\u0144skiego i chi\u0144skiego) i      w Timorze Wschodnim (obok j\u0119zyka tetum)<\/li>\n<\/ul>\n<ul>\n<li>Hiszpa\u0144ski      pisarz Miguel Cervantes nazwa\u0142 j\u0119zyk portugalski \u201cs\u0142odkim\u201d.<\/li>\n<\/ul>\n<ul>\n<li>Brazylijski      pisarz Olavo Bilac opisa\u0142 j\u0119zyk portugalski jako \u201eostatni kwiat Lacjum, pi\u0119kny      i niepokorny\u201d.<\/li>\n<\/ul>\n<\/td>\n<\/tr>\n<\/tbody>\n<\/table>\n","protected":false},"excerpt":{"rendered":"<p>Dlaczego warto uczy\u0107 si\u0119 j\u0119zyka portugalskiego? J\u0119zykiem portugalskim pos\u0142uguje si\u0119 ponad 210 milion\u00f3w os\u00f3b na ca\u0142ym \u015bwiecie. J\u0119zyk portugalski jest sz\u00f3stym j\u0119zykiem na \u015bwiecie pod wzgl\u0119dem liczby rodzimych u\u017cytkownik\u00f3w j\u0119zyka. Poniewa\u017c j\u0119zykiem portugalskim pos\u0142uguj\u0105 si\u0119 praktycznie wszyscy Brazylijczycy, jest to j\u0119zyk wi\u0119kszo\u015bci mieszka\u0144c\u00f3w Ameryki Po\u0142udniowej. J\u0119zyk portugalski to lingua franca by\u0142ych portugalskich kolonii. J\u0119zyk portugalski [&hellip;]<\/p>\n","protected":false},"author":2,"featured_media":229,"parent":843,"menu_order":8,"comment_status":"closed","ping_status":"closed","template":"","meta":{"footnotes":"","_links_to":"","_links_to_target":""},"_links":{"self":[{"href":"https:\/\/seelearningcenter.pt\/pl\/wp-json\/wp\/v2\/pages\/796"}],"collection":[{"href":"https:\/\/seelearningcenter.pt\/pl\/wp-json\/wp\/v2\/pages"}],"about":[{"href":"https:\/\/seelearningcenter.pt\/pl\/wp-json\/wp\/v2\/types\/page"}],"author":[{"embeddable":true,"href":"https:\/\/seelearningcenter.pt\/pl\/wp-json\/wp\/v2\/users\/2"}],"replies":[{"embeddable":true,"href":"https:\/\/seelearningcenter.pt\/pl\/wp-json\/wp\/v2\/comments?post=796"}],"version-history":[{"count":5,"href":"https:\/\/seelearningcenter.pt\/pl\/wp-json\/wp\/v2\/pages\/796\/revisions"}],"predecessor-version":[{"id":863,"href":"https:\/\/seelearningcenter.pt\/pl\/wp-json\/wp\/v2\/pages\/796\/revisions\/863"}],"up":[{"embeddable":true,"href":"https:\/\/seelearningcenter.pt\/pl\/wp-json\/wp\/v2\/pages\/843"}],"wp:featuredmedia":[{"embeddable":true,"href":"https:\/\/seelearningcenter.pt\/pl\/wp-json\/wp\/v2\/media\/229"}],"wp:attachment":[{"href":"https:\/\/seelearningcenter.pt\/pl\/wp-json\/wp\/v2\/media?parent=796"}],"curies":[{"name":"wp","href":"https:\/\/api.w.org\/{rel}","templated":true}]}}