{"id":2302,"date":"2010-09-18T15:43:57","date_gmt":"2010-09-18T19:43:57","guid":{"rendered":"http:\/\/seelearningcenter.pt\/"},"modified":"2010-10-16T15:22:59","modified_gmt":"2010-10-16T19:22:59","slug":"golden_age-pl","status":"publish","type":"page","link":"https:\/\/seelearningcenter.pt\/pl\/portugalski-dla-obcokrajowcw\/golden_age-pl\/","title":{"rendered":"Klub 50+"},"content":{"rendered":"<p><img loading=\"lazy\" decoding=\"async\" class=\"aligncenter size-medium wp-image-1375\" title=\"The Golden Age 50+\" src=\"http:\/\/seelearningcenter.pt\/wp-content\/uploads\/2010\/07\/SEE-PLE-12-300x200.jpg\" alt=\"\" width=\"300\" height=\"200\" srcset=\"https:\/\/seelearningcenter.pt\/wp-content\/uploads\/2010\/07\/SEE-PLE-12-300x200.jpg 300w, https:\/\/seelearningcenter.pt\/wp-content\/uploads\/2010\/07\/SEE-PLE-12-1024x682.jpg 1024w\" sizes=\"(max-width: 300px) 100vw, 300px\" \/><\/p>\n<p>Program Klub 50+ to wyj\u0105tkowa oferta przygotowana specjalnie dla os\u00f3b powy\u017cej pi\u0119\u0107dziesi\u0105tego roku \u017cycia, kt\u00f3re chc\u0105 si\u0119 uczy\u0107 j\u0119zyka obcego, a przy tym kochaj\u0105 podr\u00f3\u017ce, lubi\u0105 zawiera\u0107 nowe znajomo\u015bci, a zami\u0142owanie do przygody stanowi nieod\u0142\u0105czn\u0105 cech\u0119 ich natury odkrywc\u00f3w. Kurs zak\u0142ada zakwaterowanie u portugalskich rodzin i 20 lekcji j\u0119zyka portugalskiego tygodniowo, z naciskiem na konwersacje. Zaj\u0119cia pozwalaj\u0105 pozna\u0107 kultur\u0119 Portugalii, w tym zwyczaje, histori\u0119 i sztuk\u0119 kraju. Kurs ten jest idealnym rozwi\u0105zaniem dla doros\u0142ych, kt\u00f3rzy chc\u0105 po\u0142\u0105czy\u0107 nauk\u0119 j\u0119zyka portugalskiego z poznawaniem kraju.<\/p>\n<p><strong>Klub portugalskiego 50+ See pozwala:<\/strong><\/p>\n<ul>\n<li>odkry\u0107 niezwyk\u0142\u0105 i intryguj\u0105c\u0105 histori\u0119 Lizbony<\/li>\n<li>pozna\u0107 od \u015brodka kultur\u0119 Portugalii dzi\u0119ki zakwaterowaniu u rodziny goszcz\u0105cej<\/li>\n<li>nauczy\u0107 si\u0119 portugalskiego w spos\u00f3b indywidualny, u\u017cyteczny i zajmuj\u0105cy<\/li>\n<li>pos\u0142ugiwa\u0107 si\u0119 p\u0142ynnie m\u00f3wionym portugalskim<\/li>\n<li>po\u0142\u0105czy\u0107 nauk\u0119 j\u0119zyka portugalskiego z poznawaniem kultury<\/li>\n<li>wzi\u0105\u0107 udzia\u0142 w wydarzeniach kulturalnych i spo\u0142eczny<\/li>\n<li>uczestniczy\u0107 w specjalistycznych zaj\u0119ciach na temat historii, sztuki, polityki i kultury Portugalii<\/li>\n<li>korzysta\u0107 z komputer\u00f3w i Internetu<\/li>\n<li>pozna\u0107 ludzi z ca\u0142ego \u015bwiata o podobnych zainteresowaniach<\/li>\n<\/ul>\n","protected":false},"excerpt":{"rendered":"<p>Program Klub 50+ to wyj\u0105tkowa oferta przygotowana specjalnie dla os\u00f3b powy\u017cej pi\u0119\u0107dziesi\u0105tego roku \u017cycia, kt\u00f3re chc\u0105 si\u0119 uczy\u0107 j\u0119zyka obcego, a przy tym kochaj\u0105 podr\u00f3\u017ce, lubi\u0105 zawiera\u0107 nowe znajomo\u015bci, a zami\u0142owanie do przygody stanowi nieod\u0142\u0105czn\u0105 cech\u0119 ich natury odkrywc\u00f3w. Kurs zak\u0142ada zakwaterowanie u portugalskich rodzin i 20 lekcji j\u0119zyka portugalskiego tygodniowo, z naciskiem na konwersacje. [&hellip;]<\/p>\n","protected":false},"author":2,"featured_media":2303,"parent":843,"menu_order":6,"comment_status":"open","ping_status":"closed","template":"","meta":{"footnotes":"","_links_to":"","_links_to_target":""},"_links":{"self":[{"href":"https:\/\/seelearningcenter.pt\/pl\/wp-json\/wp\/v2\/pages\/2302"}],"collection":[{"href":"https:\/\/seelearningcenter.pt\/pl\/wp-json\/wp\/v2\/pages"}],"about":[{"href":"https:\/\/seelearningcenter.pt\/pl\/wp-json\/wp\/v2\/types\/page"}],"author":[{"embeddable":true,"href":"https:\/\/seelearningcenter.pt\/pl\/wp-json\/wp\/v2\/users\/2"}],"replies":[{"embeddable":true,"href":"https:\/\/seelearningcenter.pt\/pl\/wp-json\/wp\/v2\/comments?post=2302"}],"version-history":[{"count":10,"href":"https:\/\/seelearningcenter.pt\/pl\/wp-json\/wp\/v2\/pages\/2302\/revisions"}],"predecessor-version":[{"id":2708,"href":"https:\/\/seelearningcenter.pt\/pl\/wp-json\/wp\/v2\/pages\/2302\/revisions\/2708"}],"up":[{"embeddable":true,"href":"https:\/\/seelearningcenter.pt\/pl\/wp-json\/wp\/v2\/pages\/843"}],"wp:featuredmedia":[{"embeddable":true,"href":"https:\/\/seelearningcenter.pt\/pl\/wp-json\/wp\/v2\/media\/2303"}],"wp:attachment":[{"href":"https:\/\/seelearningcenter.pt\/pl\/wp-json\/wp\/v2\/media?parent=2302"}],"curies":[{"name":"wp","href":"https:\/\/api.w.org\/{rel}","templated":true}]}}