{"id":2270,"date":"2010-09-18T15:25:36","date_gmt":"2010-09-18T19:25:36","guid":{"rendered":"http:\/\/seelearningcenter.pt\/"},"modified":"2010-10-16T15:23:32","modified_gmt":"2010-10-16T19:23:32","slug":"mlody-student","status":"publish","type":"page","link":"https:\/\/seelearningcenter.pt\/pl\/portugalski-dla-obcokrajowcw\/mlody-student\/","title":{"rendered":"M\u0142odzie\u017c"},"content":{"rendered":"<table border=\"0\" cellspacing=\"0\" cellpadding=\"0\" width=\"690\">\n<tbody>\n<tr>\n<td width=\"290\"><img loading=\"lazy\" decoding=\"async\" title=\"Young Learners\" src=\"http:\/\/seelearningcenter.pt\/wp-content\/uploads\/2010\/06\/SEE-LEARNING-CENTER-15-quadrado.jpg\" alt=\"\" width=\"235\" height=\"235\" \/><\/td>\n<td width=\"15\"><img loading=\"lazy\" decoding=\"async\" src=\"http:\/\/www.seelearningcenter.pt\/images\/transp.gif\" alt=\"\" width=\"15\" height=\"1\" \/><\/td>\n<td width=\"387\"><strong>Kurs letni See<\/strong><\/p>\n<p>Uczestnicy kurs\u00f3w See Learning Center mog\u0105 dog\u0142\u0119bnie zwiedzi\u0107 kolorow\u0105 Lizbon\u0119, zaprzyja\u017ani\u0107 si\u0119 z osobami z ca\u0142ego \u015bwiata oraz pozna\u0107 od \u015brodka kultur\u0119 Portugalii dzi\u0119ki zakwaterowaniu u starannie dobranych rodzin.<\/p>\n<p>Kurs letni See to program trwaj\u0105cy co najmniej tydzie\u0144, w kt\u00f3rym uczestniczy maksymalnie 15 s\u0142uchaczy. Sk\u0142ada si\u0119 z 15 lekcji tygodniowo, a tak\u017ce r\u00f3\u017cnych interaktywnych zaj\u0119\u0107 kulturowych w godzinach popo\u0142udniowych. S\u0142uchacze korzystaj\u0105 z wygodnego zakwaterowania u go\u015bcinnych rodzin portugalskich. Jest to idealny kurs dla wszystkich, kt\u00f3rzy poszukuj\u0105 wyj\u0105tkowego do\u015bwiadczenia naukowego i kulturowego, niezale\u017cnie od poziomu znajomo\u015bci j\u0119zyka portugalskiego, od pocz\u0105tkuj\u0105cego do zaawansowanego.<\/p>\n<p>Dzi\u0119ki kursowi letniemu See dla dzieci i m\u0142odzie\u017cy uczestnicy mog\u0105 jednocze\u015bnie uczy\u0107 si\u0119, a tak\u017ce bawi\u0107 i \u017cy\u0107 j\u0119zykiem portugalskim!<\/p>\n<p><strong>Kurs letni See dla dzieci i m\u0142odzie\u017cy to:<\/strong><\/p>\n<ul>\n<li>nowe przyja\u017anie<\/li>\n<li>nauka i do\u015bwiadczanie historii, kultury i tradycji Portugalii<\/li>\n<li>zaj\u0119cia kulturowe pod opiek\u0105 doros\u0142ych<\/li>\n<li>indywidualne podej\u015bcie do ka\u017cdego s\u0142uchacza<\/li>\n<li>wyj\u0105tkowa opieka nad s\u0142uchaczem<\/li>\n<li>najwy\u017csze standardy nauczania<\/li>\n<li>certyfikat uko\u0144czenia kursu<\/li>\n<li>pakiet all-inclusive<\/li>\n<\/ul>\n<\/td>\n<\/tr>\n<\/tbody>\n<\/table>\n","protected":false},"excerpt":{"rendered":"<p>Kurs letni See Uczestnicy kurs\u00f3w See Learning Center mog\u0105 dog\u0142\u0119bnie zwiedzi\u0107 kolorow\u0105 Lizbon\u0119, zaprzyja\u017ani\u0107 si\u0119 z osobami z ca\u0142ego \u015bwiata oraz pozna\u0107 od \u015brodka kultur\u0119 Portugalii dzi\u0119ki zakwaterowaniu u starannie dobranych rodzin. Kurs letni See to program trwaj\u0105cy co najmniej tydzie\u0144, w kt\u00f3rym uczestniczy maksymalnie 15 s\u0142uchaczy. Sk\u0142ada si\u0119 z 15 lekcji tygodniowo, a tak\u017ce [&hellip;]<\/p>\n","protected":false},"author":2,"featured_media":2271,"parent":843,"menu_order":4,"comment_status":"open","ping_status":"closed","template":"","meta":{"footnotes":"","_links_to":"","_links_to_target":""},"_links":{"self":[{"href":"https:\/\/seelearningcenter.pt\/pl\/wp-json\/wp\/v2\/pages\/2270"}],"collection":[{"href":"https:\/\/seelearningcenter.pt\/pl\/wp-json\/wp\/v2\/pages"}],"about":[{"href":"https:\/\/seelearningcenter.pt\/pl\/wp-json\/wp\/v2\/types\/page"}],"author":[{"embeddable":true,"href":"https:\/\/seelearningcenter.pt\/pl\/wp-json\/wp\/v2\/users\/2"}],"replies":[{"embeddable":true,"href":"https:\/\/seelearningcenter.pt\/pl\/wp-json\/wp\/v2\/comments?post=2270"}],"version-history":[{"count":9,"href":"https:\/\/seelearningcenter.pt\/pl\/wp-json\/wp\/v2\/pages\/2270\/revisions"}],"predecessor-version":[{"id":2286,"href":"https:\/\/seelearningcenter.pt\/pl\/wp-json\/wp\/v2\/pages\/2270\/revisions\/2286"}],"up":[{"embeddable":true,"href":"https:\/\/seelearningcenter.pt\/pl\/wp-json\/wp\/v2\/pages\/843"}],"wp:featuredmedia":[{"embeddable":true,"href":"https:\/\/seelearningcenter.pt\/pl\/wp-json\/wp\/v2\/media\/2271"}],"wp:attachment":[{"href":"https:\/\/seelearningcenter.pt\/pl\/wp-json\/wp\/v2\/media?parent=2270"}],"curies":[{"name":"wp","href":"https:\/\/api.w.org\/{rel}","templated":true}]}}