{"id":2243,"date":"2010-09-18T15:07:23","date_gmt":"2010-09-18T19:07:23","guid":{"rendered":"http:\/\/seelearningcenter.pt\/"},"modified":"2010-10-17T08:55:08","modified_gmt":"2010-10-17T12:55:08","slug":"staze","status":"publish","type":"page","link":"https:\/\/seelearningcenter.pt\/pl\/portugalski-dla-obcokrajowcw\/staze\/","title":{"rendered":"Praktyki"},"content":{"rendered":"<p><img loading=\"lazy\" decoding=\"async\" class=\"alignleft size-medium wp-image-1349\" title=\"SITE SEE LC\" src=\"http:\/\/seelearningcenter.pt\/wp-content\/uploads\/2010\/07\/SITE-SEE-LC-186x300.jpg\" alt=\"\" width=\"186\" height=\"300\" srcset=\"https:\/\/seelearningcenter.pt\/wp-content\/uploads\/2010\/07\/SITE-SEE-LC-186x300.jpg 186w, https:\/\/seelearningcenter.pt\/wp-content\/uploads\/2010\/07\/SITE-SEE-LC-638x1024.jpg 638w\" sizes=\"(max-width: 186px) 100vw, 186px\" \/><\/p>\n<p><strong>Praktyki SEE*<\/strong><br \/>\nProgram Praktyki SEE to doskona\u0142a okazja do podniesienia swoich kwalifikacji z zakresu j\u0119zyka portugalskiego, a jednocze\u015bnie rozwijania umiej\u0119tno\u015bci przydatnych na dalszych etapach kariery zawodowej. Oferujemy szeroki zakres praktyk w takich sektorach jak: administracja, turystyka i hotelarstwo, HR, projektowanie graficzne i us\u0142ugi socjalne. SEE LEARNING CENTER\u00a0 zapewnia, \u017ce przydzielane praktyki odpowiadaj\u0105 celom zawodowym okre\u015blonym przez kandydat\u00f3w.<br \/>\nUdzia\u0142 w programie Praktyki SEE musi by\u0107 po\u0142\u0105czony z uczestnictwem w og\u00f3lnym kursie j\u0119zyka portugalskiego w SEE LEARNING CENTER w celu osi\u0105gni\u0119cia poziomu \u015bredniozaawansowanego (co najmniej przez cztery tygodnie).<\/p>\n<p>*Praktyki SEE s\u0105 nieodp\u0142atne<\/p>\n","protected":false},"excerpt":{"rendered":"<p>Praktyki SEE* Program Praktyki SEE to doskona\u0142a okazja do podniesienia swoich kwalifikacji z zakresu j\u0119zyka portugalskiego, a jednocze\u015bnie rozwijania umiej\u0119tno\u015bci przydatnych na dalszych etapach kariery zawodowej. Oferujemy szeroki zakres praktyk w takich sektorach jak: administracja, turystyka i hotelarstwo, HR, projektowanie graficzne i us\u0142ugi socjalne. SEE LEARNING CENTER\u00a0 zapewnia, \u017ce przydzielane praktyki odpowiadaj\u0105 celom zawodowym okre\u015blonym [&hellip;]<\/p>\n","protected":false},"author":2,"featured_media":2253,"parent":843,"menu_order":16,"comment_status":"open","ping_status":"closed","template":"","meta":{"footnotes":"","_links_to":"","_links_to_target":""},"_links":{"self":[{"href":"https:\/\/seelearningcenter.pt\/pl\/wp-json\/wp\/v2\/pages\/2243"}],"collection":[{"href":"https:\/\/seelearningcenter.pt\/pl\/wp-json\/wp\/v2\/pages"}],"about":[{"href":"https:\/\/seelearningcenter.pt\/pl\/wp-json\/wp\/v2\/types\/page"}],"author":[{"embeddable":true,"href":"https:\/\/seelearningcenter.pt\/pl\/wp-json\/wp\/v2\/users\/2"}],"replies":[{"embeddable":true,"href":"https:\/\/seelearningcenter.pt\/pl\/wp-json\/wp\/v2\/comments?post=2243"}],"version-history":[{"count":7,"href":"https:\/\/seelearningcenter.pt\/pl\/wp-json\/wp\/v2\/pages\/2243\/revisions"}],"predecessor-version":[{"id":2837,"href":"https:\/\/seelearningcenter.pt\/pl\/wp-json\/wp\/v2\/pages\/2243\/revisions\/2837"}],"up":[{"embeddable":true,"href":"https:\/\/seelearningcenter.pt\/pl\/wp-json\/wp\/v2\/pages\/843"}],"wp:featuredmedia":[{"embeddable":true,"href":"https:\/\/seelearningcenter.pt\/pl\/wp-json\/wp\/v2\/media\/2253"}],"wp:attachment":[{"href":"https:\/\/seelearningcenter.pt\/pl\/wp-json\/wp\/v2\/media?parent=2243"}],"curies":[{"name":"wp","href":"https:\/\/api.w.org\/{rel}","templated":true}]}}