{"id":2214,"date":"2010-09-18T14:41:29","date_gmt":"2010-09-18T18:41:29","guid":{"rendered":"http:\/\/seelearningcenter.pt\/"},"modified":"2010-10-16T15:24:12","modified_gmt":"2010-10-16T19:24:12","slug":"zakwaterowanie","status":"publish","type":"page","link":"https:\/\/seelearningcenter.pt\/pl\/portugalski-dla-obcokrajowcw\/zakwaterowanie\/","title":{"rendered":"Zakwaterowanie"},"content":{"rendered":"<p>Uczestnicy kurs\u00f3w See Learning Center mog\u0105 zamieszka\u0107, na czas  trwania kursu, u portugalskich rodzin. Dzi\u0119ki temu maj\u0105 szans\u0119 pozna\u0107  dog\u0142\u0119bnie kultur\u0119 oraz \u017cycie codzienne Portugalczyk\u00f3w, a jednocze\u015bnie  czu\u0107 si\u0119 jak w domu \u2013 z dala od domu. Wszystkie rodziny przyjmuj\u0105ce  obcokrajowc\u00f3w s\u0105 starannie dobierane i kontrolowane tak, aby zapewni\u0107  s\u0142uchaczom See przyjazne warunki i umo\u017cliwi\u0107 u\u017cywanie j\u0119zyka  portugalskiego w najbardziej naturalnym \u015brodowisku. W ka\u017cdej rodzinie  zostaje zakwaterowana tylko jedna osoba danej narodowo\u015bci (chyba, \u017ce  uczestnicy kursu wyra\u017c\u0105 ch\u0119\u0107 bycia ze swoimi rodakami), a ponadto ka\u017cdy  ma do wyboru pok\u00f3j jedno- lub dwuosobowy.<\/p>\n<table border=\"0\" cellspacing=\"0\" cellpadding=\"0\" width=\"100%\">\n<tbody>\n<tr>\n<td width=\"28%\" valign=\"top\"><img loading=\"lazy\" decoding=\"async\" src=\"http:\/\/www.seelearningcenter.pt\/images\/cursos_portugues13.jpg\" alt=\"\" width=\"191\" height=\"288\" \/><\/td>\n<td width=\"2%\"><img loading=\"lazy\" decoding=\"async\" src=\"http:\/\/www.seelearningcenter.pt\/images\/transp.gif\" alt=\"\" width=\"15\" height=\"1\" \/><\/td>\n<td width=\"35%\" valign=\"top\"><img loading=\"lazy\" decoding=\"async\" src=\"http:\/\/www.seelearningcenter.pt\/images\/cursos_portugues14.jpg\" alt=\"\" width=\"191\" height=\"288\" \/><\/td>\n<td width=\"2%\"><img loading=\"lazy\" decoding=\"async\" src=\"http:\/\/www.seelearningcenter.pt\/images\/transp.gif\" alt=\"\" width=\"15\" height=\"1\" \/><\/td>\n<td width=\"70%\">Rodziny przyjmuj\u0105ce naszych s\u0142uchaczy mieszkaj\u0105 w  odleg\u0142o\u015bci do 20 minut od See Learning Center, tak, aby s\u0142uchacze mogli  \u0142atwo dotrze\u0107 na zaj\u0119cia na piechot\u0119 lub korzystaj\u0105c ze \u015brodk\u00f3w  komunikacji publicznej. Wi\u0119kszo\u015b\u0107 rodzin mieszka w Alfornelos \u2013  dzielnicy powsta\u0142ej 100 lat temu na miejscu dawnych posiad\u0142o\u015bci  ziemskich. To w\u0142a\u015bnie wiejski charakter tych okolic da\u0142 nazw\u0119 tej cz\u0119\u015bci  miasta: w j\u0119zyku arabskim Al-Forner oznacza piekarza. Na pocz\u0105tku  dzielnica ta nale\u017ca\u0142a do Lizbony (stanowi\u0142a wtedy cz\u0119\u015b\u0107 jednostki  administracyjnej Benfica), dzi\u015b natomiast nale\u017cy do Amadory. Jest to  niemal najmniejsza jednostka administracyjna Amadory, a jej populacja,  licz\u0105ca 14305 os\u00f3b, jest jedn\u0105 z najm\u0142odszych w okolicy.<\/p>\n<p>Niekt\u00f3re z rodzin przyjmuj\u0105cych mieszkaj\u0105 w pobli\u017cu Alfornelos, w dzielnicach Benfica oraz Pontinha.<\/p>\n<p>Przewidujemy r\u00f3wnie\u017c mo\u017cliwo\u015b\u0107 zakwaterowania uczestnik\u00f3w naszych kurs\u00f3w w hotelu, je\u015bli wyra\u017c\u0105 takie \u017cyczenie.<\/td>\n<\/tr>\n<\/tbody>\n<\/table>\n","protected":false},"excerpt":{"rendered":"<p>Uczestnicy kurs\u00f3w See Learning Center mog\u0105 zamieszka\u0107, na czas trwania kursu, u portugalskich rodzin. Dzi\u0119ki temu maj\u0105 szans\u0119 pozna\u0107 dog\u0142\u0119bnie kultur\u0119 oraz \u017cycie codzienne Portugalczyk\u00f3w, a jednocze\u015bnie czu\u0107 si\u0119 jak w domu \u2013 z dala od domu. Wszystkie rodziny przyjmuj\u0105ce obcokrajowc\u00f3w s\u0105 starannie dobierane i kontrolowane tak, aby zapewni\u0107 s\u0142uchaczom See przyjazne warunki i umo\u017cliwi\u0107 [&hellip;]<\/p>\n","protected":false},"author":2,"featured_media":2215,"parent":843,"menu_order":18,"comment_status":"open","ping_status":"closed","template":"","meta":{"footnotes":"","_links_to":"","_links_to_target":""},"_links":{"self":[{"href":"https:\/\/seelearningcenter.pt\/pl\/wp-json\/wp\/v2\/pages\/2214"}],"collection":[{"href":"https:\/\/seelearningcenter.pt\/pl\/wp-json\/wp\/v2\/pages"}],"about":[{"href":"https:\/\/seelearningcenter.pt\/pl\/wp-json\/wp\/v2\/types\/page"}],"author":[{"embeddable":true,"href":"https:\/\/seelearningcenter.pt\/pl\/wp-json\/wp\/v2\/users\/2"}],"replies":[{"embeddable":true,"href":"https:\/\/seelearningcenter.pt\/pl\/wp-json\/wp\/v2\/comments?post=2214"}],"version-history":[{"count":11,"href":"https:\/\/seelearningcenter.pt\/pl\/wp-json\/wp\/v2\/pages\/2214\/revisions"}],"predecessor-version":[{"id":2217,"href":"https:\/\/seelearningcenter.pt\/pl\/wp-json\/wp\/v2\/pages\/2214\/revisions\/2217"}],"up":[{"embeddable":true,"href":"https:\/\/seelearningcenter.pt\/pl\/wp-json\/wp\/v2\/pages\/843"}],"wp:featuredmedia":[{"embeddable":true,"href":"https:\/\/seelearningcenter.pt\/pl\/wp-json\/wp\/v2\/media\/2215"}],"wp:attachment":[{"href":"https:\/\/seelearningcenter.pt\/pl\/wp-json\/wp\/v2\/media?parent=2214"}],"curies":[{"name":"wp","href":"https:\/\/api.w.org\/{rel}","templated":true}]}}