{"id":1743,"date":"2010-09-11T20:12:25","date_gmt":"2010-09-12T00:12:25","guid":{"rendered":"http:\/\/seelearningcenter.pt\/"},"modified":"2010-10-16T15:24:08","modified_gmt":"2010-10-16T19:24:08","slug":"mocne-strony-see","status":"publish","type":"page","link":"https:\/\/seelearningcenter.pt\/pl\/portugalski-dla-obcokrajowcw\/mocne-strony-see\/","title":{"rendered":"Mocne strony SEE"},"content":{"rendered":"<p><a rel=\"attachment wp-att-1197\" href=\"http:\/\/seelearningcenter.pt\/learning-portuguese-ple\/see-highlights\/attachment\/img_see_hilights\/\"><img loading=\"lazy\" decoding=\"async\" class=\"alignleft size-full wp-image-1197\" title=\"img_see_hilights\" src=\"http:\/\/seelearningcenter.pt\/wp-content\/uploads\/2010\/07\/img_see_hilights.jpg\" alt=\"\" width=\"288\" height=\"429\" srcset=\"https:\/\/seelearningcenter.pt\/wp-content\/uploads\/2010\/07\/img_see_hilights.jpg 288w, https:\/\/seelearningcenter.pt\/wp-content\/uploads\/2010\/07\/img_see_hilights-201x300.jpg 201w\" sizes=\"(max-width: 288px) 100vw, 288px\" \/><\/a><\/p>\n<p><span class=\"destaques\">1.<\/span> Nasza metoda dostosowana jest do       indywidualnych potrzeb i oczekiwa\u0144        s\u0142uchaczy.<\/p>\n<p><span class=\"destaques\">2.<\/span> Nauka odbywa si\u0119 w przyjaznym,        wielokulturowym \u015brodowisku.<\/p>\n<p><span class=\"destaques\">3.<\/span> Wszyscy nasi lektorzy to do\u015bwiadczeni        nauczyciele j\u0119zyka portugalskiego jako        obcego.<\/p>\n<p><span class=\"destaques\">4.<\/span> Ka\u017cdy uczestnik kursu mo\u017ce liczy\u0107 na       indywidualne podej\u015bcie i du\u017ce zaanga\u017cowanie        lektora.<\/p>\n<p><span class=\"destaques\">5.<\/span> Dojazd do naszego centrum jest bardzo \u0142atwy.<\/p>\n<p><span class=\"destaques\">6.<\/span> Proponujemy konkurencyjne ceny.<\/p>\n<p><span class=\"destaques\">7.<\/span> Na zaj\u0119ciach i poza nimi zapoznajemy naszych       s\u0142uchaczy z kultur\u0105 Portugalii.<\/p>\n<p><span class=\"destaques\">8.<\/span> Z naszego centrum \u0142atwo dojecha\u0107 na       wybrze\u017ce \u2013 na s\u0142ynn\u0105 lizbo\u0144sk\u0105 pla\u017c\u0119 Costa da       Caparica).<\/p>\n<p><span class=\"destaques\">9.<\/span> Zapewniamy zakwaterowanie u przyjaznych i       go\u015bcinnych rodzin.<\/p>\n<p><span class=\"destaques\">10.<\/span> \u0141\u0105czymy tradycj\u0119 z nowoczesno\u015bci\u0105.<\/p>\n<p><span class=\"destaques_red\">Lektorzy i Metoda<\/span><\/p>\n<p>Skuteczno\u015b\u0107 naszej metody nauczania wynika z dwudziestu lat do\u015bwiadcze\u0144. Oferujemy szeroki wachlarz atrakcyjnych kurs\u00f3w, zaj\u0119\u0107 indywidualnych oraz zaj\u0119\u0107 kulturowych na najwy\u017cszym poziomie, dopasowanych do potrzeb naszych s\u0142uchaczy.<\/p>\n<p>Wszyscy nasi lektorzy, b\u0119d\u0105cy rodzimymi u\u017cytkownikami j\u0119zyka portugalskiego, maj\u0105 dyplomy wy\u017cszych uczelni zatwierdzone przez portugalskie Ministerstwo Nauki, Technologii i Szkolnictwa Wy\u017cszego, a o ich przygotowaniu pedagogicznym \u015bwiadcz\u0105 odbyte kursy nauczania j\u0119zyka portugalskiego jako obcego.<\/p>\n","protected":false},"excerpt":{"rendered":"<p>1. Nasza metoda dostosowana jest do indywidualnych potrzeb i oczekiwa\u0144 s\u0142uchaczy. 2. Nauka odbywa si\u0119 w przyjaznym, wielokulturowym \u015brodowisku. 3. Wszyscy nasi lektorzy to do\u015bwiadczeni nauczyciele j\u0119zyka portugalskiego jako obcego. 4. Ka\u017cdy uczestnik kursu mo\u017ce liczy\u0107 na indywidualne podej\u015bcie i du\u017ce zaanga\u017cowanie lektora. 5. Dojazd do naszego centrum jest bardzo \u0142atwy. 6. Proponujemy konkurencyjne ceny. [&hellip;]<\/p>\n","protected":false},"author":2,"featured_media":2177,"parent":843,"menu_order":12,"comment_status":"open","ping_status":"closed","template":"","meta":{"footnotes":"","_links_to":"","_links_to_target":""},"_links":{"self":[{"href":"https:\/\/seelearningcenter.pt\/pl\/wp-json\/wp\/v2\/pages\/1743"}],"collection":[{"href":"https:\/\/seelearningcenter.pt\/pl\/wp-json\/wp\/v2\/pages"}],"about":[{"href":"https:\/\/seelearningcenter.pt\/pl\/wp-json\/wp\/v2\/types\/page"}],"author":[{"embeddable":true,"href":"https:\/\/seelearningcenter.pt\/pl\/wp-json\/wp\/v2\/users\/2"}],"replies":[{"embeddable":true,"href":"https:\/\/seelearningcenter.pt\/pl\/wp-json\/wp\/v2\/comments?post=1743"}],"version-history":[{"count":11,"href":"https:\/\/seelearningcenter.pt\/pl\/wp-json\/wp\/v2\/pages\/1743\/revisions"}],"predecessor-version":[{"id":1762,"href":"https:\/\/seelearningcenter.pt\/pl\/wp-json\/wp\/v2\/pages\/1743\/revisions\/1762"}],"up":[{"embeddable":true,"href":"https:\/\/seelearningcenter.pt\/pl\/wp-json\/wp\/v2\/pages\/843"}],"wp:featuredmedia":[{"embeddable":true,"href":"https:\/\/seelearningcenter.pt\/pl\/wp-json\/wp\/v2\/media\/2177"}],"wp:attachment":[{"href":"https:\/\/seelearningcenter.pt\/pl\/wp-json\/wp\/v2\/media?parent=1743"}],"curies":[{"name":"wp","href":"https:\/\/api.w.org\/{rel}","templated":true}]}}