{"id":1661,"date":"2010-09-10T22:23:57","date_gmt":"2010-09-11T02:23:57","guid":{"rendered":"http:\/\/seelearningcenter.pt\/"},"modified":"2010-09-18T14:54:58","modified_gmt":"2010-09-18T18:54:58","slug":"czy-wiedza-panstwo-ze","status":"publish","type":"page","link":"https:\/\/seelearningcenter.pt\/pl\/portugalski-dla-obcokrajowcw\/czy-wiedza-panstwo-ze\/","title":{"rendered":"Czy wiedz\u0105 Pa\u0144stwo, \u017ce&#8230;"},"content":{"rendered":"<p><img loading=\"lazy\" decoding=\"async\" class=\"alignleft size-full wp-image-1646\" title=\"sabia_que\" src=\"http:\/\/seelearningcenter.pt\/wp-content\/uploads\/2010\/09\/sabia_que.jpg\" alt=\"\" width=\"350\" height=\"237\" srcset=\"https:\/\/seelearningcenter.pt\/wp-content\/uploads\/2010\/09\/sabia_que.jpg 350w, https:\/\/seelearningcenter.pt\/wp-content\/uploads\/2010\/09\/sabia_que-300x203.jpg 300w\" sizes=\"(max-width: 350px) 100vw, 350px\" \/><\/p>\n<ul class=\"right_ul\" type=\"disc\">\n<li>Celem kurs\u00f3w j\u0119zyka portugalskiego jako obcego proponowanych przez See Learning Center jest promowanie j\u0119zyka i kultury Portugalii, tak\u017ce w\u015br\u00f3d obywateli innych kraj\u00f3w portugalskoj\u0119zycznych?<\/li>\n<li>Grupy licz\u0105 maksymalnie 8 os\u00f3b, tak, aby lektorzy mogli po\u015bwi\u0119ci\u0107 odpowiednio du\u017co czasu i uwagi ka\u017cdemu s\u0142uchaczowi z osobna?<\/li>\n<li>Oferujemy kursy na sze\u015bciu poziomach zaawansowania: od pocz\u0105tkuj\u0105cego do zaawansowanego?<\/li>\n<li>Mo\u017cna rozpocz\u0105\u0107 kurs w ka\u017cdy poniedzia\u0142ek roku, z wyj\u0105tkiem dni ustawowo wolnych od pracy?<\/li>\n<li>Minimalny czas trwania kursu to tydzie\u0144, natomiast maksymalny zale\u017cy od indywidualnych potrzeb s\u0142uchacza, kt\u00f3ry dostosowuje godziny zaj\u0119\u0107 do w\u0142asnego rozk\u0142adu dnia oraz cel\u00f3w nauki?<\/li>\n<li>Zaj\u0119cia odbywaj\u0105 si\u0119 w nowoczesnych, wygodnych i doskonale wyposa\u017conych salach See Learning Center, centrum znajduj\u0105cego si\u0119 przy wyj\u015bciu z metra Alfornelos, przyjaznej dzielnicy na obrze\u017cach Lizbony?<\/li>\n<\/ul>\n","protected":false},"excerpt":{"rendered":"<p>Celem kurs\u00f3w j\u0119zyka portugalskiego jako obcego proponowanych przez See Learning Center jest promowanie j\u0119zyka i kultury Portugalii, tak\u017ce w\u015br\u00f3d obywateli innych kraj\u00f3w portugalskoj\u0119zycznych? Grupy licz\u0105 maksymalnie 8 os\u00f3b, tak, aby lektorzy mogli po\u015bwi\u0119ci\u0107 odpowiednio du\u017co czasu i uwagi ka\u017cdemu s\u0142uchaczowi z osobna? Oferujemy kursy na sze\u015bciu poziomach zaawansowania: od pocz\u0105tkuj\u0105cego do zaawansowanego? Mo\u017cna rozpocz\u0105\u0107 kurs [&hellip;]<\/p>\n","protected":false},"author":2,"featured_media":2182,"parent":843,"menu_order":22,"comment_status":"open","ping_status":"closed","template":"","meta":{"footnotes":"","_links_to":"","_links_to_target":""},"_links":{"self":[{"href":"https:\/\/seelearningcenter.pt\/pl\/wp-json\/wp\/v2\/pages\/1661"}],"collection":[{"href":"https:\/\/seelearningcenter.pt\/pl\/wp-json\/wp\/v2\/pages"}],"about":[{"href":"https:\/\/seelearningcenter.pt\/pl\/wp-json\/wp\/v2\/types\/page"}],"author":[{"embeddable":true,"href":"https:\/\/seelearningcenter.pt\/pl\/wp-json\/wp\/v2\/users\/2"}],"replies":[{"embeddable":true,"href":"https:\/\/seelearningcenter.pt\/pl\/wp-json\/wp\/v2\/comments?post=1661"}],"version-history":[{"count":2,"href":"https:\/\/seelearningcenter.pt\/pl\/wp-json\/wp\/v2\/pages\/1661\/revisions"}],"predecessor-version":[{"id":2240,"href":"https:\/\/seelearningcenter.pt\/pl\/wp-json\/wp\/v2\/pages\/1661\/revisions\/2240"}],"up":[{"embeddable":true,"href":"https:\/\/seelearningcenter.pt\/pl\/wp-json\/wp\/v2\/pages\/843"}],"wp:featuredmedia":[{"embeddable":true,"href":"https:\/\/seelearningcenter.pt\/pl\/wp-json\/wp\/v2\/media\/2182"}],"wp:attachment":[{"href":"https:\/\/seelearningcenter.pt\/pl\/wp-json\/wp\/v2\/media?parent=1661"}],"curies":[{"name":"wp","href":"https:\/\/api.w.org\/{rel}","templated":true}]}}