{"id":991,"date":"2010-07-08T21:16:49","date_gmt":"2010-07-09T01:16:49","guid":{"rendered":"http:\/\/seelearningcenter.pt\/"},"modified":"2010-09-24T07:11:16","modified_gmt":"2010-09-24T11:11:16","slug":"corsi-di-portoghese-per-stranieri","status":"publish","type":"page","link":"https:\/\/seelearningcenter.pt\/it\/apprendimento-portoghese\/corsi-di-portoghese-per-stranieri\/","title":{"rendered":"Corsi di Portoghese per Stranieri"},"content":{"rendered":"<p>Il portoghese \u00e8 una lingua romanza molto antica che deriva principalmente dal latino, ma \u00e8 arricchita da influenze provenienti da altre culture. A causa dell\u2019occupazione dei Mori nella Penisola Iberica durante il Medio Evo e per la partecipazione del Portogallo alle Scoperte, sono stati acquisiti termini da diverse lingue, confluendo poi in un unico idioma. Il portoghese \u00e8 la 6\u00aa lingua pi\u00f9 parlata al mondo, essendo la lingua ufficiale di 10 paesi ed \u00e8 molto diffusa, essendo parlata da comunit\u00e0 portoghesi che risiedono in altre nazioni o attraverso influenze lasciate a varie lingue locali. Approfitta dell\u2019opportunit\u00e0 di imparare questa lingua affascinante attraverso i Corsi di Portoghese della See Learning Center in Portogallo e, allo stesso tempo, immergiti e vivi in un ambiente portoghese!<\/p>\n<p><strong><em><span style=\"text-decoration: underline;\">Corsi per Adulti<\/span><\/em><\/strong><\/p>\n<p><strong>Scheda dei servizi<\/strong><\/p>\n<ul>\n<li><strong>Et\u00e0:<\/strong> +18 anni<\/li>\n<li><strong>Sala computer: <\/strong>Libero accesso a Internet <strong> <\/strong><\/li>\n<li><strong>Numero di alunni:<\/strong> max. 8 alunni per classe<\/li>\n<li><strong>Livelli:<\/strong> da elementare a avanzato<\/li>\n<li><strong>Programma di attivit\u00e0<\/strong><\/li>\n<li><strong>Sistemazione: <\/strong>Presso una famiglia ospitante o in albergo<\/li>\n<\/ul>\n<p><strong> <\/strong><\/p>\n<p><strong><span style=\"text-decoration: underline;\">Corsi <\/span><\/strong><\/p>\n<ul>\n<li>Corso See di Portoghese Generico<\/li>\n<li>Corso See di Portoghese Intensivo<\/li>\n<li>Corso See di Portoghese Individuale<\/li>\n<li>Corso See di Portoghese Professionale<\/li>\n<li>Corso See di Portoghese 50+<\/li>\n<\/ul>\n<p><strong><em><span style=\"text-decoration: underline;\"><br \/>\n<\/span><\/em><\/strong><\/p>\n<table border=\"0\" cellspacing=\"0\" cellpadding=\"0\" width=\"100%\">\n<tbody>\n<tr>\n<td width=\"28%\"><img loading=\"lazy\" decoding=\"async\" src=\"http:\/\/www.seelearningcenter.pt\/images\/cursos_portugues4.jpg\" alt=\"\" width=\"288\" height=\"191\" \/><\/td>\n<td width=\"2%\"><img loading=\"lazy\" decoding=\"async\" src=\"http:\/\/www.seelearningcenter.pt\/images\/transp.gif\" alt=\"\" width=\"15\" height=\"1\" \/><\/td>\n<td width=\"70%\">Prevede 3 lezioni al giorno. Il Corso See di portoghese generico ti permette di avere tempo a sufficienza per scoprire la citt\u00e0 di Lisbona e dintorni. Ciascun livello \u00e8 composto da 4 settimane di lezione. Ogni classe \u00e8 formata da un massimo di 8 studenti, in modo da offrire la maggior attenzione possibile a ognuno ed un insegnamento individualizzato. Abbina il tuo Corso di portoghese ad un programma completo di escursioni ed sfrutta al massimo del tuo soggiorno in Portogallo!<\/td>\n<\/tr>\n<\/tbody>\n<\/table>\n<p><strong><em><span style=\"text-decoration: underline;\">Corso See di portoghese Intensivo<\/span><\/em><\/strong><\/p>\n<p>Se il tuo obbiettivo \u00e8 imparare il portoghese il pi\u00f9 velocemente possibile durante il tuo soggiorno, il Corso See di Portoghese Intensivo \u00e8 l\u2019ideale per te. Costituito da 25 ore a settimana, questo corso abbina il Corso See di portoghese Generico a 2 ore extra al giorno, dandoti la possibilit\u00e0 di imparare di pi\u00f9, pur continuando ad avere tempo libero per visitare il Portogallo. Ogni classe \u00e8 composta da un massimo di 8 studenti, in modo da offrire la maggior attenzione possibile e un insegnamento individualizzato.<\/p>\n<table border=\"0\" cellspacing=\"0\" cellpadding=\"0\" width=\"100%\">\n<tbody>\n<tr>\n<td width=\"28%\"><img loading=\"lazy\" decoding=\"async\" src=\"http:\/\/www.seelearningcenter.pt\/images\/cursos_portugues5.jpg\" alt=\"\" width=\"191\" height=\"288\" \/><\/td>\n<td width=\"2%\"><img loading=\"lazy\" decoding=\"async\" src=\"http:\/\/www.seelearningcenter.pt\/images\/transp.gif\" alt=\"\" width=\"15\" height=\"1\" \/><\/td>\n<td width=\"70%\"><span style=\"color: #c70000;\"><span style=\"text-decoration: underline;\"><strong><em>Corso See di portoghese Individuale<\/em><\/strong><\/span><\/span><br \/>\nIl Corso See di portoghese Individuale ti d\u00e0 la possibilit\u00e0 di imparare la lingua rapidamente e in maniera intensiva, secondo le tue capacit\u00e0 e necessit\u00e0 personali. L\u2019insegnamento individuale prevede lezioni flessibili, che si adattano al tuo lavoro, studio, cultura o curiosit\u00e0 &#8211; le tue necessit\u00e0 sono prioritarie per l\u2019insegnante. Ti invitiamo a portare e proporre anche il tuo materiale. Scegli il numero di lezioni che vuoi e comincia quando lo desideri!<\/p>\n<p>Abbina il Corso See di Portoghese Generico con un Corso See di Portoghese Individuale e osserva i progressi del tuo portoghese!<\/td>\n<\/tr>\n<\/tbody>\n<\/table>\n<p><span style=\"color: #c70000;\"><strong><em><span style=\"text-decoration: underline;\">Corso See di portoghese per Professionisti<\/span><\/em><\/strong><\/span><\/p>\n<p><strong><em><span style=\"text-decoration: underline;\"> <\/span><\/em><\/strong><\/p>\n<p>Se desideri approfondire la tua conoscenza del portoghese nell\u2019ambito di un\u2019area specifica, il Corso See di portoghese per Professionisti \u00e8 la proposta ideale per te. Questo corso ha come obiettivo l\u2019arricchimento del vocabolario dell\u2019alunno e si concentra sul potenziamento della comunicazione orale e scritta. Qualunque sia la tua area di specializzazione &#8211; medicina, amministrazione, turismo, ingegneria, infermieristica, legge, assicurazioni, informatica, traduzione o interpretazione, insegnamento &#8230; &#8211; la See Learning Center offre corsi intensivi che si adattano alle tue esigenze. Le lezioni possono essere individuali, in piccoli gruppi o abbinate ad un altro corso, a seconda delle tue esigenze e disponibilit\u00e0.<\/p>\n<table border=\"0\" cellspacing=\"0\" cellpadding=\"0\" width=\"100%\">\n<tbody>\n<tr>\n<td width=\"28%\" valign=\"middle\"><img loading=\"lazy\" decoding=\"async\" src=\"http:\/\/www.seelearningcenter.pt\/images\/cursos_portugues6.jpg\" alt=\"\" width=\"288\" height=\"191\" \/><\/td>\n<td width=\"2%\" valign=\"middle\"><img loading=\"lazy\" decoding=\"async\" src=\"http:\/\/www.seelearningcenter.pt\/images\/transp.gif\" alt=\"\" width=\"15\" height=\"1\" \/><\/td>\n<td width=\"70%\" valign=\"middle\"><span style=\"color: #c70000;\"><strong><em><span style=\"text-decoration: underline;\">Corso See di Formazione per Professori di Portoghese<\/span><\/em><\/strong><\/span><br \/>\n<strong><em> <\/em><\/strong><\/p>\n<p>Questo corso \u00e8 specialmente pensato per professori, nativi e non, di portoghese come lingua straniera, in Portogallo o all\u2019estero. Il corso comprende esercizi pratici, attivit\u00e0 comunicative, prove pratiche, e riflessioni sulla lingua. Vengono proposte conoscenze e tecniche pratiche, che ti condurranno in un\u2019esperienza di apprendimento completa e piacevole che ti permetter\u00e0 di giudicare, discutere e applicare immediatamente quello che impari in situazioni reali.<\/p>\n<p>Puoi partecipare a un programma sociale di attivit\u00e0 pomeridiane, escursioni di mezza giornata o di una giornata intera durante i fine settimana, sfruttando pienamente il tuo soggiorno da noi.<\/p>\n<p>\u00c9 un corso di due settimane, che prevede 60 ore organizzate a seconda delle richieste. Le classi hanno un massimo di 4 alunni.<\/td>\n<\/tr>\n<\/tbody>\n<\/table>\n<p><strong><em><span style=\"text-decoration: underline;\">Corso See Light di Portoghese<\/span><\/em><\/strong> <strong><em> <\/em><\/strong><\/p>\n<p>Questo corso \u00e8 pensato specialmente per gli alunni che studiano o lavorano, ma che vogliono imparare il portoghese con un metodo sistematico. Scegli l\u2019orario che pi\u00f9 ti conviene e approfondisci la tua conoscenza della lingua &#8211; comunicazione, lettura, grammatica e scrittura, comprensione auditiva e orale, costruzione del vocabolario.<\/p>\n<table border=\"0\" cellspacing=\"0\" cellpadding=\"0\" width=\"100%\">\n<tbody>\n<tr>\n<td width=\"28%\" valign=\"middle\"><img loading=\"lazy\" decoding=\"async\" src=\"http:\/\/www.seelearningcenter.pt\/images\/cursos_portugues7.jpg\" alt=\"\" width=\"288\" height=\"191\" \/><\/td>\n<td width=\"2%\" valign=\"middle\"><img loading=\"lazy\" decoding=\"async\" src=\"http:\/\/www.seelearningcenter.pt\/images\/transp.gif\" alt=\"\" width=\"15\" height=\"1\" \/><\/td>\n<td width=\"70%\" valign=\"middle\"><span style=\"color: #c70000;\"><strong><em><span style=\"text-decoration: underline;\">Lezione See Flex<\/span><\/em><\/strong><strong><em> <\/em><\/strong><strong><em>NUOVO!<\/em><\/strong><\/span><strong><em> <\/em><\/strong><\/p>\n<p>La lezione Flex ti permette di stabilire il tuo orario e alterarlo se necessario, per non perdere lezioni &#8211; disponibilit\u00e0 mattina, pomeriggio o sera.<\/p>\n<p>Il corso pu\u00f2 essere interrotto e ripreso in un altro momento. Le lezioni vengono adattate ad ogni gruppo a seconda delle necessit\u00e0 specifiche di ognuno!<\/p>\n<p><span style=\"text-decoration: underline;\"> <\/span><\/p>\n<p><strong><em>Se vuoi parlare portoghese a partire dal 1\u00ba giorno, iscriviti ora al <\/em><\/strong><strong><em>SEE LEARNING CENTER!<\/em><\/strong><strong><em> <\/em><\/strong><\/td>\n<\/tr>\n<\/tbody>\n<\/table>\n<p><span style=\"text-decoration: underline;\"><strong>See Portoghese +<\/strong><\/span><\/p>\n<p>La See Learning Center ti offre lezioni See individuali nel nostro centro, sul tuo posto di lavoro, a casa tua o in qualsiasi altro luogo di tuo gradimento. Il numero di lezioni e l\u2019orario possono variare a seconda delle tue necessit\u00e0.<\/p>\n<table border=\"0\" cellspacing=\"0\" cellpadding=\"0\" width=\"100%\">\n<tbody>\n<tr>\n<td width=\"28%\" valign=\"middle\"><img loading=\"lazy\" decoding=\"async\" src=\"http:\/\/www.seelearningcenter.pt\/images\/cursos_portugues8.jpg\" alt=\"\" width=\"288\" height=\"191\" \/><\/td>\n<td width=\"2%\" valign=\"middle\"><img loading=\"lazy\" decoding=\"async\" src=\"http:\/\/www.seelearningcenter.pt\/images\/transp.gif\" alt=\"\" width=\"15\" height=\"1\" \/><\/td>\n<td width=\"70%\" valign=\"middle\"><span style=\"color: #c70000;\"><strong><em><span style=\"text-decoration: underline;\">See Portoghese Speciale Braille<\/span><\/em><\/strong><\/span><\/p>\n<p>Gli alunni ciechi o ipovedenti hanno bisogno di speciali attenzioni. La See Learning Center offre agli alunni l\u2019opportunit\u00e0 di conoscere nuovi amici e integrarsi in un nuovo ambiente sociale, mentre imparano la lingua portoghese.<\/td>\n<\/tr>\n<\/tbody>\n<\/table>\n<p><strong><em><span style=\"text-decoration: underline;\">Chat club<\/span><\/em><\/strong><strong><em> <\/em><\/strong><\/p>\n<table border=\"0\" cellspacing=\"0\" cellpadding=\"0\" width=\"100%\">\n<tbody>\n<tr>\n<td width=\"28%\" valign=\"middle\"><img loading=\"lazy\" decoding=\"async\" src=\"http:\/\/www.seelearningcenter.pt\/images\/cursos_portugues9.jpg\" alt=\"\" width=\"288\" height=\"191\" \/><\/td>\n<td width=\"2%\" valign=\"middle\"><img loading=\"lazy\" decoding=\"async\" src=\"http:\/\/www.seelearningcenter.pt\/images\/transp.gif\" alt=\"\" width=\"15\" height=\"1\" \/><\/td>\n<td width=\"70%\" valign=\"middle\">Impara le basi necessarie per la comunicazione in situazioni quotidiane &#8211; lezioni di conversazione, pronuncia e club di <em>chat<\/em>. Consolida la tua pratica quotidiana con la comunicazione orale e sviluppa sicurezza nella lingua parlata. Il club \u00e8 costituito da 10 lezioni a settimana con un massimo di 8 alunni per classe<\/td>\n<\/tr>\n<\/tbody>\n<\/table>\n<p><strong><em><span style=\"text-decoration: underline;\">Livelli<\/span><\/em><\/strong><\/p>\n<p>I corsi See di Portoghese Generico constano di 6 livelli di 80 ore ciascuno:<\/p>\n<p><strong>Principiante<\/strong><\/p>\n<p><strong>Elementare<\/strong><\/p>\n<p><strong>Pre-Intermedio<\/strong><\/p>\n<p><strong>Intermedio<\/strong><\/p>\n<p><strong>Post-Intermedio<\/strong><\/p>\n<p><strong>Avanzato<\/strong><\/p>\n<table border=\"0\" cellspacing=\"0\" cellpadding=\"0\" width=\"100%\">\n<tbody>\n<tr>\n<td width=\"28%\" valign=\"middle\"><img loading=\"lazy\" decoding=\"async\" src=\"http:\/\/www.seelearningcenter.pt\/images\/cursos_portugues10.jpg\" alt=\"\" width=\"288\" height=\"191\" \/><\/td>\n<td width=\"2%\" valign=\"middle\"><img loading=\"lazy\" decoding=\"async\" src=\"http:\/\/www.seelearningcenter.pt\/images\/transp.gif\" alt=\"\" width=\"15\" height=\"1\" \/><\/td>\n<td width=\"70%\" valign=\"middle\"><span style=\"color: #c70000;\"><strong><em><span style=\"text-decoration: underline;\">Certificati<\/span><\/em><\/strong><\/span><br \/>\n<strong> <\/strong><\/p>\n<p><strong>Certificato di Frequenza See:<\/strong> Rilasciato a tutti gli alunni che frequentano un corso See.<\/p>\n<p><strong>Certificato See:<\/strong> Rilasciato agli alunni che supereranno l\u2019esame finale di livello.<\/p>\n<p><strong>Esami di Portoghese Lingua Straniera: <\/strong>Sono esami organizzati e proposti dall\u2019Universit\u00e0 di Lisbona in date specifiche. Sono disponibili 5 livelli: CIPLE, CEPLE, DIPLE, DAPLE, DUPLE<\/td>\n<\/tr>\n<\/tbody>\n<\/table>\n<p><strong><em><span style=\"text-decoration: underline;\">Testimonianza<\/span><\/em><\/strong><\/p>\n<table border=\"0\" cellspacing=\"0\" cellpadding=\"0\" width=\"100%\">\n<tbody>\n<tr>\n<td width=\"28%\" valign=\"middle\"><img loading=\"lazy\" decoding=\"async\" src=\"http:\/\/www.seelearningcenter.pt\/images\/cursos_portugues11.jpg\" alt=\"\" width=\"288\" height=\"191\" \/><\/td>\n<td width=\"2%\" valign=\"middle\"><img loading=\"lazy\" decoding=\"async\" src=\"http:\/\/www.seelearningcenter.pt\/images\/transp.gif\" alt=\"\" width=\"15\" height=\"1\" \/><\/td>\n<td width=\"70%\" valign=\"middle\"><em>Parlare portoghese ha cambiato la mia vita &#8211; autostima, leadership, posizione nella carriera, successo, crescita personale, sociale, professionale, una vera opportunit\u00e0. Tutti sogniamo una vita migliore! <\/em><\/td>\n<\/tr>\n<\/tbody>\n<\/table>\n<table border=\"0\" cellspacing=\"0\" cellpadding=\"0\" width=\"100%\">\n<tbody>\n<tr>\n<td width=\"28%\" valign=\"top\"><img loading=\"lazy\" decoding=\"async\" src=\"http:\/\/www.seelearningcenter.pt\/images\/cursos_portugues12.jpg\" alt=\"\" width=\"288\" height=\"191\" \/><\/td>\n<td width=\"2%\" valign=\"middle\"><img loading=\"lazy\" decoding=\"async\" src=\"http:\/\/www.seelearningcenter.pt\/images\/transp.gif\" alt=\"\" width=\"15\" height=\"1\" \/><\/td>\n<td width=\"70%\" valign=\"middle\"><span style=\"color: #c70000;\"><strong>Stefano e Elisabetta<\/strong><\/span><strong> <\/strong><\/p>\n<p><strong> <\/strong><\/p>\n<p><em>Ciao! Siamo Stefano ed Elisabetta, una coppia italiana. Avevamo il desiderio di lavorare come infermieri in Angola ma non parlavamo portoghese. Cos\u00ec abbiamo pensato: \u201cChe cosa facciamo?\u201d \u201cAndiamo a Lisbona, citt\u00e0 della luce, dove scorre il fiume dal cuore d\u2019argento!\u201d. Abbiamo un amico a Lisbona che vive ad Alfornelos. \u00c9 una zona popolare della citt\u00e0, ma tranquilla e ben servita dai trasporti e fornita di tutti i servizi: metropolitana, autobus, banche, poste, supermercati &#8230;<\/em><\/p>\n<p><em>Il nostro amico ha trovato una scuola di lingue adatta a noi: la \u00a0See Learning Center! Abbiamo avuto una professoressa molto preparata che \u00e8 riuscita ad insegnarci il \u00a0portoghese combinando lezioni di grammatica e di cultura generale e trasmettendoci la passione per il fado e altri tipi di musica, consigliandoci libri e film, suggerendoci dove andare in citt\u00e0 a scoprire luoghi incantevoli e provare la vera cucina portoghese. Abbiamo scoperto Lisbona giorno per giorno, ci ha accolto nelle sue strade, con i suoi profumi. Abbiamo potuto guardare il fiume Tago mentre bevevamo un caff\u00e8, un cappuccino o \u00a0una birra! <\/em><\/td>\n<\/tr>\n<\/tbody>\n<\/table>\n<p><strong><em><span style=\"text-decoration: underline;\">Programma di Attivit\u00e0 ed Escursioni<\/span><\/em><\/strong><\/p>\n<table border=\"0\" cellspacing=\"0\" cellpadding=\"0\" width=\"100%\">\n<tbody>\n<tr>\n<td width=\"28%\"><img loading=\"lazy\" decoding=\"async\" src=\"http:\/\/www.seelearningcenter.pt\/images\/cursos_portugues15.jpg\" alt=\"\" width=\"191\" height=\"288\" \/><\/td>\n<td width=\"2%\"><img loading=\"lazy\" decoding=\"async\" src=\"http:\/\/www.seelearningcenter.pt\/images\/transp.gif\" alt=\"\" width=\"15\" height=\"1\" \/><\/td>\n<td width=\"70%\">Puoi approfittare al massimo del tuo tempo libero partecipando al Programma di Attivit\u00e0 ed Escursioni del See Learning Center. Visita il caratteristico centro di Lisbona, esplora i negozi della Rua Augusta, visita i monumenti dell\u2019epoca delle Scoperte, rilassati al Parco delle Nazioni e sorprenditi con la storia del Portogallo nei suoi musei.<\/td>\n<\/tr>\n<\/tbody>\n<\/table>\n<table border=\"0\" cellspacing=\"0\" cellpadding=\"0\" width=\"100%\">\n<tbody>\n<tr>\n<td width=\"28%\"><img loading=\"lazy\" decoding=\"async\" src=\"http:\/\/www.seelearningcenter.pt\/images\/cursos_portugues16.jpg\" alt=\"\" width=\"288\" height=\"191\" \/><\/td>\n<td width=\"2%\"><img loading=\"lazy\" decoding=\"async\" src=\"http:\/\/www.seelearningcenter.pt\/images\/transp.gif\" alt=\"\" width=\"15\" height=\"1\" \/><\/td>\n<td width=\"70%\"><img loading=\"lazy\" decoding=\"async\" src=\"http:\/\/www.seelearningcenter.pt\/images\/cursos_portugues17.jpg\" alt=\"\" width=\"288\" height=\"191\" \/><\/td>\n<\/tr>\n<\/tbody>\n<\/table>\n","protected":false},"excerpt":{"rendered":"<p>Il portoghese \u00e8 una lingua romanza molto antica che deriva principalmente dal latino, ma \u00e8 arricchita da influenze provenienti da altre culture. A causa dell\u2019occupazione dei Mori nella Penisola Iberica durante il Medio Evo e per la partecipazione del Portogallo alle Scoperte, sono stati acquisiti termini da diverse lingue, confluendo poi in un unico idioma. [&hellip;]<\/p>\n","protected":false},"author":2,"featured_media":232,"parent":839,"menu_order":2,"comment_status":"open","ping_status":"closed","template":"page-portuguese_courses.php","meta":{"footnotes":"","_links_to":"","_links_to_target":""},"_links":{"self":[{"href":"https:\/\/seelearningcenter.pt\/it\/wp-json\/wp\/v2\/pages\/991"}],"collection":[{"href":"https:\/\/seelearningcenter.pt\/it\/wp-json\/wp\/v2\/pages"}],"about":[{"href":"https:\/\/seelearningcenter.pt\/it\/wp-json\/wp\/v2\/types\/page"}],"author":[{"embeddable":true,"href":"https:\/\/seelearningcenter.pt\/it\/wp-json\/wp\/v2\/users\/2"}],"replies":[{"embeddable":true,"href":"https:\/\/seelearningcenter.pt\/it\/wp-json\/wp\/v2\/comments?post=991"}],"version-history":[{"count":16,"href":"https:\/\/seelearningcenter.pt\/it\/wp-json\/wp\/v2\/pages\/991\/revisions"}],"predecessor-version":[{"id":2595,"href":"https:\/\/seelearningcenter.pt\/it\/wp-json\/wp\/v2\/pages\/991\/revisions\/2595"}],"up":[{"embeddable":true,"href":"https:\/\/seelearningcenter.pt\/it\/wp-json\/wp\/v2\/pages\/839"}],"wp:featuredmedia":[{"embeddable":true,"href":"https:\/\/seelearningcenter.pt\/it\/wp-json\/wp\/v2\/media\/232"}],"wp:attachment":[{"href":"https:\/\/seelearningcenter.pt\/it\/wp-json\/wp\/v2\/media?parent=991"}],"curies":[{"name":"wp","href":"https:\/\/api.w.org\/{rel}","templated":true}]}}