{"id":789,"date":"2010-07-05T17:36:11","date_gmt":"2010-07-05T21:36:11","guid":{"rendered":"http:\/\/seelearningcenter.pt\/"},"modified":"2010-07-06T03:38:42","modified_gmt":"2010-07-06T07:38:42","slug":"perche-imparare-il-portoghese","status":"publish","type":"page","link":"https:\/\/seelearningcenter.pt\/it\/apprendimento-portoghese\/perche-imparare-il-portoghese\/","title":{"rendered":"Perch\u00e9 imparare il Portoghese?"},"content":{"rendered":"<table border=\"0\" cellspacing=\"0\" cellpadding=\"0\" width=\"100%\">\n<tbody>\n<tr>\n<td width=\"28%\" valign=\"top\"><img loading=\"lazy\" decoding=\"async\" src=\"http:\/\/www.seelearningcenter.pt\/images\/cursos_portugues1.jpg\" alt=\"\" width=\"191\" height=\"288\" \/><\/td>\n<td width=\"2%\"><img loading=\"lazy\" decoding=\"async\" src=\"http:\/\/www.seelearningcenter.pt\/images\/transp.gif\" alt=\"\" width=\"15\" height=\"1\" \/><\/td>\n<td width=\"70%\" valign=\"top\"><strong><em><span style=\"text-decoration: underline;\">Perch\u00e9 imparare il Portoghese?<\/span><\/em><\/strong><\/p>\n<ul>\n<li>La lingua portoghese \u00e8 parlata da pi\u00f9 di 200      milioni di persone al mondo.<\/li>\n<li>Occupa      il 6\u00ba posto nella classifica delle lingue pi\u00f9 parlate.<\/li>\n<li>Il      portoghese \u00e8 la lingua maggiormente diffusa in America Latina, poich\u00e9 \u00e8      parlata dall\u2019intera popolazione brasiliana.<\/li>\n<li>La      lingua portoghese \u00e8 stata dichiarata lingua franca nelle ex-colonie      portoghesi dell\u2019Africa.<\/li>\n<li>Il portoghese \u00e8 la lingua ufficiale di 9 nazioni.<\/li>\n<li>La lingua portoghese \u00e8 parlata da un\u2019estesa comunit\u00e0 di emigranti,      situata nel Nord America, specialmente in Canada (Ontario) e New Jersey, New England e South      Florida.<\/li>\n<li>Esistono      numerose comunit\u00e0 di emigrati portoghesi in altre nazioni, quali il      Venezuela e il Sudafrica, e in alcuni stati europei, come la Svizzera e la Francia.<\/li>\n<li>La lingua portoghese \u00e8, insieme allo spagnolo e al francese, lingua      ufficiale della Guinea equatoriale, lingua co-ufficiale della lingua cantonese e      cinese nella Regione Amministrativa Speciale di Macau e infine, co-ufficiale della lingua tetum a Timor Est. In Uruguay      l\u2019insegnamento del portoghese \u00e8 obbligatorio nelle scuole.<\/li>\n<li>La      lingua portoghese venne definita da Miguel Cervantes, scrittore spagnolo, <em>\u201clingua dolce\u201d.<\/em><\/li>\n<li>Lo scrittore brasiliano Olavo Bilac ha      descritto la lingua portoghese come <em>\u201cl\u2019ultimo fiore del Lazio, incolta      e bella\u201d. <\/em><em> <\/em><\/li>\n<\/ul>\n<\/td>\n<\/tr>\n<\/tbody>\n<\/table>\n","protected":false},"excerpt":{"rendered":"<p>Perch\u00e9 imparare il Portoghese? La lingua portoghese \u00e8 parlata da pi\u00f9 di 200 milioni di persone al mondo. Occupa il 6\u00ba posto nella classifica delle lingue pi\u00f9 parlate. Il portoghese \u00e8 la lingua maggiormente diffusa in America Latina, poich\u00e9 \u00e8 parlata dall\u2019intera popolazione brasiliana. La lingua portoghese \u00e8 stata dichiarata lingua franca nelle ex-colonie portoghesi [&hellip;]<\/p>\n","protected":false},"author":2,"featured_media":229,"parent":839,"menu_order":8,"comment_status":"closed","ping_status":"closed","template":"","meta":{"footnotes":"","_links_to":"","_links_to_target":""},"_links":{"self":[{"href":"https:\/\/seelearningcenter.pt\/it\/wp-json\/wp\/v2\/pages\/789"}],"collection":[{"href":"https:\/\/seelearningcenter.pt\/it\/wp-json\/wp\/v2\/pages"}],"about":[{"href":"https:\/\/seelearningcenter.pt\/it\/wp-json\/wp\/v2\/types\/page"}],"author":[{"embeddable":true,"href":"https:\/\/seelearningcenter.pt\/it\/wp-json\/wp\/v2\/users\/2"}],"replies":[{"embeddable":true,"href":"https:\/\/seelearningcenter.pt\/it\/wp-json\/wp\/v2\/comments?post=789"}],"version-history":[{"count":3,"href":"https:\/\/seelearningcenter.pt\/it\/wp-json\/wp\/v2\/pages\/789\/revisions"}],"predecessor-version":[{"id":852,"href":"https:\/\/seelearningcenter.pt\/it\/wp-json\/wp\/v2\/pages\/789\/revisions\/852"}],"up":[{"embeddable":true,"href":"https:\/\/seelearningcenter.pt\/it\/wp-json\/wp\/v2\/pages\/839"}],"wp:featuredmedia":[{"embeddable":true,"href":"https:\/\/seelearningcenter.pt\/it\/wp-json\/wp\/v2\/media\/229"}],"wp:attachment":[{"href":"https:\/\/seelearningcenter.pt\/it\/wp-json\/wp\/v2\/media?parent=789"}],"curies":[{"name":"wp","href":"https:\/\/api.w.org\/{rel}","templated":true}]}}