{"id":1709,"date":"2010-09-11T07:18:11","date_gmt":"2010-09-11T11:18:11","guid":{"rendered":"http:\/\/seelearningcenter.pt\/"},"modified":"2010-09-18T15:56:47","modified_gmt":"2010-09-18T19:56:47","slug":"faqs","status":"publish","type":"page","link":"https:\/\/seelearningcenter.pt\/it\/apprendimento-portoghese\/faqs\/","title":{"rendered":"FAQs"},"content":{"rendered":"<div class=\"faq_question\">\n<h4>Quanti studenti ci sono per classe?<\/h4>\n<p>Le classi sono formate al massimo da 8 alunni, affinch\u00e9 ogni studente sia seguito in maniera personalizzata dal professore.<\/p>\n<\/div>\n<div class=\"faq_question\">\n<h4>Quanti livelli ci sono?<\/h4>\n<p>Esistono 6 livelli che vanno dal Principiante all\u2019Avanzato .<\/p>\n<\/div>\n<div class=\"faq_question\">\n<h4>Dove si trova il See Learning Center?<\/h4>\n<p>La See Learning Center \u00e8 situata all\u2019uscita della stazione della metropolitana di Alfornelos, un quartiere residenziale in una zona adiacente a Lisbona (Grande Lisbona).<br \/>\nDispone di aule moderne, confortevoli e ben attrezzate.<\/p>\n<\/div>\n<div class=\"faq_question\">\n<h4>Quando cominciano i corsi?<\/h4>\n<p>Tutti i luned\u00ec, esclusi i periodi di vacanza e i giorni festivi.<\/p>\n<\/div>\n<div class=\"faq_question\">\n<h4>Come mi posso iscrivere?<\/h4>\n<p>Innanzitutto, \u00e8 necessario compilare la domanda di candidatura e procedere al pagamento della quota di iscrizione. In seguito, ti sar\u00e0 inviata una lettera di conferma dell\u2019iscrizione e le istruzioni per le successive condizioni di pagamento, che dovr\u00e0 essere effettuato almeno 4 settimane prima dell\u2019inizio del corso. Non sar\u00e0 possibile iniziare il corso senza aver prima versato la quota totale del pagamento.<\/p>\n<\/div>\n<div class=\"faq_question\">\n<h4>\u00c8 necessario il visto?<\/h4>\n<p>Gli alunni provenienti dagli stati membri dell\u2019Unione Europea non hanno bisogno di visto per entrare in Portogallo. Gli alunni che provengono, invece, dagli stati non-membri dell\u2019Unione Europea dovranno informarsi presso l\u2019Ambasciata o il Consolato portoghese pi\u00f9 vicino a loro, per sapere quali sono le modalit\u00e0 da seguire per ottenere un visto per motivi di studio. \u00c9 responsabilit\u00e0 di ogni studente assicurarsi di ottenere il visto adeguato alla propria permanenza in Portogallo durante il periodo delle lezioni. La See Learning Center assicura l\u2019invio della Lettera di Conferma dell\u2019iscrizione a tutti gli alunni che ne faranno richiesta, nel caso sia necessaria ad ottenere il visto di studio.<\/p>\n<\/div>\n<div class=\"faq_question\">\n<h4>Cosa succede se la mia richiesta di visto viene rifiutata?<\/h4>\n<p>In questo caso, dovrai inviarci una copia autenticata della lettera di rifiuto emessa dal Consolato portoghese dove hai fatto richiesta del visto e la Lettera di Conferma dell\u2019iscrizione, in modo da poter procedere al rimborso totale di tutti i versamenti effettuati fino a quel momento. Tale rimborso si verificher\u00e0 solo nel caso in cui la rinuncia venga comunicata almeno 14 giorni prima dell\u2019inizio del corso.<br \/>\nSe la richiesta di rinuncia viene comunicata successivamente al limite sopra indicato, sar\u00e0 necessario pagare una multa.<\/p>\n<\/div>\n<div class=\"faq_question\">\n<h4>Qual \u00e8 la regola pi\u00f9 importante alla See Learning Center?<\/h4>\n<p>Quando ci si trova all\u2019interno del centro, per facilitare l\u2019apprendimento del portoghese, non \u00e8 permesso agli studenti parlare altre lingue durante, prima e dopo le lezioni. Il primo giorno di lezione tutti gli alunni firmeranno un contratto in cui concordano di comunicare nella lingua di studio.<\/p>\n<\/div>\n<div class=\"faq_question\">\n<h4>Qual \u00e8 il tipo di sistemazione che consigliate?<\/h4>\n<p>La maggior parte degli studenti sceglie una sistemazione presso una famiglia ospitante. Il soggiorno presso una famiglia portoghese rappresenta l\u2019opzione migliore per i seguenti motivi:<br \/>\n&#8211; Praticando la lingua con la famiglia ospitante potrai imparare pi\u00f9 velocemente il portoghese.<br \/>\n&#8211; \u00c8 la soluzione pi\u00f9 economica e sicura.<br \/>\n&#8211; Questa soluzione ti permette di immergerti pi\u00f9 a fondo nella cultura portoghese e di conoscere pi\u00f9 aspetti della vita in Portogallo.<\/p>\n<\/div>\n<div class=\"faq_question\">\n<h4>Quanto tempo ci vuole per imparare il portoghese?<\/h4>\n<p>Ogni alunno \u00e8 diverso. Alcuni imparano molto velocemente, altri impiegano pi\u00f9 tempo. Se vuoi raggiungere un buon livello di conoscenza dovrai studiare almeno per 3 mesi. In media lo studio della lingua portoghese alla See Learning Center ha una durata compresa tra i 3 e i 6 mesi.<\/p>\n<\/div>\n<div class=\"faq_question\">\n<h4>Ricever\u00f2 un certificato?<\/h4>\n<p>Gli studenti dovranno assistere a tutte le lezioni, con puntualit\u00e0 e assiduit\u00e0. I professori possono rifiutarsi di far entrare un alunno in classe se arriva con pi\u00f9 di 10 minuti di ritardo. Gli studenti devono assistere ad almeno l\u201985% delle lezioni per ottenere il certificato finale.<br \/>\nSe l\u2019alunno pretende astenersi dalla frequenza di una o pi\u00f9 lezioni o per un\u2019assenza in caso di malattia, dovr\u00e0 informare la scuola del motivo dell\u2019assenza il prima possibile.<\/p>\n<\/div>\n<div class=\"faq_question\">\n<h4>Serve un\u2019assicurazione sanitaria?<\/h4>\n<p>S\u00ec. Gli studenti non sono assicurati dalla See Learning Center n\u00e9 dalla famiglia ospitante contro malattie, cure odontoiatriche o furto. La scuola declina ogni responsabilit\u00e0 nel caso si verifichi una delle situazioni sopraccitate. Gli studenti provenienti da uno degli stati membri dell\u2019Unione Europea devono essere in possesso della tessera sanitaria, mentre gli studenti provenienti da uno stato non-membro dovranno provvedere al conseguimento di un\u2019assicurazione sanitaria. Gli studenti saranno responsabili di tutte le spese relative a trattamenti medici ricevuti in Portogallo.<\/p>\n<\/div>\n<div class=\"faq_question\">\n<h4>Posso modificare il programma di apprendimento?<\/h4>\n<p>Gli studenti possono cambiare modalit\u00e0 di corso PLE nel caso ci siano ancora posti disponibili. Gli studenti che scelgono di modificare il programma di studio inizialmente scelto con un altro di costo superiore, dovranno pagare la differenza nel momento in cui richiedono l\u2019alterazione.<\/p>\n<\/div>\n<div class=\"faq_question\">\n<h4>\u00c9 possibile disporre di un regime di alimentazione speciale?<\/h4>\n<p>Alcuni studenti della See Learning Center hanno bisogno di un regime alimentare particolare per cui, nel caso sia necessario l\u2019acquisto di alimenti specifici da parte della famiglia ospitante, la See Learning Center proceder\u00e0 a coprire tali spese.<\/p>\n<\/div>\n<div class=\"faq_question\">\n<h4>Quali sono le condizioni di rinuncia dopo l\u2019inizio del corso?<\/h4>\n<p>Sar\u00e0 necessario pagare una multa di rinuncia che corrisponde al costo di una settimana di lezioni. Il valore in eccesso sar\u00e0 rimborsato. Nessuna somma riguardante i rimborsi sar\u00e0 destinata ad un altro studente. Se l\u2019alunno desidera sospendere, per motivi di ferie, la frequenza delle lezioni per un periodo di 1 o 2 settimane, dovr\u00e0 formalizzare la richiesta attraverso una nota di preavviso presentata per iscritto alla See Learning Center e con un\u2019antecedenza di almeno 2 settimane. Alla fine del corso gli studenti potranno avvalersi di un periodo di lezioni equivalente al tempo di sospensione delle stesse. Sar\u00e0 percepita una tassa amministrativa per tutti i cambiamenti che si dovessero verificare lungo la durata del corso, come concordato inizialmente.<\/p>\n<\/div>\n","protected":false},"excerpt":{"rendered":"<p>Quanti studenti ci sono per classe? Le classi sono formate al massimo da 8 alunni, affinch\u00e9 ogni studente sia seguito in maniera personalizzata dal professore. Quanti livelli ci sono? Esistono 6 livelli che vanno dal Principiante all\u2019Avanzato . Dove si trova il See Learning Center? La See Learning Center \u00e8 situata all\u2019uscita della stazione della [&hellip;]<\/p>\n","protected":false},"author":2,"featured_media":2183,"parent":839,"menu_order":20,"comment_status":"open","ping_status":"closed","template":"page-faqs.php","meta":{"footnotes":"","_links_to":"","_links_to_target":""},"_links":{"self":[{"href":"https:\/\/seelearningcenter.pt\/it\/wp-json\/wp\/v2\/pages\/1709"}],"collection":[{"href":"https:\/\/seelearningcenter.pt\/it\/wp-json\/wp\/v2\/pages"}],"about":[{"href":"https:\/\/seelearningcenter.pt\/it\/wp-json\/wp\/v2\/types\/page"}],"author":[{"embeddable":true,"href":"https:\/\/seelearningcenter.pt\/it\/wp-json\/wp\/v2\/users\/2"}],"replies":[{"embeddable":true,"href":"https:\/\/seelearningcenter.pt\/it\/wp-json\/wp\/v2\/comments?post=1709"}],"version-history":[{"count":2,"href":"https:\/\/seelearningcenter.pt\/it\/wp-json\/wp\/v2\/pages\/1709\/revisions"}],"predecessor-version":[{"id":2321,"href":"https:\/\/seelearningcenter.pt\/it\/wp-json\/wp\/v2\/pages\/1709\/revisions\/2321"}],"up":[{"embeddable":true,"href":"https:\/\/seelearningcenter.pt\/it\/wp-json\/wp\/v2\/pages\/839"}],"wp:featuredmedia":[{"embeddable":true,"href":"https:\/\/seelearningcenter.pt\/it\/wp-json\/wp\/v2\/media\/2183"}],"wp:attachment":[{"href":"https:\/\/seelearningcenter.pt\/it\/wp-json\/wp\/v2\/media?parent=1709"}],"curies":[{"name":"wp","href":"https:\/\/api.w.org\/{rel}","templated":true}]}}