{"id":803,"date":"2010-07-05T17:48:13","date_gmt":"2010-07-05T21:48:13","guid":{"rendered":"http:\/\/seelearningcenter.pt\/"},"modified":"2010-10-17T15:42:17","modified_gmt":"2010-10-17T19:42:17","slug":"pourqoi-apprendre-le-portugais-au-see-learning-center","status":"publish","type":"page","link":"https:\/\/seelearningcenter.pt\/fr\/apprentissage-portugais\/pourqoi-apprendre-le-portugais-au-see-learning-center\/","title":{"rendered":"Pourquoi apprendre le portugais au See Learning Center?"},"content":{"rendered":"<table border=\"0\" cellspacing=\"0\" cellpadding=\"0\" width=\"100%\">\n<tbody>\n<tr>\n<td width=\"28%\" valign=\"top\"><img loading=\"lazy\" decoding=\"async\" src=\"http:\/\/www.seelearningcenter.pt\/images\/cursos_port_see.jpg\" alt=\"\" width=\"191\" height=\"288\" \/><\/td>\n<td width=\"2%\"><img loading=\"lazy\" decoding=\"async\" src=\"http:\/\/www.seelearningcenter.pt\/images\/transp.gif\" alt=\"\" width=\"15\" height=\"1\" \/><\/td>\n<td width=\"70%\" valign=\"top\">\n<ul>\n<li>Avec une      excellente localisation, le See Learning Center est situ\u00e9 \u00e0 Alfornelos,      dans la p\u00e9riph\u00e9rie de Lisbonne, pr\u00e8s de la zone de Benfica et Pontinha.      Permettant l\u00b4acc\u00e8s \u00e0 un large \u00e9ventail de services comme des caf\u00e9s,      restaurants, banques, cliniques et centre commercial, Alfornelos b\u00e9n\u00e9ficie      aussi d\u2019un bon r\u00e9seau de transports publics \u2013 autobus et m\u00e9tro.<\/li>\n<\/ul>\n<ul>\n<li>Alfornelos est      essentiellement un quartier r\u00e9sidentiel s\u00fbr et dynamique. Il poss\u00e8de d\u2019excellentes      liaisons routi\u00e8res avec Benfica et Amadora et il est tr\u00e8s proche de      diff\u00e9rentes gares ferroviaires.<\/li>\n<\/ul>\n<ul>\n<li>En m\u00e9tro, le      See Learning Center se trouve \u00e0 cinq minutes du Centre Commercial Colombo      et \u00e0 vingt minutes du centre de Lisbonne.<\/li>\n<\/ul>\n<ul>\n<li>Les \u00e9l\u00e8ves peuvent      b\u00e9n\u00e9ficier<\/li>\n<\/ul>\n<ul>\n<li> <a href=\"http:\/\/seelearningcenter.pt\/fr\/apprentissage-portugais\/bienvenu-a-lisbonne\/\">de la localisation de l\u2019\u00e9cole pour      explorer la ville, pour se rendre \u00e0 des \u00e9v\u00e9nements culturels, pour assister      \u00e0 des \u00e9v\u00e9nements sportifs, pour d\u00eener au restaurant et pour faire des      achats dans les magasins les plus vari\u00e9s.<\/a><\/li>\n<\/ul>\n<ul>\n<li>L\u2019\u00e9l\u00e8ve peut aussi      b\u00e9n\u00e9ficier des excursions et des activit\u00e9s culturelles hebdomadaires      organis\u00e9es par le See Learning Center.<\/li>\n<\/ul>\n<ul>\n<li>L\u2019\u00e9quipe du      See Learning Center est toujours pr\u00eate \u00e0 aider les \u00e9l\u00e8ves \u00e0 s\u2019adapter au      Portugal, \u00e0 son rythme de vie, \u00e0 la culture et \u00e0 la dynamique d\u2019\u00e9tude.<\/li>\n<\/ul>\n<ul>\n<li>Le See      Learning Center offre des cours de portugais dans une ambiance dynamique      et professionnelle.<\/li>\n<\/ul>\n<ul>\n<li>Le See      Learning Center propose des programmes pour tous les \u00e2ges\u00a0: pour les      enfants et les adolescents, pour les \u00e9tudiants universitaires et m\u00eame pour      ceux qui recherchent des cours sp\u00e9cifiques et les seniors (50+).<\/li>\n<\/ul>\n<ul>\n<li>Les \u00e9l\u00e8ves      ont \u00e0 leur disposition diff\u00e9rents programmes, pouvant opter pour celui qui      r\u00e9pond le mieux \u00e0 leurs besoins particuliers.<\/li>\n<\/ul>\n<ul>\n<li>Les      professeurs du See Learning Center \u2013 qui sont tous natifs &#8211; ont une      formation qui les qualifie pour l\u2019enseignement du portugais langue      \u00e9trang\u00e8re et seconde.<\/li>\n<\/ul>\n<ul>\n<li>Le See      Learning Center propose des cours structur\u00e9s en 6 niveaux d\u2019apprentissage.<\/li>\n<\/ul>\n<ul>\n<li>La      m\u00e9thodologie est bas\u00e9e sur le Cadre Europ\u00e9en Commun de R\u00e9f\u00e9rence pour les      Langues (CECR)<\/li>\n<\/ul>\n<ul>\n<li>Le See      Learning Center se compromet \u00e0 la pr\u00e9sence d\u2019un maximum de 8 \u00e9l\u00e8ves par      groupe, de fa\u00e7on \u00e0 offrir un meilleur accompagnement \u00e0 chacun des \u00e9l\u00e8ves.<\/li>\n<\/ul>\n<ul>\n<li>S\u00e9jour minimum d\u2019une semaine<\/li>\n<\/ul>\n<\/td>\n<\/tr>\n<\/tbody>\n<\/table>\n","protected":false},"excerpt":{"rendered":"<p>Avec une excellente localisation, le See Learning Center est situ\u00e9 \u00e0 Alfornelos, dans la p\u00e9riph\u00e9rie de Lisbonne, pr\u00e8s de la zone de Benfica et Pontinha. Permettant l\u00b4acc\u00e8s \u00e0 un large \u00e9ventail de services comme des caf\u00e9s, restaurants, banques, cliniques et centre commercial, Alfornelos b\u00e9n\u00e9ficie aussi d\u2019un bon r\u00e9seau de transports publics \u2013 autobus et m\u00e9tro. [&hellip;]<\/p>\n","protected":false},"author":2,"featured_media":235,"parent":746,"menu_order":10,"comment_status":"closed","ping_status":"closed","template":"","meta":{"footnotes":"","_links_to":"","_links_to_target":""},"_links":{"self":[{"href":"https:\/\/seelearningcenter.pt\/fr\/wp-json\/wp\/v2\/pages\/803"}],"collection":[{"href":"https:\/\/seelearningcenter.pt\/fr\/wp-json\/wp\/v2\/pages"}],"about":[{"href":"https:\/\/seelearningcenter.pt\/fr\/wp-json\/wp\/v2\/types\/page"}],"author":[{"embeddable":true,"href":"https:\/\/seelearningcenter.pt\/fr\/wp-json\/wp\/v2\/users\/2"}],"replies":[{"embeddable":true,"href":"https:\/\/seelearningcenter.pt\/fr\/wp-json\/wp\/v2\/comments?post=803"}],"version-history":[{"count":7,"href":"https:\/\/seelearningcenter.pt\/fr\/wp-json\/wp\/v2\/pages\/803\/revisions"}],"predecessor-version":[{"id":2987,"href":"https:\/\/seelearningcenter.pt\/fr\/wp-json\/wp\/v2\/pages\/803\/revisions\/2987"}],"up":[{"embeddable":true,"href":"https:\/\/seelearningcenter.pt\/fr\/wp-json\/wp\/v2\/pages\/746"}],"wp:featuredmedia":[{"embeddable":true,"href":"https:\/\/seelearningcenter.pt\/fr\/wp-json\/wp\/v2\/media\/235"}],"wp:attachment":[{"href":"https:\/\/seelearningcenter.pt\/fr\/wp-json\/wp\/v2\/media?parent=803"}],"curies":[{"name":"wp","href":"https:\/\/api.w.org\/{rel}","templated":true}]}}