{"id":779,"date":"2010-07-05T17:30:11","date_gmt":"2010-07-05T21:30:11","guid":{"rendered":"http:\/\/seelearningcenter.pt\/"},"modified":"2010-10-13T10:41:15","modified_gmt":"2010-10-13T14:41:15","slug":"pourquoi-apprendre-le-portugais","status":"publish","type":"page","link":"https:\/\/seelearningcenter.pt\/fr\/apprentissage-portugais\/pourquoi-apprendre-le-portugais\/","title":{"rendered":"Pourquoi apprendre le portugais ?"},"content":{"rendered":"<table border=\"0\" cellspacing=\"0\" cellpadding=\"0\" width=\"100%\">\n<tbody>\n<tr>\n<td width=\"28%\" valign=\"top\"><img loading=\"lazy\" decoding=\"async\" src=\"http:\/\/www.seelearningcenter.pt\/images\/cursos_portugues1.jpg\" alt=\"\" width=\"191\" height=\"288\" \/><\/td>\n<td width=\"2%\"><img loading=\"lazy\" decoding=\"async\" src=\"http:\/\/www.seelearningcenter.pt\/images\/transp.gif\" alt=\"\" width=\"15\" height=\"1\" \/><\/td>\n<td width=\"70%\" valign=\"top\"><strong><em><span style=\"text-decoration: underline;\">Pourquoi apprendre le portugais ?<\/span><\/em><\/strong><\/p>\n<ul>\n<li>Le portugais est parl\u00e9 par plus de 200 millions de personnes dans le monde entier<\/li>\n<li>Il occupe la sixi\u00e8me place dans le classement des langues maternelles les plus parl\u00e9es<\/li>\n<li>Le portugais est la langue qui a conquis le plus grand nombre de personnes en Am\u00e9rique Latine, parl\u00e9e par presque toute la population du Br\u00e9sil<\/li>\n<li>Le portugais s\u2019assume comme la <em>lingua franca<\/em> la plus importante dans les ex-colonies portugaises en Afrique<\/li>\n<li>Le portugais est la langue officielle de 9 pays<\/li>\n<li>Le portugais est parl\u00e9 par une ample communaut\u00e9 d\u2019\u00e9migrants lusophones, qui se trouve en Am\u00e9rique du Nord, particuli\u00e8rement au Canada (Ontario) et aux \u00c9tats-Unis (New Jersey, Nouvelle Angleterre et Floride du Sud)<\/li>\n<li>Il existe \u00e9galement de nombreuses communaut\u00e9s d\u2019\u00e9migrants portugais dans des pays comme le Venezuela et l\u2019Afrique du Sud mais aussi dans des pays europ\u00e9ens comme la Suisse ou la France<\/li>\n<li>Le portugais est, avec l\u2019espagnol et le fran\u00e7ais, langue officielle dans des pays comme la Guin\u00e9e \u00c9quatoriale. Il est aussi langue co-officielle \u00e0 Macao (avec le cantonais et le mandarin) et \u00e0 Timor (avec le t\u00e9tum). En Uruguay, l\u2019enseignement du portugais est obligatoire dans les \u00e9coles<\/li>\n<li>Le portugais a \u00e9t\u00e9 d\u00e9sign\u00e9 par Miguel Cervant\u00e8s, \u00e9crivain espagnol, comme <em>\u00ab\u00a0langue douce\u00a0\u00bb<\/em><\/li>\n<li>L\u2019\u00e9crivain br\u00e9silien Olavo Bilac a d\u00e9crit le portugais comme <em>\u00ab\u00a0la derni\u00e8re fleur du Latium, inculte et belle\u00a0\u00bb<\/em><\/li>\n<\/ul>\n<\/td>\n<\/tr>\n<\/tbody>\n<\/table>\n","protected":false},"excerpt":{"rendered":"<p>Pourquoi apprendre le portugais ? Le portugais est parl\u00e9 par plus de 200 millions de personnes dans le monde entier Il occupe la sixi\u00e8me place dans le classement des langues maternelles les plus parl\u00e9es Le portugais est la langue qui a conquis le plus grand nombre de personnes en Am\u00e9rique Latine, parl\u00e9e par presque toute [&hellip;]<\/p>\n","protected":false},"author":2,"featured_media":229,"parent":746,"menu_order":8,"comment_status":"closed","ping_status":"closed","template":"","meta":{"footnotes":"","_links_to":"","_links_to_target":""},"_links":{"self":[{"href":"https:\/\/seelearningcenter.pt\/fr\/wp-json\/wp\/v2\/pages\/779"}],"collection":[{"href":"https:\/\/seelearningcenter.pt\/fr\/wp-json\/wp\/v2\/pages"}],"about":[{"href":"https:\/\/seelearningcenter.pt\/fr\/wp-json\/wp\/v2\/types\/page"}],"author":[{"embeddable":true,"href":"https:\/\/seelearningcenter.pt\/fr\/wp-json\/wp\/v2\/users\/2"}],"replies":[{"embeddable":true,"href":"https:\/\/seelearningcenter.pt\/fr\/wp-json\/wp\/v2\/comments?post=779"}],"version-history":[{"count":7,"href":"https:\/\/seelearningcenter.pt\/fr\/wp-json\/wp\/v2\/pages\/779\/revisions"}],"predecessor-version":[{"id":876,"href":"https:\/\/seelearningcenter.pt\/fr\/wp-json\/wp\/v2\/pages\/779\/revisions\/876"}],"up":[{"embeddable":true,"href":"https:\/\/seelearningcenter.pt\/fr\/wp-json\/wp\/v2\/pages\/746"}],"wp:featuredmedia":[{"embeddable":true,"href":"https:\/\/seelearningcenter.pt\/fr\/wp-json\/wp\/v2\/media\/229"}],"wp:attachment":[{"href":"https:\/\/seelearningcenter.pt\/fr\/wp-json\/wp\/v2\/media?parent=779"}],"curies":[{"name":"wp","href":"https:\/\/api.w.org\/{rel}","templated":true}]}}