{"id":712,"date":"2010-07-05T16:17:23","date_gmt":"2010-07-05T20:17:23","guid":{"rendered":"http:\/\/seelearningcenter.pt\/"},"modified":"2010-09-24T08:59:06","modified_gmt":"2010-09-24T12:59:06","slug":"cours-de-portugais-pour-etrangers-see","status":"publish","type":"page","link":"https:\/\/seelearningcenter.pt\/fr\/apprentissage-portugais\/cours-de-portugais-pour-etrangers-see\/","title":{"rendered":"Cours de Portugais Pour \u00e9trangers SEE"},"content":{"rendered":"<p>Le portugais est une langue romane tr\u00e8s ancienne, d\u00e9riv\u00e9e du latin mais avec beaucoup d&rsquo;influences d&rsquo;autres cultures. D\u00fb \u00e0 l&rsquo;occupation mauresque de la P\u00e9ninsule Ib\u00e9rique durant le Moyen-\u00c2ge et \u00e0 la participation du Portugal dans les D\u00e9couvertes, cette langue a acquis des mots originaires de plusieurs langues du monde, devenant ainsi une langue unique. C&rsquo;est la 6<sup>e<\/sup> langue la plus parl\u00e9e au monde. C&rsquo;est aussi la langue officielle de 9 pays. Elle est pr\u00e9sente dans plusieurs autres pays, o\u00f9 elle a influenc\u00e9 les langues locales ou est parl\u00e9e par des communaut\u00e9s portugaises. Profitez de l&rsquo;opportunit\u00e9 des Cours de Portugais See Learning Center au Portugal et apprenez l&rsquo;une des langues les plus fascinantes pendant que vous vous trouvez et vivez dans une ambiance portugaise !<\/p>\n<p><strong><em><span style=\"text-decoration: underline;\"> <\/span><\/em><\/strong><br \/>\n<strong><em>Informations<\/em><\/strong><\/p>\n<ul>\n<li><strong>\u00c2ge:<\/strong> +18 ans<\/li>\n<li><strong>Salle d&rsquo;informatique: <\/strong>Acc\u00e8s libre \u00e0 Internet<strong> <\/strong><\/li>\n<li><strong>Nombre d&rsquo;\u00e9l\u00e8ves:<\/strong> max. 8 \u00e9l\u00e8ves par cours<\/li>\n<li><strong>Niveaux: <\/strong>\u00e9l\u00e9mentaire \u00e0 avanc\u00e9<\/li>\n<li><strong>Programme d&rsquo;activit\u00e9s<\/strong><\/li>\n<li><strong>Logement:<\/strong> Famille d&rsquo;accueil ou H\u00f4tel<\/li>\n<\/ul>\n<p><strong> <\/strong><\/p>\n<p><strong><span style=\"text-decoration: underline;\">Cours <\/span><\/strong><a id=\"1\" name=\"1\"><\/a><\/p>\n<ul>\n<li>Cours See de Portugais G\u00e9n\u00e9ral<\/li>\n<li>Cours See de Portugais Intensif<\/li>\n<li>Cours See de Portugais Individuel<\/li>\n<li>Cours See de Portugais Commercial<\/li>\n<li>Cours See de Portugais 50+<\/li>\n<\/ul>\n<p><img loading=\"lazy\" decoding=\"async\" class=\"alignleft size-full wp-image-722\" title=\"photo1\" src=\"http:\/\/seelearningcenter.pt\/wp-content\/uploads\/2010\/07\/photo1.jpg\" alt=\"\" width=\"189\" height=\"164\" \/> <img loading=\"lazy\" decoding=\"async\" class=\"size-full wp-image-723 alignleft\" title=\"photo2\" src=\"http:\/\/seelearningcenter.pt\/wp-content\/uploads\/2010\/07\/photo2.jpg\" alt=\"\" width=\"216\" height=\"162\" \/><\/p>\n<p><strong><em><span style=\"text-decoration: underline;\"><br \/>\n<\/span><\/em><\/strong><\/p>\n<p><strong><em><span style=\"text-decoration: underline;\"> Cours See de Portugais G\u00e9n\u00e9ral <\/span><\/em><\/strong><a id=\"2\" name=\"2\"><\/a><\/p>\n<p>Avec trois heures de cours par jour, le Cours See de Portugais G\u00e9n\u00e9ral vous permet d&rsquo;avoir le temps suffisant pour d\u00e9couvrir la ville de Lisbonne et les alentours. Chaque niveau est compos\u00e9 de 4 semaines. Chaque cours a un maximum de 8 \u00e9l\u00e8ves de mani\u00e8re \u00e0 offrir attention et enseignement individualis\u00e9s. Combinez votre cours de Portugais avec un programme de complet de visites et profitez au maximum de votre s\u00e9jour au Portugal !<\/p>\n<p><img loading=\"lazy\" decoding=\"async\" src=\"http:\/\/www.seelearningcenter.pt\/images\/cursos_portugues4.jpg\" alt=\"\" width=\"288\" height=\"191\" \/><\/p>\n<p><strong><em><span style=\"text-decoration: underline;\">Cours See de Portugais Intensif<\/span><\/em><\/strong><a id=\"3\" name=\"3\"><\/a><\/p>\n<p>Si votre objectif d&rsquo;apprendre le maximum durant votre s\u00e9jour, le Cours See de Portugais Intensif est id\u00e9al pour vous. Avec 25 heures par semaine, ce cours se combine avec le Cours See de Portugais G\u00e9n\u00e9ral avec deux heures extra par jour, vous permettant d&rsquo;apprendre plus et de continuer \u00e0 avoir du temps libre pour explorer le Portugal. Chaque cours a un maximum de 8 \u00e9l\u00e8ves afin d&rsquo;offrir attention et enseignement individualis\u00e9s. Disponible seulement de juin \u00e0 septembre.<\/p>\n<table border=\"0\" cellspacing=\"0\" cellpadding=\"0\" width=\"100%\">\n<tbody>\n<tr>\n<td width=\"28%\"><\/td>\n<td width=\"2%\"><img loading=\"lazy\" decoding=\"async\" src=\"http:\/\/www.seelearningcenter.pt\/images\/transp.gif\" alt=\"\" width=\"15\" height=\"1\" \/><\/td>\n<\/tr>\n<\/tbody>\n<\/table>\n<p><a name=\"3\"><strong><em><span style=\"text-decoration: underline;\"> <\/span><\/em><\/strong><\/a><strong><em><span style=\"text-decoration: underline;\">Cours See de Portugais Individuel <\/span><\/em><\/strong><a name=\"4\"><\/a><\/p>\n<p><img loading=\"lazy\" decoding=\"async\" class=\"alignleft\" src=\"http:\/\/www.seelearningcenter.pt\/images\/cursos_portugues5.jpg\" alt=\"\" width=\"174\" height=\"262\" \/>Le Cours See de Portugais Individuel vous donne l&rsquo;opportunit\u00e9 d&rsquo;apprendre cette langue rapidement et intensivement, selon votre propre rythme et suivant vos besoins personnels. L&rsquo;enseignement individuel permet des cours flexibles, adapt\u00e9s \u00e0 votre emploi, \u00e9tudes, culture ou curiosit\u00e9 \u2013 vos besoins sont la priorit\u00e9 du professeur. Vous \u00eates invit\u00e9 \u00e0 amener votre propre mat\u00e9riel si vous le d\u00e9sirez. Ayez autant de cours individuels que vous le souhaitez et commencez quand vous voulez !<\/p>\n<p>Combinez un Cours See de Portugais G\u00e9n\u00e9ral avec un Cours See de Portugais Individuel et voyez votre portugais \u00e9voluer !<\/p>\n<p><img loading=\"lazy\" decoding=\"async\" src=\"http:\/\/www.seelearningcenter.pt\/images\/transp.gif\" alt=\"\" width=\"15\" height=\"1\" \/><!--more--><\/p>\n<p><strong><em><span style=\"text-decoration: underline;\">Cours See de Portugais Professionnel<\/span><\/em><\/strong><a id=\"5\" name=\"5\"><\/a><\/p>\n<p>Si votre d\u00e9sir est de d\u00e9velopper vos connaissances du portugais dans le contexte d&rsquo;un domaine sp\u00e9cifique, le Cours See de Portugais Professionnel est l&rsquo;opportunit\u00e9 id\u00e9ale pour vous. Ce cours d\u00e9veloppe le vocabulaire de l&rsquo;\u00e9l\u00e8ve, en se focalisant sur la pratique de l&rsquo;oralit\u00e9 et de l&rsquo;\u00e9crit. Quelle que soit votre domaine de sp\u00e9cialisation \u2013 m\u00e9decine, gestion, tourisme, ing\u00e9nierie, infirmerie, droit, assurances, informatique, traduction ou interpr\u00e9tation, enseignement\u2026 &#8211; See Learning Center offre des cours intensifs adapt\u00e9s \u00e0 vos besoins. Les cours peuvent \u00eatre individuels, en petits groupes ou combin\u00e9s, suivant vos besoins et votre disponibilit\u00e9.<strong><em> <\/em><\/strong><\/p>\n<p><strong><em><span style=\"text-decoration: underline;\">Cours See d&rsquo;Entra\u00eenement pour Professeurs de Portugais<\/span><\/em><\/strong><a id=\"6\" name=\"6\"><\/a><\/p>\n<p>Ce cours est sp\u00e9cialement con\u00e7u pour des professeurs natifs ou non natifs de Portugais Langue \u00c9trang\u00e8re, au Portugal ou \u00e0 l&rsquo;\u00e9tranger. <img loading=\"lazy\" decoding=\"async\" class=\"alignleft\" src=\"http:\/\/www.seelearningcenter.pt\/images\/cursos_portugues6.jpg\" alt=\"\" width=\"288\" height=\"191\" \/> <img loading=\"lazy\" decoding=\"async\" src=\"http:\/\/www.seelearningcenter.pt\/images\/transp.gif\" alt=\"\" width=\"15\" height=\"1\" \/>Ce cours comprend des travaux pratiques, des activit\u00e9s communicatives, des d\u00e9monstrations, des r\u00e9flexions et des discussions. Des connaissances et des techniques pratiques seront pr\u00e9sent\u00e9es, menant \u00e0 une exp\u00e9rience d&rsquo;apprentissage compl\u00e8te et agr\u00e9able qui vous permettra d&rsquo;\u00e9valuer, de discuter et de les appliquer imm\u00e9diatement dans des situations r\u00e9elles.<\/p>\n<p>Vous pouvez b\u00e9n\u00e9ficier d&rsquo;un programme social d&rsquo;activit\u00e9s en fin d&rsquo;apr\u00e8s-midi et d&rsquo;excursions (demi-journ\u00e9e ou journ\u00e9e enti\u00e8re) pendant le week-end, en vous permettant de mieux tirer parti de votre s\u00e9jour.<\/p>\n<p>C&rsquo;est un cours de deux semaines qui comprend 60 heures organis\u00e9es suivant les demandes, pour un  minimum de 4 \u00e9l\u00e8ves.<\/p>\n<p><strong><em><span style=\"text-decoration: underline;\">Cours See Light de Portugais<\/span><\/em><\/strong><a id=\"7\" name=\"7\"><\/a><\/p>\n<p>Ce cours est sp\u00e9cialement con\u00e7u pour des \u00e9l\u00e8ves qui \u00e9tudient ou travaillent mais qui veulent apprendre le portugais de mani\u00e8re r\u00e9guli\u00e8re. Choisissez l&rsquo;horaire qui vous convient le mieux et d\u00e9veloppez vos connaissances de la langue \u2013 capacit\u00e9 de communication, lecture, \u00e9criture, compr\u00e9hension et expression orale, grammaire et vocabulaire.<\/p>\n<p><strong><em><span style=\"text-decoration: underline;\">Cours See Flex<\/span><\/em><\/strong><strong><em> <\/em><\/strong><strong><em>NOUVEAU!<\/em><\/strong><strong><em> <\/em><\/strong><a id=\"8\" name=\"8\"><\/a><\/p>\n<table border=\"0\" cellspacing=\"0\" cellpadding=\"0\" width=\"100%\">\n<tbody>\n<tr>\n<td width=\"28%\" valign=\"middle\"><img loading=\"lazy\" decoding=\"async\" src=\"http:\/\/www.seelearningcenter.pt\/images\/cursos_portugues7.jpg\" alt=\"\" width=\"288\" height=\"191\" \/><\/td>\n<td width=\"2%\" valign=\"middle\"><img loading=\"lazy\" decoding=\"async\" src=\"http:\/\/www.seelearningcenter.pt\/images\/transp.gif\" alt=\"\" width=\"15\" height=\"1\" \/><\/td>\n<td width=\"70%\" valign=\"middle\">Le Cours See Flex vous permet de choisir votre horaire et de  l&rsquo;alt\u00e9rer si n\u00e9cessaire, pour ne pas manquer \u00e0 des le\u00e7ons \u2013 matin,  apr\u00e8s-midi ou fin d&rsquo;apr\u00e8s-midi.<\/p>\n<p>Le cours peut \u00eatre interrompu et repris plus tard. Les cours sont adapt\u00e9s \u00e0 chaque groupe suivant ses besoins sp\u00e9cifiques !<\/p>\n<p><strong><em>Si vous voulez parler le portugais d\u00e8s le premier jour, inscrivez-vous au <\/em><\/strong><strong><em>SEE LEARNING CENTER!<\/em><\/strong><\/td>\n<\/tr>\n<\/tbody>\n<\/table>\n<p><span style=\"text-decoration: underline;\"><em><strong><strong>Cours SEE Portugais +<\/strong><\/strong><\/em><\/span><a id=\"9\" name=\"9\"><\/a><strong> <\/strong><strong> <\/strong><br \/>\nLe See Learning Center vous offre des le\u00e7ons individuelles dans nos  installations, sur votre lieu de travail, chez vous ou dans tout autre  endroit choisi par vous. Le nombre de le\u00e7ons et l&rsquo;horaire peuvent varier  suivant vos besoins.<\/p>\n<p><strong><em><span style=\"text-decoration: underline;\">Cours See Portugais sp\u00e9cial Braille<\/span><\/em><\/strong><a name=\"10\"><\/a><\/p>\n<table border=\"0\" cellspacing=\"0\" cellpadding=\"0\" width=\"100%\">\n<tbody>\n<tr>\n<td width=\"28%\" valign=\"middle\"><img loading=\"lazy\" decoding=\"async\" src=\"http:\/\/www.seelearningcenter.pt\/images\/cursos_portugues8.jpg\" alt=\"\" width=\"288\" height=\"191\" \/><\/td>\n<td width=\"2%\" valign=\"middle\"><img loading=\"lazy\" decoding=\"async\" src=\"http:\/\/www.seelearningcenter.pt\/images\/transp.gif\" alt=\"\" width=\"15\" height=\"1\" \/><\/td>\n<td width=\"70%\" valign=\"middle\">Les \u00e9l\u00e8ves aveugles ou malvoyants ont besoin d&rsquo;une attention sp\u00e9ciale et  d&rsquo;une int\u00e9gration dans des groupes normaux. Le See Learning Center  offre aux \u00e9l\u00e8ves l&rsquo;opportunit\u00e9 de faire de nouveaux amis et de  d\u00e9velopper des capacit\u00e9s sociales pendant qu&rsquo;ils apprennent la langue  portugaise.<\/p>\n<p><span style=\"color: #c70000;\"><strong><em> <\/em><\/strong><\/span><\/td>\n<\/tr>\n<\/tbody>\n<\/table>\n<p><strong><em><span style=\"text-decoration: underline;\">Club de Chat <\/span><\/em><\/strong><a id=\"11\" name=\"11\"><\/a><\/p>\n<table border=\"0\" cellspacing=\"0\" cellpadding=\"0\" width=\"100%\">\n<tbody>\n<tr>\n<td width=\"28%\" valign=\"middle\"><img loading=\"lazy\" decoding=\"async\" src=\"http:\/\/www.seelearningcenter.pt\/images\/cursos_portugues9.jpg\" alt=\"\" width=\"288\" height=\"191\" \/><\/td>\n<td width=\"2%\" valign=\"middle\"><img loading=\"lazy\" decoding=\"async\" src=\"http:\/\/www.seelearningcenter.pt\/images\/transp.gif\" alt=\"\" width=\"15\" height=\"1\" \/><\/td>\n<td width=\"70%\" valign=\"middle\">Acquerrez les connaissances essentielles pour communiquer dans des  situations du quotidien \u2013 cours de conversation, prononciation et club de chat. Maximisez votre pratique journali\u00e8re avec la communication  orale et d\u00e9veloppez votre confiance dans votre expression orale. Le club  est constitu\u00e9 de 10 le\u00e7ons par semaine. 8 \u00e9l\u00e8ves maximum par cours.<\/td>\n<\/tr>\n<\/tbody>\n<\/table>\n<p><strong><em><span style=\"text-decoration: underline;\">Niveaux<\/span><\/em><\/strong><a name=\"12\"><\/a><\/p>\n<p>Les cours See de Portugais G\u00e9n\u00e9ral comprennent 6 niveaux de 80 heures chacun:<\/p>\n<p><strong>D\u00e9butant<\/strong><strong><br \/>\n\u00c9l\u00e9mentaire<\/strong><strong><br \/>\nPr\u00e9-Interm\u00e9diaire<br \/>\n<\/strong><strong>Interm\u00e9diaire<\/strong><strong><br \/>\nPost-Interm\u00e9diaire<br \/>\nAvanc\u00e9<\/strong><\/p>\n<p><strong><em><span style=\"text-decoration: underline;\">Certificats<\/span><\/em><\/strong><a id=\"12\" name=\"12\"><\/a><\/p>\n<table border=\"0\" cellspacing=\"0\" cellpadding=\"0\" width=\"100%\">\n<tbody>\n<tr>\n<td width=\"28%\" valign=\"middle\"><img loading=\"lazy\" decoding=\"async\" src=\"http:\/\/www.seelearningcenter.pt\/images\/cursos_portugues10.jpg\" alt=\"\" width=\"288\" height=\"191\" \/><\/td>\n<td width=\"2%\" valign=\"middle\"><img loading=\"lazy\" decoding=\"async\" src=\"http:\/\/www.seelearningcenter.pt\/images\/transp.gif\" alt=\"\" width=\"15\" height=\"1\" \/><\/td>\n<td width=\"70%\" valign=\"middle\"><strong>Certificat de Fr\u00e9quence See<\/strong>: attribu\u00e9 \u00e0 tous les \u00e9l\u00e8ves qui fr\u00e9quentent un cours See<strong>Certificat See: <\/strong> attribu\u00e9 aux \u00e9l\u00e8ves qui ont r\u00e9ussi l\u2019examen final d\u2019un niveau.<br \/>\n<strong>Examens de Portugais Langue \u00c9trang\u00e8re: <\/strong>Ce sont des  examens organis\u00e9s et con\u00e7us par l\u2019Universit\u00e9 de Lisbonne \u00e0 des dates  sp\u00e9cifiques. Cinq niveaux sont disponibles: CIPLE, CEPLE, DIPLE, DAPLE,  DUPLE.<\/td>\n<\/tr>\n<\/tbody>\n<\/table>\n<p><strong>T\u00e9moignage<\/strong><\/p>\n<table border=\"0\" cellspacing=\"0\" cellpadding=\"0\" width=\"100%\">\n<tbody>\n<tr>\n<td width=\"28%\" valign=\"middle\"><img loading=\"lazy\" decoding=\"async\" src=\"http:\/\/www.seelearningcenter.pt\/images\/cursos_portugues11.jpg\" alt=\"\" width=\"288\" height=\"191\" \/><\/td>\n<td width=\"2%\" valign=\"middle\"><img loading=\"lazy\" decoding=\"async\" src=\"http:\/\/www.seelearningcenter.pt\/images\/transp.gif\" alt=\"\" width=\"15\" height=\"1\" \/><\/td>\n<td width=\"70%\" valign=\"middle\"><em>Parler le portugais a chang\u00e9 ma vie \u2013 auto-estime, capacit\u00e9 de  commandement, attitude dans la carri\u00e8re, succ\u00e8s, \u00e9volution personnelle,  sociale et professionnelle et opportunit\u00e9. Nous r\u00eavons tous d&rsquo;une vie  meilleure !<\/em><\/td>\n<\/tr>\n<\/tbody>\n<\/table>\n<p><strong>Stefano et Elisabetta<\/strong><\/p>\n<table border=\"0\" cellspacing=\"0\" cellpadding=\"0\" width=\"100%\">\n<tbody>\n<tr>\n<td width=\"28%\" valign=\"top\"><img loading=\"lazy\" decoding=\"async\" src=\"http:\/\/www.seelearningcenter.pt\/images\/cursos_portugues12.jpg\" alt=\"\" width=\"288\" height=\"191\" \/><\/td>\n<td width=\"2%\" valign=\"middle\"><img loading=\"lazy\" decoding=\"async\" src=\"http:\/\/www.seelearningcenter.pt\/images\/transp.gif\" alt=\"\" width=\"15\" height=\"1\" \/><\/td>\n<td width=\"70%\" valign=\"middle\"><em>Salut ! Nous sommes Stefano et Elisabetta, un couple italien. Nous  voulions travailler comme infirmiers en Angola mais nous ne savions pas  le portugais. Alors nous avons pens\u00e9 : \u00ab Que pouvons-nous faire ? \u00bb \u00ab  Nous allons \u00e0 Lisbonne, ville lumi\u00e8re, o\u00f9 passe le fleuve au c\u0153ur  d&rsquo;argent. \u00bb Nous avons un ami \u00e0 Lisbonne qui vit \u00e0 Alfornelos. C&rsquo;est une  partie de la ville populaire mais tranquille et bien desservie en  transports et services : il y a le m\u00e9tro, des autobus, des banques, la  poste, des supermarch\u00e9s\u2026 Notre ami a trouv\u00e9 une \u00e9cole de langues : Le  See Learning Center ! Nous avons eu une professeure tr\u00e8s bien pr\u00e9par\u00e9e  qui est arriv\u00e9e \u00e0 nous enseigner la langue portugaise en combinant des  le\u00e7ons de grammaire avec sa passion pour le fado et pour d&rsquo;autres  musiques, en nous conseillant des films et des livres, en d\u00e9ambulant en   ville \u00e0 la recherche d&rsquo;endroits pour d\u00e9guster la cuisine portugaise.  Nous avons d\u00e9couvert la Lisbonne du quotidien qui nous a re\u00e7us et nous a  \u00e9treints dans ses rues, avec ses parfums. Nous avons pu contempler le  Tage pendant que nous buvions un espresso, un caf\u00e9 au lait ou peut-\u00eatre  une bi\u00e8re pression. <\/em><\/td>\n<\/tr>\n<\/tbody>\n<\/table>\n<p><em> <\/em><\/p>\n<p><strong><em><span style=\"text-decoration: underline;\"> <\/span><\/em><\/strong><\/p>\n<p><strong><em><span style=\"text-decoration: underline;\">Programme d&rsquo;activit\u00e9s et excursions <a id=\"15\" name=\"15\"><\/a> <\/span><\/em><\/strong><\/p>\n<p><strong><em> <\/em><\/strong><\/p>\n<p><img loading=\"lazy\" decoding=\"async\" class=\"alignleft\" src=\"http:\/\/www.seelearningcenter.pt\/images\/cursos_portugues15.jpg\" alt=\"\" width=\"191\" height=\"288\" \/> <img loading=\"lazy\" decoding=\"async\" src=\"http:\/\/www.seelearningcenter.pt\/images\/transp.gif\" alt=\"\" width=\"15\" height=\"1\" \/>Vous pouvez profiter de votre temps libre au maximum, en participant au programme d&rsquo;activit\u00e9s et excursions du See Learning Center. Parcourez la <em>Baixa<\/em> (centre-ville) color\u00e9e de Lisbonne, explorez les magasins de la Rua Augusta, visitez les monuments du temps des D\u00e9couvertes, d\u00e9tendez-vous dans le Parc des Nations et \u00e9merveillez-vous avec l&rsquo;histoire du Portugal pr\u00e9sente dans les mus\u00e9es.<\/p>\n<p><img loading=\"lazy\" decoding=\"async\" src=\"http:\/\/www.seelearningcenter.pt\/images\/cursos_portugues16.jpg\" alt=\"\" width=\"230\" height=\"153\" \/><img loading=\"lazy\" decoding=\"async\" src=\"http:\/\/www.seelearningcenter.pt\/images\/cursos_portugues17.jpg\" alt=\"\" width=\"230\" height=\"153\" \/><\/p>\n<table border=\"0\" cellspacing=\"0\" cellpadding=\"0\" width=\"100%\">\n<tbody>\n<tr>\n<td width=\"28%\"><\/td>\n<td width=\"2%\"><img loading=\"lazy\" decoding=\"async\" src=\"http:\/\/www.seelearningcenter.pt\/images\/transp.gif\" alt=\"\" width=\"15\" height=\"1\" \/><\/td>\n<td width=\"70%\"><\/td>\n<\/tr>\n<\/tbody>\n<\/table>\n<p><strong> <\/strong><\/p>\n<p><strong> <\/strong><\/p>\n<div id=\"_mcePaste\" style=\"position: absolute; left: -10000px; top: 2082px; width: 1px; height: 1px; overflow: hidden;\">&lt;strong&gt;Stefano et Elisabetta&lt;\/strong&gt;<\/div>\n","protected":false},"excerpt":{"rendered":"<p>Le portugais est une langue romane tr\u00e8s ancienne, d\u00e9riv\u00e9e du latin mais avec beaucoup d&rsquo;influences d&rsquo;autres cultures. D\u00fb \u00e0 l&rsquo;occupation mauresque de la P\u00e9ninsule Ib\u00e9rique durant le Moyen-\u00c2ge et \u00e0 la participation du Portugal dans les D\u00e9couvertes, cette langue a acquis des mots originaires de plusieurs langues du monde, devenant ainsi une langue unique. C&rsquo;est [&hellip;]<\/p>\n","protected":false},"author":2,"featured_media":232,"parent":746,"menu_order":2,"comment_status":"open","ping_status":"closed","template":"page-portuguese_courses.php","meta":{"footnotes":"","_links_to":"","_links_to_target":""},"_links":{"self":[{"href":"https:\/\/seelearningcenter.pt\/fr\/wp-json\/wp\/v2\/pages\/712"}],"collection":[{"href":"https:\/\/seelearningcenter.pt\/fr\/wp-json\/wp\/v2\/pages"}],"about":[{"href":"https:\/\/seelearningcenter.pt\/fr\/wp-json\/wp\/v2\/types\/page"}],"author":[{"embeddable":true,"href":"https:\/\/seelearningcenter.pt\/fr\/wp-json\/wp\/v2\/users\/2"}],"replies":[{"embeddable":true,"href":"https:\/\/seelearningcenter.pt\/fr\/wp-json\/wp\/v2\/comments?post=712"}],"version-history":[{"count":81,"href":"https:\/\/seelearningcenter.pt\/fr\/wp-json\/wp\/v2\/pages\/712\/revisions"}],"predecessor-version":[{"id":728,"href":"https:\/\/seelearningcenter.pt\/fr\/wp-json\/wp\/v2\/pages\/712\/revisions\/728"}],"up":[{"embeddable":true,"href":"https:\/\/seelearningcenter.pt\/fr\/wp-json\/wp\/v2\/pages\/746"}],"wp:featuredmedia":[{"embeddable":true,"href":"https:\/\/seelearningcenter.pt\/fr\/wp-json\/wp\/v2\/media\/232"}],"wp:attachment":[{"href":"https:\/\/seelearningcenter.pt\/fr\/wp-json\/wp\/v2\/media?parent=712"}],"curies":[{"name":"wp","href":"https:\/\/api.w.org\/{rel}","templated":true}]}}