{"id":2297,"date":"2010-09-18T15:44:31","date_gmt":"2010-09-18T19:44:31","guid":{"rendered":"http:\/\/seelearningcenter.pt\/"},"modified":"2010-10-17T18:26:20","modified_gmt":"2010-10-17T22:26:20","slug":"lage-dor-50","status":"publish","type":"page","link":"https:\/\/seelearningcenter.pt\/fr\/apprentissage-portugais\/lage-dor-50\/","title":{"rendered":"Le Club 50+"},"content":{"rendered":"<p><img loading=\"lazy\" decoding=\"async\" class=\"aligncenter size-medium wp-image-1375\" title=\"The Golden Age 50+\" src=\"http:\/\/seelearningcenter.pt\/wp-content\/uploads\/2010\/07\/SEE-PLE-12-300x200.jpg\" alt=\"\" width=\"300\" height=\"200\" srcset=\"https:\/\/seelearningcenter.pt\/wp-content\/uploads\/2010\/07\/SEE-PLE-12-300x200.jpg 300w, https:\/\/seelearningcenter.pt\/wp-content\/uploads\/2010\/07\/SEE-PLE-12-1024x682.jpg 1024w\" sizes=\"auto, (max-width: 300px) 100vw, 300px\" \/><\/p>\n<p>Le programme Club 50+ est une exp\u00e9rience sur mesure exceptionnelle, sp\u00e9cialement destin\u00e9e \u00e0 des \u00e9tudiants de plus de 50 ans qui aiment voyager et rencontrer de nouvelles personnes et qui ont le sens de la d\u00e9couverte et de l\u2019aventure. Ce cours inclut le logement dans des familles d\u2019accueil et 20 heures de cours de langue portugaise par semaine o\u00f9 la conversation sera particuli\u00e8rement d\u00e9velopp\u00e9e. Les activit\u00e9s ont pour base la culture portugaise, y compris les coutumes, l\u2019histoire et l\u2019art. Ce cours est le choix parfait pour des \u00e9tudiants matures qui d\u00e9sirent apprendre le portugais lors de leur visite du Portugal.<\/p>\n<p><strong>SEE Club de Portugais 50+ <\/strong><\/p>\n<ul>\n<li>Vous d\u00e9couvrirez l\u2019histoire profonde et intrigante de Lisbonne<\/li>\n<li>Vous plongerez dans la culture portugaise en vivant dans une famille d\u2019accueil<\/li>\n<li>Vous apprendrez le portugais en petit groupe, de mani\u00e8re remarquable et motivante<\/li>\n<li>Vous pratiquerez le portugais oral standard<\/li>\n<li>Vous combinerez l\u2019apprentissage de la langue portugaise avec sa culture<\/li>\n<li>Vous pourrez profiter des activit\u00e9s culturelles et sociales qui vous sont offertes<\/li>\n<li>Vous participerez \u00e0 des cours sp\u00e9cialis\u00e9s d\u2019histoire, d\u2019art, de politique et de culture<\/li>\n<li>Vous aurez acc\u00e8s \u00e0 des ordinateurs et au r\u00e9seau sans fil Wi-Fi<\/li>\n<li>Vous rencontrerez des personnes venant du monde entier qui partagent les m\u00eames int\u00e9r\u00eats que vous.<\/li>\n<\/ul>\n","protected":false},"excerpt":{"rendered":"<p>Le programme Club 50+ est une exp\u00e9rience sur mesure exceptionnelle, sp\u00e9cialement destin\u00e9e \u00e0 des \u00e9tudiants de plus de 50 ans qui aiment voyager et rencontrer de nouvelles personnes et qui ont le sens de la d\u00e9couverte et de l\u2019aventure. Ce cours inclut le logement dans des familles d\u2019accueil et 20 heures de cours de langue [&hellip;]<\/p>\n","protected":false},"author":2,"featured_media":2303,"parent":746,"menu_order":6,"comment_status":"open","ping_status":"closed","template":"","meta":{"footnotes":"","_links_to":"","_links_to_target":""},"class_list":["post-2297","page","type-page","status-publish","has-post-thumbnail","hentry"],"_links":{"self":[{"href":"https:\/\/seelearningcenter.pt\/fr\/wp-json\/wp\/v2\/pages\/2297","targetHints":{"allow":["GET"]}}],"collection":[{"href":"https:\/\/seelearningcenter.pt\/fr\/wp-json\/wp\/v2\/pages"}],"about":[{"href":"https:\/\/seelearningcenter.pt\/fr\/wp-json\/wp\/v2\/types\/page"}],"author":[{"embeddable":true,"href":"https:\/\/seelearningcenter.pt\/fr\/wp-json\/wp\/v2\/users\/2"}],"replies":[{"embeddable":true,"href":"https:\/\/seelearningcenter.pt\/fr\/wp-json\/wp\/v2\/comments?post=2297"}],"version-history":[{"count":6,"href":"https:\/\/seelearningcenter.pt\/fr\/wp-json\/wp\/v2\/pages\/2297\/revisions"}],"predecessor-version":[{"id":2713,"href":"https:\/\/seelearningcenter.pt\/fr\/wp-json\/wp\/v2\/pages\/2297\/revisions\/2713"}],"up":[{"embeddable":true,"href":"https:\/\/seelearningcenter.pt\/fr\/wp-json\/wp\/v2\/pages\/746"}],"wp:featuredmedia":[{"embeddable":true,"href":"https:\/\/seelearningcenter.pt\/fr\/wp-json\/wp\/v2\/media\/2303"}],"wp:attachment":[{"href":"https:\/\/seelearningcenter.pt\/fr\/wp-json\/wp\/v2\/media?parent=2297"}],"curies":[{"name":"wp","href":"https:\/\/api.w.org\/{rel}","templated":true}]}}