{"id":2264,"date":"2010-09-18T15:18:16","date_gmt":"2010-09-18T19:18:16","guid":{"rendered":"http:\/\/seelearningcenter.pt\/"},"modified":"2010-10-13T18:05:28","modified_gmt":"2010-10-13T22:05:28","slug":"jeunes-etudiants","status":"publish","type":"page","link":"https:\/\/seelearningcenter.pt\/fr\/apprentissage-portugais\/jeunes-etudiants\/","title":{"rendered":"Young Learners (Juniors)"},"content":{"rendered":"<table border=\"0\" cellspacing=\"0\" cellpadding=\"0\" width=\"690\">\n<tbody>\n<tr>\n<td width=\"290\"><img loading=\"lazy\" decoding=\"async\" title=\"Young Learners\" src=\"http:\/\/seelearningcenter.pt\/wp-content\/uploads\/2010\/06\/SEE-LEARNING-CENTER-15-quadrado.jpg\" alt=\"\" width=\"235\" height=\"235\" \/><\/td>\n<td width=\"15\"><img loading=\"lazy\" decoding=\"async\" src=\"http:\/\/www.seelearningcenter.pt\/images\/transp.gif\" alt=\"\" width=\"15\" height=\"1\" \/><\/td>\n<td width=\"387\"><strong>SEE Cours d\u2019\u00e9t\u00e9<\/strong><\/p>\n<p>Au See Learning Center, les \u00e9l\u00e8ves ont l\u2019opportunit\u00e9 d\u2019explorer Lisbonne, la ville aux mille couleurs, de se faire des amis du monde entier et d\u2019\u00eatre compl\u00e8tement immerg\u00e9s dans la culture portugaise, en \u00e9tant log\u00e9s dans une famille d\u2019accueil soigneusement s\u00e9lectionn\u00e9e.<\/p>\n<p>Le programme\u00a0 <strong>SEE Cours d\u2019\u00c9t\u00e9<\/strong> consiste en une semaine au minimum, avec un nombre maximum de 15 \u00e9l\u00e8ves par groupe. Ce cours combine 15 heures de langue portugaise par semaine le matin avec des activit\u00e9s amusantes, interactives et culturelles l\u2019apr\u00e8s-midi. Chaque \u00e9l\u00e8ve sera plac\u00e9 dans une famille d\u2019accueil hospitali\u00e8re. Ind\u00e9pendamment du niveau de portugais, d\u2019\u00e9l\u00e9mentaire \u00e0 avanc\u00e9, ce cours est le choix id\u00e9al pour ceux qui recherchent une exp\u00e9rience unique, \u00e9ducative et culturelle.<\/p>\n<p>Le programme SEE Cours d\u2019\u00c9t\u00e9 assure l\u2019apprentissage des \u00e9l\u00e8ves pendant qu\u2019ils s\u2019amusent et vivent la langue portugaise !<\/p>\n<p><strong>SEE Cours d\u2019\u00c9t\u00e9 <\/strong><\/p>\n<ul>\n<li>Vous ferez de nouveaux amis<\/li>\n<li>Vous apprendrez et vous vivrez l\u2019histoire, la culture et les traditions portugaises<\/li>\n<li>Vous b\u00e9n\u00e9ficierez d\u2019un programme d\u2019activit\u00e9s supervis\u00e9.<\/li>\n<li>Vous serez exceptionnellement encadr\u00e9s<\/li>\n<li>Vous aurez \u00e0 votre disposition des niveaux d\u2019enseignement \u00e9lev\u00e9s<\/li>\n<li>Vous obtiendrez un certificat \u00e0 la fin du cours<\/li>\n<li>Vous disposerez d\u2019un package avec tout frais inclus<\/li>\n<\/ul>\n<p><strong>Infos: <\/strong><\/p>\n<ul>\n<li>\u00c2ge: +8 ans<\/li>\n<li>Nombre d\u2019\u00e9l\u00e8ves par cours : 15 maximum<\/li>\n<li>Niveaux : \u00e9l\u00e9mentaire \u00e0 avanc\u00e9<\/li>\n<li>Nombre de cours : 15 cours par semaine<\/li>\n<li>Programme d\u2019activit\u00e9s : activit\u00e9s interactives l\u2019apr\u00e8s-midi<\/li>\n<li>Dur\u00e9e du cours : 1 semaine minimum<\/li>\n<li>Logement : en familles d\u2019accueil \u2013 pension compl\u00e8te<\/li>\n<\/ul>\n<\/td>\n<\/tr>\n<\/tbody>\n<\/table>\n","protected":false},"excerpt":{"rendered":"<p>SEE Cours d\u2019\u00e9t\u00e9 Au See Learning Center, les \u00e9l\u00e8ves ont l\u2019opportunit\u00e9 d\u2019explorer Lisbonne, la ville aux mille couleurs, de se faire des amis du monde entier et d\u2019\u00eatre compl\u00e8tement immerg\u00e9s dans la culture portugaise, en \u00e9tant log\u00e9s dans une famille d\u2019accueil soigneusement s\u00e9lectionn\u00e9e. Le programme\u00a0 SEE Cours d\u2019\u00c9t\u00e9 consiste en une semaine au minimum, avec [&hellip;]<\/p>\n","protected":false},"author":2,"featured_media":2271,"parent":746,"menu_order":4,"comment_status":"open","ping_status":"closed","template":"","meta":{"footnotes":"","_links_to":"","_links_to_target":""},"_links":{"self":[{"href":"https:\/\/seelearningcenter.pt\/fr\/wp-json\/wp\/v2\/pages\/2264"}],"collection":[{"href":"https:\/\/seelearningcenter.pt\/fr\/wp-json\/wp\/v2\/pages"}],"about":[{"href":"https:\/\/seelearningcenter.pt\/fr\/wp-json\/wp\/v2\/types\/page"}],"author":[{"embeddable":true,"href":"https:\/\/seelearningcenter.pt\/fr\/wp-json\/wp\/v2\/users\/2"}],"replies":[{"embeddable":true,"href":"https:\/\/seelearningcenter.pt\/fr\/wp-json\/wp\/v2\/comments?post=2264"}],"version-history":[{"count":8,"href":"https:\/\/seelearningcenter.pt\/fr\/wp-json\/wp\/v2\/pages\/2264\/revisions"}],"predecessor-version":[{"id":2753,"href":"https:\/\/seelearningcenter.pt\/fr\/wp-json\/wp\/v2\/pages\/2264\/revisions\/2753"}],"up":[{"embeddable":true,"href":"https:\/\/seelearningcenter.pt\/fr\/wp-json\/wp\/v2\/pages\/746"}],"wp:featuredmedia":[{"embeddable":true,"href":"https:\/\/seelearningcenter.pt\/fr\/wp-json\/wp\/v2\/media\/2271"}],"wp:attachment":[{"href":"https:\/\/seelearningcenter.pt\/fr\/wp-json\/wp\/v2\/media?parent=2264"}],"curies":[{"name":"wp","href":"https:\/\/api.w.org\/{rel}","templated":true}]}}