{"id":2249,"date":"2010-09-18T15:11:55","date_gmt":"2010-09-18T19:11:55","guid":{"rendered":"http:\/\/seelearningcenter.pt\/"},"modified":"2010-10-08T18:12:36","modified_gmt":"2010-10-08T22:12:36","slug":"stages","status":"publish","type":"page","link":"https:\/\/seelearningcenter.pt\/fr\/apprentissage-portugais\/stages\/","title":{"rendered":"Stages"},"content":{"rendered":"<p><img loading=\"lazy\" decoding=\"async\" class=\"alignleft size-medium wp-image-1349\" title=\"SITE SEE LC\" src=\"http:\/\/seelearningcenter.pt\/wp-content\/uploads\/2010\/07\/SITE-SEE-LC-186x300.jpg\" alt=\"\" width=\"186\" height=\"300\" srcset=\"https:\/\/seelearningcenter.pt\/wp-content\/uploads\/2010\/07\/SITE-SEE-LC-186x300.jpg 186w, https:\/\/seelearningcenter.pt\/wp-content\/uploads\/2010\/07\/SITE-SEE-LC-638x1024.jpg 638w\" sizes=\"(max-width: 186px) 100vw, 186px\" \/><\/p>\n<p>Le programme <strong>SEE Work Experiences<\/strong> est une excellente fa\u00e7on de renforcer vos comp\u00e9tences communicatives en portugais pendant que vous d\u00e9veloppez vos aptitudes professionnelles.<\/p>\n<p>Nous offrons un ensemble d\u2019options dans diff\u00e9rents domaines comme l\u2019administration, le tourisme, l\u2019h\u00f4tellerie, les ressources humaines, le design et les services sociaux. SEE LEARNING CENTER garantit que la collocation est adapt\u00e9e aux objectifs de carri\u00e8re de chaque \u00e9l\u00e8ve.<\/p>\n<p>Le programme SEE Work Experiences est seulement disponible pour les \u00e9l\u00e8ves qui suivent le cours g\u00e9n\u00e9ral SEE de portugais. Ce cours devra \u00eatre suivi jusqu\u2019\u00e0 l\u2019obtention d\u2019un niveau interm\u00e9diaire en portugais (quatre semaines minimum).<\/p>\n<p>*Les stages ne sont pas r\u00e9mun\u00e9r\u00e9s<\/p>\n","protected":false},"excerpt":{"rendered":"<p>Le programme SEE Work Experiences est une excellente fa\u00e7on de renforcer vos comp\u00e9tences communicatives en portugais pendant que vous d\u00e9veloppez vos aptitudes professionnelles. Nous offrons un ensemble d\u2019options dans diff\u00e9rents domaines comme l\u2019administration, le tourisme, l\u2019h\u00f4tellerie, les ressources humaines, le design et les services sociaux. SEE LEARNING CENTER garantit que la collocation est adapt\u00e9e aux [&hellip;]<\/p>\n","protected":false},"author":2,"featured_media":2253,"parent":746,"menu_order":16,"comment_status":"open","ping_status":"closed","template":"","meta":{"footnotes":"","_links_to":"","_links_to_target":""},"_links":{"self":[{"href":"https:\/\/seelearningcenter.pt\/fr\/wp-json\/wp\/v2\/pages\/2249"}],"collection":[{"href":"https:\/\/seelearningcenter.pt\/fr\/wp-json\/wp\/v2\/pages"}],"about":[{"href":"https:\/\/seelearningcenter.pt\/fr\/wp-json\/wp\/v2\/types\/page"}],"author":[{"embeddable":true,"href":"https:\/\/seelearningcenter.pt\/fr\/wp-json\/wp\/v2\/users\/2"}],"replies":[{"embeddable":true,"href":"https:\/\/seelearningcenter.pt\/fr\/wp-json\/wp\/v2\/comments?post=2249"}],"version-history":[{"count":3,"href":"https:\/\/seelearningcenter.pt\/fr\/wp-json\/wp\/v2\/pages\/2249\/revisions"}],"predecessor-version":[{"id":2840,"href":"https:\/\/seelearningcenter.pt\/fr\/wp-json\/wp\/v2\/pages\/2249\/revisions\/2840"}],"up":[{"embeddable":true,"href":"https:\/\/seelearningcenter.pt\/fr\/wp-json\/wp\/v2\/pages\/746"}],"wp:featuredmedia":[{"embeddable":true,"href":"https:\/\/seelearningcenter.pt\/fr\/wp-json\/wp\/v2\/media\/2253"}],"wp:attachment":[{"href":"https:\/\/seelearningcenter.pt\/fr\/wp-json\/wp\/v2\/media?parent=2249"}],"curies":[{"name":"wp","href":"https:\/\/api.w.org\/{rel}","templated":true}]}}