{"id":2208,"date":"2010-09-18T14:47:33","date_gmt":"2010-09-18T18:47:33","guid":{"rendered":"http:\/\/seelearningcenter.pt\/"},"modified":"2010-09-24T08:05:41","modified_gmt":"2010-09-24T12:05:41","slug":"logement","status":"publish","type":"page","link":"https:\/\/seelearningcenter.pt\/fr\/apprentissage-portugais\/logement\/","title":{"rendered":"Logement"},"content":{"rendered":"<p>Partagez votre quotidien avec une famille s\u00e9lectionn\u00e9e et plongez compl\u00e8tement dans la culture portugaise \u2013 <strong>une maison loin de chez vous<\/strong>.   Toutes les familles sont contr\u00f4l\u00e9es et monitoris\u00e9es, offrant ainsi un   foyer accueillant, en donnant \u00e0 l&rsquo;\u00e9l\u00e8ve l&rsquo;opportunit\u00e9 d&rsquo;am\u00e9liorer son   portugais dans un environnement traditionnel. Les \u00e9l\u00e8ves peuvent choisir   entre une chambre simple ou double et seront les uniques natifs de   leur(s) langue(s), sauf indication contraire.<\/p>\n<table border=\"0\" cellspacing=\"0\" cellpadding=\"0\" width=\"100%\">\n<tbody>\n<tr>\n<td valign=\"top\"><img loading=\"lazy\" decoding=\"async\" src=\"http:\/\/www.seelearningcenter.pt\/images\/cursos_portugues13.jpg\" alt=\"\" width=\"191\" height=\"288\" \/><\/td>\n<td><img loading=\"lazy\" decoding=\"async\" src=\"http:\/\/www.seelearningcenter.pt\/images\/transp.gif\" alt=\"\" width=\"15\" height=\"1\" \/><\/td>\n<td valign=\"top\"><img loading=\"lazy\" decoding=\"async\" src=\"http:\/\/www.seelearningcenter.pt\/images\/cursos_portugues14.jpg\" alt=\"\" width=\"191\" height=\"288\" \/><\/td>\n<td><img loading=\"lazy\" decoding=\"async\" src=\"http:\/\/www.seelearningcenter.pt\/images\/transp.gif\" alt=\"\" width=\"15\" height=\"1\" \/><\/td>\n<td>La famille d&rsquo;accueil ne se trouvera jamais \u00e0 plus de 20 minutes du See Learning Center,<\/p>\n<p>facilement accessible \u00e0 pied ou en transports publics. Les familles  sont majoritairement localis\u00e9es \u00e0 Alfornelos. Cette zone r\u00e9sidentielle  est n\u00e9e il y a un si\u00e8cle, les fermes d&rsquo;antan ayant \u00e9t\u00e9 remplac\u00e9es depuis  lors par des immeubles. C&rsquo;est cette caract\u00e9ristique rurale qui est \u00e0  l&rsquo;origine du nom donn\u00e9 \u00e0 ce quartier : Al-Forner signifie boulanger en  arabe. Au d\u00e9but, il appartenait \u00e0 la commune de Lisbonne, int\u00e9gr\u00e9 dans  le quartier de Benfica. Aujourd&rsquo;hui, cette zone appartient \u00e0 la commune  d&rsquo;Amadora. Bien que ce soit le deuxi\u00e8me plus petit quartier d&rsquo;Amadora,  14305 personnes vivent \u00e0 Alfornelos et c&rsquo;est l&rsquo;une des plus jeunes  populations des alentours.<\/p>\n<p>Les familles d&rsquo;accueil peuvent \u00eatre \u00e9galement localis\u00e9es dans des zones proches, comme Benfica ou Pontinha.<\/td>\n<\/tr>\n<\/tbody>\n<\/table>\n","protected":false},"excerpt":{"rendered":"<p>Partagez votre quotidien avec une famille s\u00e9lectionn\u00e9e et plongez compl\u00e8tement dans la culture portugaise \u2013 une maison loin de chez vous. Toutes les familles sont contr\u00f4l\u00e9es et monitoris\u00e9es, offrant ainsi un foyer accueillant, en donnant \u00e0 l&rsquo;\u00e9l\u00e8ve l&rsquo;opportunit\u00e9 d&rsquo;am\u00e9liorer son portugais dans un environnement traditionnel. Les \u00e9l\u00e8ves peuvent choisir entre une chambre simple ou double [&hellip;]<\/p>\n","protected":false},"author":2,"featured_media":2215,"parent":746,"menu_order":18,"comment_status":"open","ping_status":"closed","template":"","meta":{"footnotes":"","_links_to":"","_links_to_target":""},"_links":{"self":[{"href":"https:\/\/seelearningcenter.pt\/fr\/wp-json\/wp\/v2\/pages\/2208"}],"collection":[{"href":"https:\/\/seelearningcenter.pt\/fr\/wp-json\/wp\/v2\/pages"}],"about":[{"href":"https:\/\/seelearningcenter.pt\/fr\/wp-json\/wp\/v2\/types\/page"}],"author":[{"embeddable":true,"href":"https:\/\/seelearningcenter.pt\/fr\/wp-json\/wp\/v2\/users\/2"}],"replies":[{"embeddable":true,"href":"https:\/\/seelearningcenter.pt\/fr\/wp-json\/wp\/v2\/comments?post=2208"}],"version-history":[{"count":6,"href":"https:\/\/seelearningcenter.pt\/fr\/wp-json\/wp\/v2\/pages\/2208\/revisions"}],"predecessor-version":[{"id":2312,"href":"https:\/\/seelearningcenter.pt\/fr\/wp-json\/wp\/v2\/pages\/2208\/revisions\/2312"}],"up":[{"embeddable":true,"href":"https:\/\/seelearningcenter.pt\/fr\/wp-json\/wp\/v2\/pages\/746"}],"wp:featuredmedia":[{"embeddable":true,"href":"https:\/\/seelearningcenter.pt\/fr\/wp-json\/wp\/v2\/media\/2215"}],"wp:attachment":[{"href":"https:\/\/seelearningcenter.pt\/fr\/wp-json\/wp\/v2\/media?parent=2208"}],"curies":[{"name":"wp","href":"https:\/\/api.w.org\/{rel}","templated":true}]}}