{"id":1748,"date":"2010-09-11T19:52:30","date_gmt":"2010-09-11T23:52:30","guid":{"rendered":"http:\/\/seelearningcenter.pt\/"},"modified":"2010-09-18T12:38:53","modified_gmt":"2010-09-18T16:38:53","slug":"reperes-see","status":"publish","type":"page","link":"https:\/\/seelearningcenter.pt\/fr\/apprentissage-portugais\/reperes-see\/","title":{"rendered":"Rep\u00e8res See"},"content":{"rendered":"<p><a rel=\"attachment wp-att-1197\" href=\"http:\/\/seelearningcenter.pt\/learning-portuguese-ple\/see-highlights\/attachment\/img_see_hilights\/\"><img loading=\"lazy\" decoding=\"async\" class=\"alignleft size-full wp-image-1197\" title=\"img_see_hilights\" src=\"http:\/\/seelearningcenter.pt\/wp-content\/uploads\/2010\/07\/img_see_hilights.jpg\" alt=\"\" width=\"288\" height=\"429\" srcset=\"https:\/\/seelearningcenter.pt\/wp-content\/uploads\/2010\/07\/img_see_hilights.jpg 288w, https:\/\/seelearningcenter.pt\/wp-content\/uploads\/2010\/07\/img_see_hilights-201x300.jpg 201w\" sizes=\"(max-width: 288px) 100vw, 288px\" \/><\/a><br \/>\n<span class=\"destaques\">1.<\/span> M\u00e9thodologie d\u2019enseignement accompagn\u00e9<\/p>\n<p><span class=\"destaques\">2.<\/span> Apprentissage dans un environnement accueillant et multiculturel<\/p>\n<p><span class=\"destaques\">3.<\/span> \u00c9quipe de professeurs de portugais exp\u00e9riment\u00e9s<\/p>\n<p><span class=\"destaques\">4.<\/span> Accompagnement permanent et personnalis\u00e9<\/p>\n<p><span class=\"destaques\">5.<\/span> Excellente localisation et acc\u00e8s facilit\u00e9s<\/p>\n<p><span class=\"destaques\">6.<\/span> Prix comp\u00e9titifs<\/p>\n<p><span class=\"destaques\">7.<\/span> Activit\u00e9s culturelles et ludiques<\/p>\n<p><span class=\"destaques\">8.<\/span> Proche de la mer (Costa da Caparica)<\/p>\n<p><span class=\"destaques\">9.<\/span> Familles d\u2019accueil hospitali\u00e8res<\/p>\n<p><span class=\"destaques\">10.<\/span> Combinaison personnelle de tradition et d\u2019innovation<\/p>\n<p><span class=\"destaques_red\">Professeurs et M\u00e9thodologie<\/span><\/p>\n<p>Avec une m\u00e9thodologie d\u2019enseignement confirm\u00e9e par une exp\u00e9rience de plus de vingt ans, See Learning Center est fier du niveau d\u2019excellence de ses cours en groupe et cours particuliers ainsi que de ses excursions attractives et flexibles.<\/p>\n<p>Les professeurs de portugais sont tous natifs et dipl\u00f4m\u00e9s universitaires, venant d\u2019institutions reconnues par le Minist\u00e8re de la Science, de la Technologie et de l\u2019Enseignement Sup\u00e9rieur. Ils poss\u00e8dent tous la formation p\u00e9dagogique qui leur permet de donner des cours de Portugais Langue \u00c9trang\u00e8re et Seconde.<\/p>\n","protected":false},"excerpt":{"rendered":"<p>1. M\u00e9thodologie d\u2019enseignement accompagn\u00e9 2. Apprentissage dans un environnement accueillant et multiculturel 3. \u00c9quipe de professeurs de portugais exp\u00e9riment\u00e9s 4. Accompagnement permanent et personnalis\u00e9 5. Excellente localisation et acc\u00e8s facilit\u00e9s 6. Prix comp\u00e9titifs 7. Activit\u00e9s culturelles et ludiques 8. Proche de la mer (Costa da Caparica) 9. Familles d\u2019accueil hospitali\u00e8res 10. Combinaison personnelle de tradition [&hellip;]<\/p>\n","protected":false},"author":2,"featured_media":2177,"parent":746,"menu_order":12,"comment_status":"open","ping_status":"closed","template":"","meta":{"footnotes":"","_links_to":"","_links_to_target":""},"_links":{"self":[{"href":"https:\/\/seelearningcenter.pt\/fr\/wp-json\/wp\/v2\/pages\/1748"}],"collection":[{"href":"https:\/\/seelearningcenter.pt\/fr\/wp-json\/wp\/v2\/pages"}],"about":[{"href":"https:\/\/seelearningcenter.pt\/fr\/wp-json\/wp\/v2\/types\/page"}],"author":[{"embeddable":true,"href":"https:\/\/seelearningcenter.pt\/fr\/wp-json\/wp\/v2\/users\/2"}],"replies":[{"embeddable":true,"href":"https:\/\/seelearningcenter.pt\/fr\/wp-json\/wp\/v2\/comments?post=1748"}],"version-history":[{"count":5,"href":"https:\/\/seelearningcenter.pt\/fr\/wp-json\/wp\/v2\/pages\/1748\/revisions"}],"predecessor-version":[{"id":2179,"href":"https:\/\/seelearningcenter.pt\/fr\/wp-json\/wp\/v2\/pages\/1748\/revisions\/2179"}],"up":[{"embeddable":true,"href":"https:\/\/seelearningcenter.pt\/fr\/wp-json\/wp\/v2\/pages\/746"}],"wp:featuredmedia":[{"embeddable":true,"href":"https:\/\/seelearningcenter.pt\/fr\/wp-json\/wp\/v2\/media\/2177"}],"wp:attachment":[{"href":"https:\/\/seelearningcenter.pt\/fr\/wp-json\/wp\/v2\/media?parent=1748"}],"curies":[{"name":"wp","href":"https:\/\/api.w.org\/{rel}","templated":true}]}}