{"id":1707,"date":"2010-09-10T23:35:48","date_gmt":"2010-09-11T03:35:48","guid":{"rendered":"http:\/\/seelearningcenter.pt\/"},"modified":"2010-10-17T17:10:03","modified_gmt":"2010-10-17T21:10:03","slug":"faq","status":"publish","type":"page","link":"https:\/\/seelearningcenter.pt\/fr\/apprentissage-portugais\/faq\/","title":{"rendered":"FAQ"},"content":{"rendered":"<div class=\"faq_question\">\n<h4>Quelle est la taille des groupes ?<\/h4>\n<p>Les groupes auront au maximum 8 \u00e9l\u00e8ves, chaque \u00e9tudiant recevant ainsi un accompagnement personnalis\u00e9 de la part du professeur.<\/p>\n<\/div>\n<div class=\"faq_question\">\n<h4>Combien de niveaux existe-t-il?<\/h4>\n<p>Il existe 6 niveaux qui vont du niveau Initial  au niveau Avanc\u00e9<\/p>\n<\/div>\n<div class=\"faq_question\">\n<h4>Quelle est la localisation du See Learning Center?<\/h4>\n<p>Le See Learning Center est localis\u00e9 pr\u00e8s de la sortie de m\u00e9tro \u00ab Alfornelos \u00bb, dans un quartier r\u00e9sidentiel et familial \u00e0 la p\u00e9riph\u00e9rie de Lisbonne (qu\u2019on appelle Le Grand Lisbonne). Il dispose de salles de cours modernes, confortables et totalement \u00e9quip\u00e9es.<\/p>\n<\/div>\n<div class=\"faq_question\">\n<h4>Quand commencent les cours ?<\/h4>\n<p>Tous les lundis, sauf jours f\u00e9ri\u00e9s.<\/p>\n<\/div>\n<div class=\"faq_question\">\n<h4>Comment puis-je m\u2019inscrire ?<\/h4>\n<p>En premier lieu, il faut remplir la Fiche de Candidature et effectuer le paiement de la somme relative \u00e0 l\u2019inscription. Ensuite, vous recevrez une lettre qui confirme l\u2019inscription et qui vous informe des conditions de paiement. Sachez que le paiement du cours doit \u00eatre effectu\u00e9 au moins 4 semaines avant le d\u00e9but de celui-ci. Il ne sera pas permis aux \u00e9l\u00e8ves de commencer le cours sans que la totalit\u00e9 du paiement soit confirm\u00e9e.<\/p>\n<\/div>\n<div class=\"faq_question\">\n<h4>Ai-je besoin d\u2019un visa ?<\/h4>\n<p>Les \u00e9l\u00e8ves venant des \u00c9tats Membres de l\u2019Union Europ\u00e9enne n\u2019ont pas besoin de visa pour entrer au Portugal. Les \u00e9l\u00e8ves venant des \u00c9tats non Membres de l\u2019Union Europ\u00e9enne doivent s\u2019informer aupr\u00e8s de l\u2019Ambassade ou Consulat de Portugal le plus proche, sur la meilleure fa\u00e7on d\u2019obtenir un visa d\u2019\u00e9tudiant et ils sont enti\u00e8rement responsables des d\u00e9marches pour l\u2019obtention de ce visa. Le See Learning Center, quant \u00e0 lui, assurera l\u2019envoi de la Lettre de Confirmation \u00e0 tous les \u00e9l\u00e8ves qui le demandent dans l\u2019objectif d\u2019obtenir le visa d\u2019\u00e9tudiant.<\/p>\n<\/div>\n<div class=\"faq_question\">\n<h4>Qu\u2019arrivera-t-il si ma demande de visa est refus\u00e9e ?<\/h4>\n<p>Dans ce cas, vous devrez nous envoyer une copie conforme de la Lettre de Refus \u00e9mise par le Consulat de Portugal o\u00f9 a \u00e9t\u00e9 demand\u00e9 le visa, avec l\u2019original de la Lettre de Confirmation de fa\u00e7on \u00e0 ce que nous remboursions totalement de tous les paiements effectu\u00e9s jusqu\u2019alors. Cependant, il n\u2019y aura de remboursement que si l\u2019annulation se fait au minimum 14 jours avant le d\u00e9but du cours. Si l\u2019annulation est faite apr\u00e8s cette limite, il sera factur\u00e9 des frais d\u2019annulation seront factur\u00e9s.<\/p>\n<\/div>\n<div class=\"faq_question\">\n<h4>Quelle est la r\u00e8gle la plus importante au See Learning Center ?<\/h4>\n<p>\u00c0 l\u2019int\u00e9rieur des installations du Centre, il n\u2019est pas permis aux \u00e9l\u00e8ves de parler d\u2019autres langues que le portugais pendant le cours, ni juste avant, ni juste apr\u00e8s. Lors du premier jour de cours, tous les \u00e9l\u00e8ves signeront un contrat o\u00f9 ils donnent leur accord pour la communication dans la langue \u00e9tudi\u00e9e.<\/p>\n<\/div>\n<div class=\"faq_question\">\n<h4>Quel type de logement recommandez-vous ?<\/h4>\n<p>La plupart des \u00e9l\u00e8ves choisissent de vivre avec une famille d\u2019accueil. Le s\u00e9jour en r\u00e9sidences familiales est la meilleure option pour les raisons suivantes :<br \/>\n&#8211; En pratiquant la langue avec la famille d\u2019accueil, vous apprendrez plus rapidement le portugais.<br \/>\n&#8211; Cette solution est moins ch\u00e8re et plus s\u00fbre.<br \/>\n&#8211; Cette solution vous permettra d\u2019apprendre beaucoup plus sur le Portugal et sur la culture portugaise.<\/p>\n<\/div>\n<div class=\"faq_question\">\n<h4>Combien de temps durera mon apprentissage du portugais ?<\/h4>\n<p>Tous les \u00e9l\u00e8ves sont diff\u00e9rents. Certains \u00e9l\u00e8ves apprennent tr\u00e8s rapidement alors que d\u2019autres prennent plus de temps. Si vous voulez avancer rapidement, vous devrez \u00e9tudier au moins pendant 3 mois. La moyenne de temps pour l\u2019\u00e9tude du portugais au See Learning Center se situe environ entre 3 et 6 mois.<\/p>\n<\/div>\n<div class=\"faq_question\">\n<h4>Recevrai-je un certificat ?<\/h4>\n<p>Les \u00e9tudiants doivent assister \u00e0, au moins, 85% des cours pour obtenir leur certificat. Notez qu\u2019il est demand\u00e9 aux \u00e9tudiants d\u2019assister \u00e0 tous les cours, \u00eatre ponctuels et polis. Les professeurs peuvent refuser l\u2019entr\u00e9e \u00e0 des \u00e9tudiants qui arrivent 10 minutes apr\u00e8s le d\u00e9but du cours. \u00c0 chaque fois que l\u2019\u00e9l\u00e8ve d\u00e9sire s\u2019absenter d\u2019un ou plusieurs cours, ou \u00e0 chaque fois qu\u2019il s\u2019absente pour maladie, il devra communiquer, imm\u00e9diatement et par t\u00e9l\u00e9phone, le motif de son absence \u00e0 l\u2019\u00e9cole.<\/p>\n<\/div>\n<div class=\"faq_question\">\n<h4>Ai-je besoin d\u2019une assurance-sant\u00e9 ?<\/h4>\n<p>Oui. Les \u00e9tudiants ne sont pas assur\u00e9s par le See Learning Center ou par la famille d\u2019accueil contre les maladies, soins dentaires ou perte d\u2019objets personnels. Pour cette raison, l\u2019\u00e9cole n\u2019assume aucune responsabilit\u00e9 en cas de situations de ce type. Les \u00e9tudiants venant des \u00c9tats membres de l\u2019UE doivent \u00eatre en possession de leur carte d\u2019assurance maladie; ceux venant des \u00c9tats non membres doivent contracter une assurance-sant\u00e9. Les \u00e9l\u00e8ves sont responsables de toutes les d\u00e9penses relatives aux traitements m\u00e9dicaux re\u00e7us au Portugal.<\/p>\n<\/div>\n<div class=\"faq_question\">\n<h4>Puis-je changer de programme d\u2019apprentissage ?<\/h4>\n<p>Les \u00e9l\u00e8ves peuvent \u00eatre transf\u00e9r\u00e9s vers une autre modalit\u00e9 de cours PLE \u00e0 partir du moment o\u00f9 celle-ci pr\u00e9sente encore des places vacantes. Les \u00e9l\u00e8ves qui optent pour le transfert du programme d\u2019apprentissage choisi initialement pour un autre dont le co\u00fbt se pr\u00e9sente plus \u00e9lev\u00e9, devront payer l\u2019exc\u00e9dent au moment de la demande de changement.<\/p>\n<\/div>\n<div class=\"faq_question\">\n<h4>Est-il possible de b\u00e9n\u00e9ficier d\u2019un r\u00e9gime alimentaire sp\u00e9cial ?<\/h4>\n<p>Certains \u00e9l\u00e8ves du See Learning Center ont un r\u00e9gime alimentaire sp\u00e9cial. Pour cette raison et quand il faut que la famille d\u2019accueil ach\u00e8te des biens alimentaires qui ne sont pas habituels, le See Learning Center effectuera la facturation de ceux-ci, si ces derniers correspondent \u00e0 un r\u00e9gime alimentaire sp\u00e9cifique.<\/p>\n<\/div>\n<div class=\"faq_question\">\n<h4>Apr\u00e8s le d\u00e9but du programme d\u2019apprentissage, quelles sont les conditions d\u2019annulation ?<\/h4>\n<p>Des frais d\u2019annulation &#8211; correspondant \u00e0 une semaine de cours &#8211; seront factur\u00e9s. La valeur exc\u00e9dante sera rembours\u00e9e. Aucune somme relative \u00e0 des remboursements sera transf\u00e9r\u00e9e \u00e1 un autre \u00e9l\u00e8ve. Si l\u2019\u00e9l\u00e8ve d\u00e9sire suspendre, pour raisons de vacances, la fr\u00e9quentation des cours pendant une p\u00e9riode de 1 \u00e0 2 semaines, il devra formaliser sa demande par le biais d\u2019une note de pr\u00e9avis pr\u00e9sent\u00e9e par \u00e9crit au See Learning Center et avec une ant\u00e9c\u00e9dence de 2 semaines minimum. \u00c0 la fin du cours, les \u00e9l\u00e8ves auront droit \u00e0 b\u00e9n\u00e9ficier du temps de cours \u00e9quivalent au temps de la suspension. Une taxe administrative sera factur\u00e9e pour tous les changements qui surviendront, dans le courant de la formation, par rapport \u00e0 ce qui a \u00e9t\u00e9 initialement convenu.<\/p>\n<\/div>\n","protected":false},"excerpt":{"rendered":"<p>Quelle est la taille des groupes ? Les groupes auront au maximum 8 \u00e9l\u00e8ves, chaque \u00e9tudiant recevant ainsi un accompagnement personnalis\u00e9 de la part du professeur. Combien de niveaux existe-t-il? Il existe 6 niveaux qui vont du niveau Initial au niveau Avanc\u00e9 Quelle est la localisation du See Learning Center? Le See Learning Center est [&hellip;]<\/p>\n","protected":false},"author":2,"featured_media":2183,"parent":746,"menu_order":20,"comment_status":"open","ping_status":"closed","template":"page-faqs.php","meta":{"footnotes":"","_links_to":"","_links_to_target":""},"class_list":["post-1707","page","type-page","status-publish","has-post-thumbnail","hentry"],"_links":{"self":[{"href":"https:\/\/seelearningcenter.pt\/fr\/wp-json\/wp\/v2\/pages\/1707","targetHints":{"allow":["GET"]}}],"collection":[{"href":"https:\/\/seelearningcenter.pt\/fr\/wp-json\/wp\/v2\/pages"}],"about":[{"href":"https:\/\/seelearningcenter.pt\/fr\/wp-json\/wp\/v2\/types\/page"}],"author":[{"embeddable":true,"href":"https:\/\/seelearningcenter.pt\/fr\/wp-json\/wp\/v2\/users\/2"}],"replies":[{"embeddable":true,"href":"https:\/\/seelearningcenter.pt\/fr\/wp-json\/wp\/v2\/comments?post=1707"}],"version-history":[{"count":6,"href":"https:\/\/seelearningcenter.pt\/fr\/wp-json\/wp\/v2\/pages\/1707\/revisions"}],"predecessor-version":[{"id":2996,"href":"https:\/\/seelearningcenter.pt\/fr\/wp-json\/wp\/v2\/pages\/1707\/revisions\/2996"}],"up":[{"embeddable":true,"href":"https:\/\/seelearningcenter.pt\/fr\/wp-json\/wp\/v2\/pages\/746"}],"wp:featuredmedia":[{"embeddable":true,"href":"https:\/\/seelearningcenter.pt\/fr\/wp-json\/wp\/v2\/media\/2183"}],"wp:attachment":[{"href":"https:\/\/seelearningcenter.pt\/fr\/wp-json\/wp\/v2\/media?parent=1707"}],"curies":[{"name":"wp","href":"https:\/\/api.w.org\/{rel}","templated":true}]}}