{"id":1674,"date":"2010-09-10T22:40:01","date_gmt":"2010-09-11T02:40:01","guid":{"rendered":"http:\/\/seelearningcenter.pt\/"},"modified":"2010-09-18T16:04:01","modified_gmt":"2010-09-18T20:04:01","slug":"savez-vous-que","status":"publish","type":"page","link":"https:\/\/seelearningcenter.pt\/fr\/apprentissage-portugais\/savez-vous-que\/","title":{"rendered":"Savez-vous que \u2026"},"content":{"rendered":"<p><img loading=\"lazy\" decoding=\"async\" class=\"alignleft size-full wp-image-1646\" title=\"sabia_que\" src=\"http:\/\/seelearningcenter.pt\/wp-content\/uploads\/2010\/09\/sabia_que.jpg\" alt=\"\" width=\"350\" height=\"237\" srcset=\"https:\/\/seelearningcenter.pt\/wp-content\/uploads\/2010\/09\/sabia_que.jpg 350w, https:\/\/seelearningcenter.pt\/wp-content\/uploads\/2010\/09\/sabia_que-300x203.jpg 300w\" sizes=\"(max-width: 350px) 100vw, 350px\" \/><\/p>\n<ul class=\"right_ul\" type=\"disc\">\n<li>Les Cours See Portugais Langue \u00c9trang\u00e8re sont des cours qui ont pour objectif la promotion de la langue et culture portugaises et qui d\u00e9sirent former des personnes allophones dans le domaine de la langue portugaise comme renforcer la ma\u00eetrise de cette langue chez des personnes originaires des pays o\u00f9 le portugais est langue officielle ?<\/li>\n<li>Les groupes auront un maximum de 8 \u00e9l\u00e8ves pour permettre \u00e0 chaque \u00e9tudiant de recevoir un accompagnement personnalis\u00e9 de la part du professeur ?<\/li>\n<li>Il existe 6 niveaux qui vont du niveau Initial au niveau Avanc\u00e9 ?<\/li>\n<li>Les cours commencent tous les lundis, sauf jours de vacances et jours f\u00e9ri\u00e9s ?<\/li>\n<li>La dur\u00e9e minimum du cours est d\u2019une semaine mais celui-ci peut durer autant de temps que l\u2019\u00e9l\u00e8ve le d\u00e9sire, ce dernier ayant ainsi la possibilit\u00e9 de g\u00e9rer ses heures d\u2019\u00e9tude suivant sa disponibilit\u00e9 et ses objectifs ?<\/li>\n<li>Le See Learning Center dispose de salles de cours modernes, confortables et totalement \u00e9quip\u00e9es et l\u2019un de ses centres est localis\u00e9 pr\u00e8s de la sortie de m\u00e9tro \u00ab Alfornelos \u00bb (Alfornelos \u2013 Amadora Est), un quartier familier dans une zone limitrophe de Lisbonne ?<\/li>\n<\/ul>\n","protected":false},"excerpt":{"rendered":"<p>Les Cours See Portugais Langue \u00c9trang\u00e8re sont des cours qui ont pour objectif la promotion de la langue et culture portugaises et qui d\u00e9sirent former des personnes allophones dans le domaine de la langue portugaise comme renforcer la ma\u00eetrise de cette langue chez des personnes originaires des pays o\u00f9 le portugais est langue officielle ? [&hellip;]<\/p>\n","protected":false},"author":2,"featured_media":2182,"parent":746,"menu_order":22,"comment_status":"open","ping_status":"closed","template":"","meta":{"footnotes":"","_links_to":"","_links_to_target":""},"_links":{"self":[{"href":"https:\/\/seelearningcenter.pt\/fr\/wp-json\/wp\/v2\/pages\/1674"}],"collection":[{"href":"https:\/\/seelearningcenter.pt\/fr\/wp-json\/wp\/v2\/pages"}],"about":[{"href":"https:\/\/seelearningcenter.pt\/fr\/wp-json\/wp\/v2\/types\/page"}],"author":[{"embeddable":true,"href":"https:\/\/seelearningcenter.pt\/fr\/wp-json\/wp\/v2\/users\/2"}],"replies":[{"embeddable":true,"href":"https:\/\/seelearningcenter.pt\/fr\/wp-json\/wp\/v2\/comments?post=1674"}],"version-history":[{"count":4,"href":"https:\/\/seelearningcenter.pt\/fr\/wp-json\/wp\/v2\/pages\/1674\/revisions"}],"predecessor-version":[{"id":2333,"href":"https:\/\/seelearningcenter.pt\/fr\/wp-json\/wp\/v2\/pages\/1674\/revisions\/2333"}],"up":[{"embeddable":true,"href":"https:\/\/seelearningcenter.pt\/fr\/wp-json\/wp\/v2\/pages\/746"}],"wp:featuredmedia":[{"embeddable":true,"href":"https:\/\/seelearningcenter.pt\/fr\/wp-json\/wp\/v2\/media\/2182"}],"wp:attachment":[{"href":"https:\/\/seelearningcenter.pt\/fr\/wp-json\/wp\/v2\/media?parent=1674"}],"curies":[{"name":"wp","href":"https:\/\/api.w.org\/{rel}","templated":true}]}}